 {"id":781,"date":"2023-09-19T16:14:50","date_gmt":"2023-09-19T14:14:50","guid":{"rendered":"https:\/\/helexproject.eu\/startseite\/"},"modified":"2024-05-23T13:56:51","modified_gmt":"2024-05-23T11:56:51","slug":"startseite","status":"publish","type":"page","link":"https:\/\/helexproject.eu\/de\/","title":{"rendered":"Startseite"},"content":{"rendered":"\t\t<div data-elementor-type=\"wp-page\" data-elementor-id=\"781\" class=\"elementor elementor-781 elementor-21\" data-elementor-post-type=\"page\">\n\t\t\t\t<div class=\"elementor-element elementor-element-f2182db e-con-full e-flex e-con e-parent\" data-id=\"f2182db\" data-element_type=\"container\" data-e-type=\"container\" data-settings=\"{&quot;background_background&quot;:&quot;classic&quot;}\">\n\t\t\t\t<div class=\"elementor-element elementor-element-d8e052f elementor-widget elementor-widget-heading\" data-id=\"d8e052f\" data-element_type=\"widget\" data-e-type=\"widget\" data-widget_type=\"heading.default\">\n\t\t\t\t<div class=\"elementor-widget-container\">\n\t\t\t\t\t<h1 class=\"elementor-heading-title elementor-size-default\">Eine neue Generation<br>\nvon Sonnenblumen <br>f\u00fcr den Klimawandel<\/h1>\t\t\t\t<\/div>\n\t\t\t\t<\/div>\n\t\t\t\t<\/div>\n\t\t<div class=\"elementor-element elementor-element-e016201 e-flex e-con-boxed e-con e-parent\" data-id=\"e016201\" data-element_type=\"container\" data-e-type=\"container\" data-settings=\"{&quot;background_background&quot;:&quot;classic&quot;,&quot;background_motion_fx_motion_fx_scrolling&quot;:&quot;yes&quot;,&quot;background_motion_fx_devices&quot;:[&quot;desktop&quot;,&quot;tablet&quot;,&quot;mobile&quot;]}\">\n\t\t\t\t\t<div class=\"e-con-inner\">\n\t\t\t\t<div class=\"elementor-element elementor-element-a89935f elementor-widget elementor-widget-heading\" data-id=\"a89935f\" data-element_type=\"widget\" data-e-type=\"widget\" data-widget_type=\"heading.default\">\n\t\t\t\t<div class=\"elementor-widget-container\">\n\t\t\t\t\t<h2 class=\"elementor-heading-title elementor-size-default\">HelEx<\/h2>\t\t\t\t<\/div>\n\t\t\t\t<\/div>\n\t\t\t\t<div class=\"elementor-element elementor-element-8053c6a elementor-widget__width-initial elementor-widget-mobile__width-inherit elementor-widget elementor-widget-text-editor\" data-id=\"8053c6a\" data-element_type=\"widget\" data-e-type=\"widget\" data-widget_type=\"text-editor.default\">\n\t\t\t\t<div class=\"elementor-widget-container\">\n\t\t\t\t\t\t\t\t\t<p>Ziel von HelEx ist es, Wissen und Instrumente zu erarbeiten, mit denen die Z\u00fcchtung von Sonnenblumensorten, die an extremen Trockenheits- und Hitzestress angepasst sind, beschleunigt und ihre Umweltauswirkungen und wirtschaftlichen Ertr\u00e4ge bewertet werden k\u00f6nnen.<\/p><\/p>\n\t\t\t\t\t\t\t\t<\/div>\n\t\t\t\t<\/div>\n\t\t\t\t<div class=\"elementor-element elementor-element-8e24ac7 elementor-widget__width-initial elementor-widget elementor-widget-video\" data-id=\"8e24ac7\" data-element_type=\"widget\" data-e-type=\"widget\" data-settings=\"{&quot;youtube_url&quot;:&quot;https:\\\/\\\/www.youtube.com\\\/watch?v=9XU_KVXtscA&quot;,&quot;video_type&quot;:&quot;youtube&quot;,&quot;controls&quot;:&quot;yes&quot;}\" data-widget_type=\"video.default\">\n\t\t\t\t<div class=\"elementor-widget-container\">\n\t\t\t\t\t\t\t<div class=\"elementor-wrapper elementor-open-inline\">\n\t\t\t<div class=\"elementor-video\"><\/div>\t\t<\/div>\n\t\t\t\t\t\t<\/div>\n\t\t\t\t<\/div>\n\t\t\t\t<div class=\"elementor-element elementor-element-84f0c6d elementor-align-center elementor-widget elementor-widget-button\" data-id=\"84f0c6d\" data-element_type=\"widget\" data-e-type=\"widget\" data-widget_type=\"button.default\">\n\t\t\t\t<div class=\"elementor-widget-container\">\n\t\t\t\t\t\t\t\t\t<div class=\"elementor-button-wrapper\">\n\t\t\t\t\t<a class=\"elementor-button elementor-button-link elementor-size-sm\" href=\"https:\/\/helexproject.eu\/de\/das-helex-projekt\/\">\n\t\t\t\t\t\t<span class=\"elementor-button-content-wrapper\">\n\t\t\t\t\t\t<span class=\"elementor-button-icon\">\n\t\t\t\t<i aria-hidden=\"true\" class=\"fas fa-caret-right\"><\/i>\t\t\t<\/span>\n\t\t\t\t\t\t\t\t\t<span class=\"elementor-button-text\">Entdecken Sie HelEx<\/span>\n\t\t\t\t\t<\/span>\n\t\t\t\t\t<\/a>\n\t\t\t\t<\/div>\n\t\t\t\t\t\t\t\t<\/div>\n\t\t\t\t<\/div>\n\t\t\t\t\t<\/div>\n\t\t\t\t<\/div>\n\t\t<div class=\"elementor-element elementor-element-9be2124 e-flex e-con-boxed e-con e-parent\" data-id=\"9be2124\" data-element_type=\"container\" data-e-type=\"container\">\n\t\t\t\t\t<div class=\"e-con-inner\">\n\t\t\t\t<div class=\"elementor-element elementor-element-ef5e20c elementor-widget elementor-widget-heading\" data-id=\"ef5e20c\" data-element_type=\"widget\" data-e-type=\"widget\" data-widget_type=\"heading.default\">\n\t\t\t\t<div class=\"elementor-widget-container\">\n\t\t\t\t\t<h2 class=\"elementor-heading-title elementor-size-default\">Mehr \u00fcber HelEx<\/h2>\t\t\t\t<\/div>\n\t\t\t\t<\/div>\n\t\t\t\t\t<\/div>\n\t\t\t\t<\/div>\n\t\t<div class=\"elementor-element elementor-element-cbd17ae e-flex e-con-boxed e-con e-parent\" data-id=\"cbd17ae\" data-element_type=\"container\" data-e-type=\"container\">\n\t\t\t\t\t<div class=\"e-con-inner\">\n\t\t<a class=\"elementor-element elementor-element-51e1f18 e-con-full e-flex e-con e-child\" data-id=\"51e1f18\" data-element_type=\"container\" data-e-type=\"container\" data-settings=\"{&quot;background_background&quot;:&quot;classic&quot;}\" href=\"https:\/\/helexproject.eu\/partners\/\">\n\t\t\t\t<div class=\"elementor-element elementor-element-e2b763b elementor-widget elementor-widget-heading\" data-id=\"e2b763b\" data-element_type=\"widget\" data-e-type=\"widget\" data-widget_type=\"heading.default\">\n\t\t\t\t<div class=\"elementor-widget-container\">\n\t\t\t\t\t<h2 class=\"elementor-heading-title elementor-size-default\">Partner<\/h2>\t\t\t\t<\/div>\n\t\t\t\t<\/div>\n\t\t\t\t<\/a>\n\t\t<a class=\"elementor-element elementor-element-57cdc0c e-con-full e-flex e-con e-child\" data-id=\"57cdc0c\" data-element_type=\"container\" data-e-type=\"container\" data-settings=\"{&quot;background_background&quot;:&quot;classic&quot;}\" href=\"https:\/\/helexproject.eu\/press\/\">\n\t\t\t\t<div class=\"elementor-element elementor-element-60f2946 elementor-widget elementor-widget-heading\" data-id=\"60f2946\" data-element_type=\"widget\" data-e-type=\"widget\" data-widget_type=\"heading.default\">\n\t\t\t\t<div class=\"elementor-widget-container\">\n\t\t\t\t\t<h2 class=\"elementor-heading-title elementor-size-default\">Kommunikation <br>und Verbreitung<\/h2>\t\t\t\t<\/div>\n\t\t\t\t<\/div>\n\t\t\t\t<\/a>\n\t\t<a class=\"elementor-element elementor-element-c65ad14 e-con-full e-flex e-con e-child\" data-id=\"c65ad14\" data-element_type=\"container\" data-e-type=\"container\" data-settings=\"{&quot;background_background&quot;:&quot;classic&quot;}\" href=\"https:\/\/helexproject.eu\/fr\/activites\/\">\n\t\t\t\t<div class=\"elementor-element elementor-element-5317c30 elementor-widget elementor-widget-heading\" data-id=\"5317c30\" data-element_type=\"widget\" data-e-type=\"widget\" data-widget_type=\"heading.default\">\n\t\t\t\t<div class=\"elementor-widget-container\">\n\t\t\t\t\t<h2 class=\"elementor-heading-title elementor-size-default\">Aktivit\u00e4ten<\/h2>\t\t\t\t<\/div>\n\t\t\t\t<\/div>\n\t\t\t\t<\/a>\n\t\t\t\t\t<\/div>\n\t\t\t\t<\/div>\n\t\t<div class=\"elementor-element elementor-element-49744cd e-flex e-con-boxed e-con e-parent\" data-id=\"49744cd\" data-element_type=\"container\" data-e-type=\"container\">\n\t\t\t\t\t<div class=\"e-con-inner\">\n\t\t<div class=\"elementor-element elementor-element-d1bf79b e-con-full e-flex e-con e-child\" data-id=\"d1bf79b\" data-element_type=\"container\" data-e-type=\"container\" data-settings=\"{&quot;background_background&quot;:&quot;classic&quot;}\">\n\t\t\t\t<div class=\"elementor-element elementor-element-477d487 elementor-widget elementor-widget-heading\" data-id=\"477d487\" data-element_type=\"widget\" data-e-type=\"widget\" data-widget_type=\"heading.default\">\n\t\t\t\t<div class=\"elementor-widget-container\">\n\t\t\t\t\t<h2 class=\"elementor-heading-title elementor-size-default\">Warum HelEx? <\/h2>\t\t\t\t<\/div>\n\t\t\t\t<\/div>\n\t\t\t\t<div class=\"elementor-element elementor-element-ccbdc69 elementor-widget elementor-widget-text-editor\" data-id=\"ccbdc69\" data-element_type=\"widget\" data-e-type=\"widget\" data-widget_type=\"text-editor.default\">\n\t\t\t\t<div class=\"elementor-widget-container\">\n\t\t\t\t\t\t\t\t\t<p>Dieses Projekt entsteht in einem \u00f6kologischen Kontext, in dem der Klimawandel bereits erhebliche Auswirkungen auf die Produktion und die Qualit\u00e4t von Sonnenblumensaatgut hat, mit m\u00f6glichen Ertragsminderungen von -20 % bis -50 % je nach Region in Europa<sup>1<\/sup>.<\/p><p>Das Hauptziel dieses Projekts ist es, extremophile Arten von wilden Helianthus, der Gruppe der Sonnenblumen und Topinambur, zu nutzen, um Sonnenblumensorten zu z\u00fcchten, die widerstandsf\u00e4higer gegen die Auswirkungen der globalen Erw\u00e4rmung sind, insbesondere gegen Trockenheit und hohe Temperaturen.<\/p><p>In den letzten 15 Jahren wurde das Genom der Sonnenblume umfassend entschl\u00fcsselt und die Gene identifiziert, die es den Sorten erm\u00f6glichen, auf Stress zu reagieren und die Auswirkungen auf den Ertrag zu verstehen. Allerdings ist nur sehr wenig \u00fcber die Auswirkungen des Klimawandels auf die \u00d6kosystemleistungen von Best\u00e4ubern wie die Pollen- und<\/p><p><em>1 Moriondo et al., 2010 Mitigation and Adaptation Strategies for Global Change. Impact and adaptation opportunities for European agriculture in response to climatic change and variability.<\/em><\/p><p>\u00a0<\/p>\t\t\t\t\t\t\t\t<\/div>\n\t\t\t\t<\/div>\n\t\t\t\t<div class=\"elementor-element elementor-element-b421266 elementor-align-right elementor-widget elementor-widget-button\" data-id=\"b421266\" data-element_type=\"widget\" data-e-type=\"widget\" data-widget_type=\"button.default\">\n\t\t\t\t<div class=\"elementor-widget-container\">\n\t\t\t\t\t\t\t\t\t<div class=\"elementor-button-wrapper\">\n\t\t\t\t\t<a class=\"elementor-button elementor-button-link elementor-size-sm\" href=\"https:\/\/helexproject.eu\/fr\/le-projet-helex\/\">\n\t\t\t\t\t\t<span class=\"elementor-button-content-wrapper\">\n\t\t\t\t\t\t<span class=\"elementor-button-icon\">\n\t\t\t\t<i aria-hidden=\"true\" class=\"fas fa-caret-right\"><\/i>\t\t\t<\/span>\n\t\t\t\t\t\t\t\t\t<span class=\"elementor-button-text\">Entdecken Sie HelEx<\/span>\n\t\t\t\t\t<\/span>\n\t\t\t\t\t<\/a>\n\t\t\t\t<\/div>\n\t\t\t\t\t\t\t\t<\/div>\n\t\t\t\t<\/div>\n\t\t\t\t<\/div>\n\t\t<div class=\"elementor-element elementor-element-3728bf2 e-con-full e-flex e-con e-child\" data-id=\"3728bf2\" data-element_type=\"container\" data-e-type=\"container\" data-settings=\"{&quot;background_background&quot;:&quot;classic&quot;}\">\n\t\t\t\t<\/div>\n\t\t\t\t\t<\/div>\n\t\t\t\t<\/div>\n\t\t<div class=\"elementor-element elementor-element-5a14046 e-flex e-con-boxed e-con e-parent\" data-id=\"5a14046\" data-element_type=\"container\" data-e-type=\"container\">\n\t\t\t\t\t<div class=\"e-con-inner\">\n\t\t\t\t<div class=\"elementor-element elementor-element-0cfd8bb elementor-widget elementor-widget-heading\" data-id=\"0cfd8bb\" data-element_type=\"widget\" data-e-type=\"widget\" data-widget_type=\"heading.default\">\n\t\t\t\t<div class=\"elementor-widget-container\">\n\t\t\t\t\t<h2 class=\"elementor-heading-title elementor-size-default\">Neueste Nachrichten<\/h2>\t\t\t\t<\/div>\n\t\t\t\t<\/div>\n\t\t\t\t<div class=\"elementor-element elementor-element-30f829c elementor-posts__hover-none elementor-grid-3 elementor-grid-tablet-2 elementor-grid-mobile-1 elementor-posts--thumbnail-top elementor-card-shadow-yes elementor-widget elementor-widget-posts\" data-id=\"30f829c\" data-element_type=\"widget\" data-e-type=\"widget\" data-settings=\"{&quot;cards_columns&quot;:&quot;3&quot;,&quot;cards_columns_tablet&quot;:&quot;2&quot;,&quot;cards_columns_mobile&quot;:&quot;1&quot;,&quot;cards_row_gap&quot;:{&quot;unit&quot;:&quot;px&quot;,&quot;size&quot;:35,&quot;sizes&quot;:[]},&quot;cards_row_gap_tablet&quot;:{&quot;unit&quot;:&quot;px&quot;,&quot;size&quot;:&quot;&quot;,&quot;sizes&quot;:[]},&quot;cards_row_gap_mobile&quot;:{&quot;unit&quot;:&quot;px&quot;,&quot;size&quot;:&quot;&quot;,&quot;sizes&quot;:[]}}\" data-widget_type=\"posts.cards\">\n\t\t\t\t<div class=\"elementor-widget-container\">\n\t\t\t\t\t\t\t<div class=\"elementor-posts-container elementor-posts elementor-posts--skin-cards elementor-grid\" role=\"list\">\n\t\t\t\t<article class=\"elementor-post elementor-grid-item post-1041 post type-post status-publish format-standard has-post-thumbnail hentry category-news\" role=\"listitem\">\n\t\t\t<div class=\"elementor-post__card\">\n\t\t\t\t<a class=\"elementor-post__thumbnail__link\" href=\"https:\/\/helexproject.eu\/de\/helex-li-1\/\" tabindex=\"-1\" ><div class=\"elementor-post__thumbnail\"><img fetchpriority=\"high\" decoding=\"async\" width=\"1156\" height=\"1536\" src=\"https:\/\/helexproject.eu\/wp-content\/uploads\/2026\/04\/helex-li-1.jpg\" class=\"attachment-full size-full wp-image-1038\" alt=\"\" srcset=\"https:\/\/helexproject.eu\/wp-content\/uploads\/2026\/04\/helex-li-1.jpg 1156w, https:\/\/helexproject.eu\/wp-content\/uploads\/2026\/04\/helex-li-1-226x300.jpg 226w, https:\/\/helexproject.eu\/wp-content\/uploads\/2026\/04\/helex-li-1-771x1024.jpg 771w, https:\/\/helexproject.eu\/wp-content\/uploads\/2026\/04\/helex-li-1-768x1020.jpg 768w\" sizes=\"(max-width: 1156px) 100vw, 1156px\" \/><\/div><\/a>\n\t\t\t\t<div class=\"elementor-post__text\">\n\t\t\t\t<h3 class=\"elementor-post__title\">\n\t\t\t<a href=\"https:\/\/helexproject.eu\/de\/helex-li-1\/\" >\n\t\t\t\tHelEx at the forefront of bee &#038; pollinator research: 2 great moments to share\t\t\t<\/a>\n\t\t<\/h3>\n\t\t\t\t<\/div>\n\t\t\t\t<div class=\"elementor-post__meta-data\">\n\t\t\t\t\t<span class=\"elementor-post-date\">\n\t\t\t31. M\u00e4rz 2026\t\t<\/span>\n\t\t\t\t<\/div>\n\t\t\t\t\t<\/div>\n\t\t<\/article>\n\t\t\t\t<article class=\"elementor-post elementor-grid-item post-1147 post type-post status-publish format-standard hentry category-news\" role=\"listitem\">\n\t\t\t<div class=\"elementor-post__card\">\n\t\t\t\t<div class=\"elementor-post__text\">\n\t\t\t\t<h3 class=\"elementor-post__title\">\n\t\t\t<a href=\"https:\/\/helexproject.eu\/de\/helex-diss-46\/\" >\n\t\t\t\tHelEx pollinator detection models presented at the IPIDEO kick-off meeting\t\t\t<\/a>\n\t\t<\/h3>\n\t\t\t\t<\/div>\n\t\t\t\t<div class=\"elementor-post__meta-data\">\n\t\t\t\t\t<span class=\"elementor-post-date\">\n\t\t\t22. M\u00e4rz 2026\t\t<\/span>\n\t\t\t\t<\/div>\n\t\t\t\t\t<\/div>\n\t\t<\/article>\n\t\t\t\t<article class=\"elementor-post elementor-grid-item post-1126 post type-post status-publish format-standard hentry category-news\" role=\"listitem\">\n\t\t\t<div class=\"elementor-post__card\">\n\t\t\t\t<div class=\"elementor-post__text\">\n\t\t\t\t<h3 class=\"elementor-post__title\">\n\t\t\t<a href=\"https:\/\/helexproject.eu\/de\/helex-diss-25\/\" >\n\t\t\t\tHelEx at the ETTAP webinar on sunflower and beekeeping\t\t\t<\/a>\n\t\t<\/h3>\n\t\t\t\t<\/div>\n\t\t\t\t<div class=\"elementor-post__meta-data\">\n\t\t\t\t\t<span class=\"elementor-post-date\">\n\t\t\t20. M\u00e4rz 2026\t\t<\/span>\n\t\t\t\t<\/div>\n\t\t\t\t\t<\/div>\n\t\t<\/article>\n\t\t\t\t<\/div>\n\t\t\n\t\t\t\t\t\t<\/div>\n\t\t\t\t<\/div>\n\t\t\t\t<div class=\"elementor-element elementor-element-3e9513b elementor-align-right elementor-widget elementor-widget-button\" data-id=\"3e9513b\" data-element_type=\"widget\" data-e-type=\"widget\" data-widget_type=\"button.default\">\n\t\t\t\t<div class=\"elementor-widget-container\">\n\t\t\t\t\t\t\t\t\t<div class=\"elementor-button-wrapper\">\n\t\t\t\t\t<a class=\"elementor-button elementor-button-link elementor-size-sm\" href=\"#\">\n\t\t\t\t\t\t<span class=\"elementor-button-content-wrapper\">\n\t\t\t\t\t\t<span class=\"elementor-button-icon\">\n\t\t\t\t<i aria-hidden=\"true\" class=\"fas fa-caret-right\"><\/i>\t\t\t<\/span>\n\t\t\t\t\t\t\t\t\t<span class=\"elementor-button-text\">Alle Nachrichten<\/span>\n\t\t\t\t\t<\/span>\n\t\t\t\t\t<\/a>\n\t\t\t\t<\/div>\n\t\t\t\t\t\t\t\t<\/div>\n\t\t\t\t<\/div>\n\t\t\t\t\t<\/div>\n\t\t\t\t<\/div>\n\t\t\t\t<\/div>\n\t\t","protected":false},"excerpt":{"rendered":"<p>Eine neue Generation von Sonnenblumen f\u00fcr den Klimawandel HelEx Ziel von HelEx ist es, Wissen und Instrumente zu erarbeiten, mit denen die Z\u00fcchtung von Sonnenblumensorten,<\/p>\n","protected":false},"author":1,"featured_media":0,"parent":0,"menu_order":0,"comment_status":"closed","ping_status":"closed","template":"","meta":{"footnotes":""},"class_list":["post-781","page","type-page","status-publish","hentry"],"yoast_head":"<!-- This site is optimized with the Yoast SEO plugin v27.3 - https:\/\/yoast.com\/product\/yoast-seo-wordpress\/ -->\n<title>Eine neue Generation von Sonnenblumen f\u00fcr den Klimawandel<\/title>\n<meta name=\"description\" content=\"Ziel von HelEx ist es, Wissen und Instrumente zu erarbeiten, mit denen die Z\u00fcchtung von Sonnenblumensorten, die an extremen Trockenheits- und Hitzestress angepasst sind, beschleunigt und ihre Umweltauswirkungen und wirtschaftlichen Ertr\u00e4ge bewertet werden k\u00f6nnen.\" \/>\n<meta name=\"robots\" content=\"index, follow, max-snippet:-1, max-image-preview:large, max-video-preview:-1\" \/>\n<link rel=\"canonical\" href=\"https:\/\/helexproject.eu\/de\/\" \/>\n<meta property=\"og:locale\" content=\"de_DE\" \/>\n<meta property=\"og:type\" content=\"article\" \/>\n<meta property=\"og:title\" content=\"Eine neue Generation von Sonnenblumen f\u00fcr den Klimawandel\" \/>\n<meta property=\"og:description\" content=\"Ziel von HelEx ist es, Wissen und Instrumente zu erarbeiten, mit denen die Z\u00fcchtung von Sonnenblumensorten, die an extremen Trockenheits- und Hitzestress angepasst sind, beschleunigt und ihre Umweltauswirkungen und wirtschaftlichen Ertr\u00e4ge bewertet werden k\u00f6nnen.\" \/>\n<meta property=\"og:url\" content=\"https:\/\/helexproject.eu\/de\/\" \/>\n<meta property=\"og:site_name\" content=\"HelEx Project\" \/>\n<meta property=\"article:modified_time\" content=\"2024-05-23T11:56:51+00:00\" \/>\n<meta name=\"twitter:card\" content=\"summary_large_image\" \/>\n<meta name=\"twitter:site\" content=\"@HelexProject\" \/>\n<meta name=\"twitter:label1\" content=\"Gesch\u00e4tzte Lesezeit\" \/>\n\t<meta name=\"twitter:data1\" content=\"2\u00a0Minuten\" \/>\n<script type=\"application\/ld+json\" class=\"yoast-schema-graph\">{\"@context\":\"https:\\\/\\\/schema.org\",\"@graph\":[{\"@type\":\"WebPage\",\"@id\":\"https:\\\/\\\/helexproject.eu\\\/de\\\/\",\"url\":\"https:\\\/\\\/helexproject.eu\\\/de\\\/\",\"name\":\"Eine neue Generation von Sonnenblumen f\u00fcr den Klimawandel\",\"isPartOf\":{\"@id\":\"https:\\\/\\\/helexproject.eu\\\/de\\\/#website\"},\"datePublished\":\"2023-09-19T14:14:50+00:00\",\"dateModified\":\"2024-05-23T11:56:51+00:00\",\"description\":\"Ziel von HelEx ist es, Wissen und Instrumente zu erarbeiten, mit denen die Z\u00fcchtung von Sonnenblumensorten, die an extremen Trockenheits- und Hitzestress angepasst sind, beschleunigt und ihre Umweltauswirkungen und wirtschaftlichen Ertr\u00e4ge bewertet werden k\u00f6nnen.\",\"breadcrumb\":{\"@id\":\"https:\\\/\\\/helexproject.eu\\\/de\\\/#breadcrumb\"},\"inLanguage\":\"de\",\"potentialAction\":[{\"@type\":\"ReadAction\",\"target\":[\"https:\\\/\\\/helexproject.eu\\\/de\\\/\"]}]},{\"@type\":\"BreadcrumbList\",\"@id\":\"https:\\\/\\\/helexproject.eu\\\/de\\\/#breadcrumb\",\"itemListElement\":[{\"@type\":\"ListItem\",\"position\":1,\"name\":\"Home\",\"item\":\"https:\\\/\\\/helexproject.eu\\\/de\\\/\"},{\"@type\":\"ListItem\",\"position\":2,\"name\":\"Startseite\"}]},{\"@type\":\"WebSite\",\"@id\":\"https:\\\/\\\/helexproject.eu\\\/de\\\/#website\",\"url\":\"https:\\\/\\\/helexproject.eu\\\/de\\\/\",\"name\":\"HelEx Project\",\"description\":\"Facing climate change with a new generation of sunflowers\",\"publisher\":{\"@id\":\"https:\\\/\\\/helexproject.eu\\\/de\\\/#organization\"},\"potentialAction\":[{\"@type\":\"SearchAction\",\"target\":{\"@type\":\"EntryPoint\",\"urlTemplate\":\"https:\\\/\\\/helexproject.eu\\\/de\\\/?s={search_term_string}\"},\"query-input\":{\"@type\":\"PropertyValueSpecification\",\"valueRequired\":true,\"valueName\":\"search_term_string\"}}],\"inLanguage\":\"de\"},{\"@type\":\"Organization\",\"@id\":\"https:\\\/\\\/helexproject.eu\\\/de\\\/#organization\",\"name\":\"HelEx Project\",\"url\":\"https:\\\/\\\/helexproject.eu\\\/de\\\/\",\"logo\":{\"@type\":\"ImageObject\",\"inLanguage\":\"de\",\"@id\":\"https:\\\/\\\/helexproject.eu\\\/de\\\/#\\\/schema\\\/logo\\\/image\\\/\",\"url\":\"https:\\\/\\\/helexproject.eu\\\/wp-content\\\/uploads\\\/2023\\\/09\\\/Logo_HelEx_site.svg\",\"contentUrl\":\"https:\\\/\\\/helexproject.eu\\\/wp-content\\\/uploads\\\/2023\\\/09\\\/Logo_HelEx_site.svg\",\"width\":592,\"height\":183,\"caption\":\"HelEx Project\"},\"image\":{\"@id\":\"https:\\\/\\\/helexproject.eu\\\/de\\\/#\\\/schema\\\/logo\\\/image\\\/\"},\"sameAs\":[\"https:\\\/\\\/x.com\\\/HelexProject\",\"https:\\\/\\\/www.linkedin.com\\\/company\\\/helexproject\"]}]}<\/script>\n<!-- \/ Yoast SEO plugin. -->","yoast_head_json":{"title":"Eine neue Generation von Sonnenblumen f\u00fcr den Klimawandel","description":"Ziel von HelEx ist es, Wissen und Instrumente zu erarbeiten, mit denen die Z\u00fcchtung von Sonnenblumensorten, die an extremen Trockenheits- und Hitzestress angepasst sind, beschleunigt und ihre Umweltauswirkungen und wirtschaftlichen Ertr\u00e4ge bewertet werden k\u00f6nnen.","robots":{"index":"index","follow":"follow","max-snippet":"max-snippet:-1","max-image-preview":"max-image-preview:large","max-video-preview":"max-video-preview:-1"},"canonical":"https:\/\/helexproject.eu\/de\/","og_locale":"de_DE","og_type":"article","og_title":"Eine neue Generation von Sonnenblumen f\u00fcr den Klimawandel","og_description":"Ziel von HelEx ist es, Wissen und Instrumente zu erarbeiten, mit denen die Z\u00fcchtung von Sonnenblumensorten, die an extremen Trockenheits- und Hitzestress angepasst sind, beschleunigt und ihre Umweltauswirkungen und wirtschaftlichen Ertr\u00e4ge bewertet werden k\u00f6nnen.","og_url":"https:\/\/helexproject.eu\/de\/","og_site_name":"HelEx Project","article_modified_time":"2024-05-23T11:56:51+00:00","twitter_card":"summary_large_image","twitter_site":"@HelexProject","twitter_misc":{"Gesch\u00e4tzte Lesezeit":"2\u00a0Minuten"},"schema":{"@context":"https:\/\/schema.org","@graph":[{"@type":"WebPage","@id":"https:\/\/helexproject.eu\/de\/","url":"https:\/\/helexproject.eu\/de\/","name":"Eine neue Generation von Sonnenblumen f\u00fcr den Klimawandel","isPartOf":{"@id":"https:\/\/helexproject.eu\/de\/#website"},"datePublished":"2023-09-19T14:14:50+00:00","dateModified":"2024-05-23T11:56:51+00:00","description":"Ziel von HelEx ist es, Wissen und Instrumente zu erarbeiten, mit denen die Z\u00fcchtung von Sonnenblumensorten, die an extremen Trockenheits- und Hitzestress angepasst sind, beschleunigt und ihre Umweltauswirkungen und wirtschaftlichen Ertr\u00e4ge bewertet werden k\u00f6nnen.","breadcrumb":{"@id":"https:\/\/helexproject.eu\/de\/#breadcrumb"},"inLanguage":"de","potentialAction":[{"@type":"ReadAction","target":["https:\/\/helexproject.eu\/de\/"]}]},{"@type":"BreadcrumbList","@id":"https:\/\/helexproject.eu\/de\/#breadcrumb","itemListElement":[{"@type":"ListItem","position":1,"name":"Home","item":"https:\/\/helexproject.eu\/de\/"},{"@type":"ListItem","position":2,"name":"Startseite"}]},{"@type":"WebSite","@id":"https:\/\/helexproject.eu\/de\/#website","url":"https:\/\/helexproject.eu\/de\/","name":"HelEx Project","description":"Facing climate change with a new generation of sunflowers","publisher":{"@id":"https:\/\/helexproject.eu\/de\/#organization"},"potentialAction":[{"@type":"SearchAction","target":{"@type":"EntryPoint","urlTemplate":"https:\/\/helexproject.eu\/de\/?s={search_term_string}"},"query-input":{"@type":"PropertyValueSpecification","valueRequired":true,"valueName":"search_term_string"}}],"inLanguage":"de"},{"@type":"Organization","@id":"https:\/\/helexproject.eu\/de\/#organization","name":"HelEx Project","url":"https:\/\/helexproject.eu\/de\/","logo":{"@type":"ImageObject","inLanguage":"de","@id":"https:\/\/helexproject.eu\/de\/#\/schema\/logo\/image\/","url":"https:\/\/helexproject.eu\/wp-content\/uploads\/2023\/09\/Logo_HelEx_site.svg","contentUrl":"https:\/\/helexproject.eu\/wp-content\/uploads\/2023\/09\/Logo_HelEx_site.svg","width":592,"height":183,"caption":"HelEx Project"},"image":{"@id":"https:\/\/helexproject.eu\/de\/#\/schema\/logo\/image\/"},"sameAs":["https:\/\/x.com\/HelexProject","https:\/\/www.linkedin.com\/company\/helexproject"]}]}},"_links":{"self":[{"href":"https:\/\/helexproject.eu\/de\/wp-json\/wp\/v2\/pages\/781","targetHints":{"allow":["GET"]}}],"collection":[{"href":"https:\/\/helexproject.eu\/de\/wp-json\/wp\/v2\/pages"}],"about":[{"href":"https:\/\/helexproject.eu\/de\/wp-json\/wp\/v2\/types\/page"}],"author":[{"embeddable":true,"href":"https:\/\/helexproject.eu\/de\/wp-json\/wp\/v2\/users\/1"}],"replies":[{"embeddable":true,"href":"https:\/\/helexproject.eu\/de\/wp-json\/wp\/v2\/comments?post=781"}],"version-history":[{"count":11,"href":"https:\/\/helexproject.eu\/de\/wp-json\/wp\/v2\/pages\/781\/revisions"}],"predecessor-version":[{"id":870,"href":"https:\/\/helexproject.eu\/de\/wp-json\/wp\/v2\/pages\/781\/revisions\/870"}],"wp:attachment":[{"href":"https:\/\/helexproject.eu\/de\/wp-json\/wp\/v2\/media?parent=781"}],"curies":[{"name":"wp","href":"https:\/\/api.w.org\/{rel}","templated":true}]}}