 {"id":785,"date":"2023-09-21T09:58:04","date_gmt":"2023-09-21T07:58:04","guid":{"rendered":"https:\/\/helexproject.eu\/das-helex-projekt\/"},"modified":"2024-02-09T13:08:26","modified_gmt":"2024-02-09T12:08:26","slug":"das-helex-projekt","status":"publish","type":"page","link":"https:\/\/helexproject.eu\/de\/das-helex-projekt\/","title":{"rendered":"Das HelEx-Projekt"},"content":{"rendered":"\t\t<div data-elementor-type=\"wp-page\" data-elementor-id=\"785\" class=\"elementor elementor-785 elementor-232\" data-elementor-post-type=\"page\">\n\t\t\t\t<div class=\"elementor-element elementor-element-4795ee1c e-flex e-con-boxed e-con e-parent\" data-id=\"4795ee1c\" data-element_type=\"container\" data-settings=\"{&quot;background_background&quot;:&quot;classic&quot;}\">\n\t\t\t\t\t<div class=\"e-con-inner\">\n\t\t<div class=\"elementor-element elementor-element-7790ded2 e-flex e-con-boxed e-con e-child\" data-id=\"7790ded2\" data-element_type=\"container\">\n\t\t\t\t\t<div class=\"e-con-inner\">\n\t\t\t\t<div class=\"elementor-element elementor-element-171ab24 elementor-widget elementor-widget-heading\" data-id=\"171ab24\" data-element_type=\"widget\" data-widget_type=\"heading.default\">\n\t\t\t\t<div class=\"elementor-widget-container\">\n\t\t\t\t\t<h1 class=\"elementor-heading-title elementor-size-default\">Das HelEx-Projekt<\/h1>\t\t\t\t<\/div>\n\t\t\t\t<\/div>\n\t\t\t\t\t<\/div>\n\t\t\t\t<\/div>\n\t\t\t\t\t<\/div>\n\t\t\t\t<\/div>\n\t\t<div class=\"elementor-element elementor-element-8e8f754 e-flex e-con-boxed e-con e-parent\" data-id=\"8e8f754\" data-element_type=\"container\" data-settings=\"{&quot;background_background&quot;:&quot;classic&quot;}\">\n\t\t\t\t\t<div class=\"e-con-inner\">\n\t\t\t\t<div class=\"elementor-element elementor-element-066b3c9 elementor-widget__width-initial elementor-widget elementor-widget-image\" data-id=\"066b3c9\" data-element_type=\"widget\" data-widget_type=\"image.default\">\n\t\t\t\t<div class=\"elementor-widget-container\">\n\t\t\t\t\t\t\t\t\t\t\t\t\t\t\t<img fetchpriority=\"high\" decoding=\"async\" width=\"553\" height=\"991\" src=\"https:\/\/helexproject.eu\/wp-content\/uploads\/2023\/09\/HelEx_TOURNESOL.png\" class=\"attachment-large size-large wp-image-697\" alt=\"\" srcset=\"https:\/\/helexproject.eu\/wp-content\/uploads\/2023\/09\/HelEx_TOURNESOL.png 553w, https:\/\/helexproject.eu\/wp-content\/uploads\/2023\/09\/HelEx_TOURNESOL-167x300.png 167w\" sizes=\"(max-width: 553px) 100vw, 553px\" \/>\t\t\t\t\t\t\t\t\t\t\t\t\t\t\t<\/div>\n\t\t\t\t<\/div>\n\t\t<div class=\"elementor-element elementor-element-8fb2e5a e-flex e-con-boxed e-con e-child\" data-id=\"8fb2e5a\" data-element_type=\"container\">\n\t\t\t\t\t<div class=\"e-con-inner\">\n\t\t\t\t<div class=\"elementor-element elementor-element-6b89155 elementor-widget elementor-widget-heading\" data-id=\"6b89155\" data-element_type=\"widget\" data-widget_type=\"heading.default\">\n\t\t\t\t<div class=\"elementor-widget-container\">\n\t\t\t\t\t<h2 class=\"elementor-heading-title elementor-size-default\">Europ\u00e4ische Sonnenblumen nutzen die nat\u00fcrlichen Abwehrkr\u00e4fte der Helianthus gegen Trockenheit.<\/h2>\t\t\t\t<\/div>\n\t\t\t\t<\/div>\n\t\t\t\t<div class=\"elementor-element elementor-element-e9b5d87 elementor-widget elementor-widget-text-editor\" data-id=\"e9b5d87\" data-element_type=\"widget\" data-widget_type=\"text-editor.default\">\n\t\t\t\t<div class=\"elementor-widget-container\">\n\t\t\t\t\t\t\t\t\t<p>HelEx ist ein auf 4 Jahre angelegtes Forschungs- und Innovationsprojekt, das vom EU-F\u00f6rderprogramm Horizon Europe unterst\u00fctzt wird.<\/p><p>Das 5,5-Millionen-Euro-Projekt zielt darauf ab, molekulare und genetische Strategien zu identifizieren, um den Sonnenblumenanbau an den Klimawandel anzupassen und gleichzeitig seine Umweltbilanz zu verbessern.<\/p><p>Das Hauptziel ist die Entwicklung neuer Sonnenblumensorten, die widerstandsf\u00e4higer gegen Trockenheit und extreme Wetterbedingungen sind. Dazu werden Helianthus Extremophilus-Sorten verwendet und neue Pflanzenz\u00fcchtungstechniken (NBT) angewendet.<\/p>\t\t\t\t\t\t\t\t<\/div>\n\t\t\t\t<\/div>\n\t\t\t\t\t<\/div>\n\t\t\t\t<\/div>\n\t\t\t\t\t<\/div>\n\t\t\t\t<\/div>\n\t\t<div class=\"elementor-element elementor-element-68d425d e-flex e-con-boxed e-con e-parent\" data-id=\"68d425d\" data-element_type=\"container\" data-settings=\"{&quot;background_background&quot;:&quot;classic&quot;}\">\n\t\t\t\t\t<div class=\"e-con-inner\">\n\t\t<div class=\"elementor-element elementor-element-4bc1fff e-con-full e-flex e-con e-child\" data-id=\"4bc1fff\" data-element_type=\"container\" data-settings=\"{&quot;background_background&quot;:&quot;classic&quot;}\">\n\t\t\t\t<div class=\"elementor-element elementor-element-bb52d64 elementor-widget elementor-widget-image\" data-id=\"bb52d64\" data-element_type=\"widget\" data-widget_type=\"image.default\">\n\t\t\t\t<div class=\"elementor-widget-container\">\n\t\t\t\t\t\t\t\t\t\t\t\t\t\t\t<img decoding=\"async\" width=\"2560\" height=\"1944\" src=\"https:\/\/helexproject.eu\/wp-content\/uploads\/2023\/09\/Logo_white-02-19.png\" class=\"attachment-full size-full wp-image-701\" alt=\"\" srcset=\"https:\/\/helexproject.eu\/wp-content\/uploads\/2023\/09\/Logo_white-02-19.png 2560w, https:\/\/helexproject.eu\/wp-content\/uploads\/2023\/09\/Logo_white-02-19-300x228.png 300w, https:\/\/helexproject.eu\/wp-content\/uploads\/2023\/09\/Logo_white-02-19-1024x778.png 1024w, https:\/\/helexproject.eu\/wp-content\/uploads\/2023\/09\/Logo_white-02-19-768x583.png 768w, https:\/\/helexproject.eu\/wp-content\/uploads\/2023\/09\/Logo_white-02-19-1536x1167.png 1536w, https:\/\/helexproject.eu\/wp-content\/uploads\/2023\/09\/Logo_white-02-19-2048x1555.png 2048w\" sizes=\"(max-width: 2560px) 100vw, 2560px\" \/>\t\t\t\t\t\t\t\t\t\t\t\t\t\t\t<\/div>\n\t\t\t\t<\/div>\n\t\t\t\t<\/div>\n\t\t<div class=\"elementor-element elementor-element-bf361b9 e-con-full e-flex e-con e-child\" data-id=\"bf361b9\" data-element_type=\"container\" data-settings=\"{&quot;background_background&quot;:&quot;classic&quot;}\">\n\t\t\t\t<div class=\"elementor-element elementor-element-89d8197 elementor-widget elementor-widget-heading\" data-id=\"89d8197\" data-element_type=\"widget\" data-widget_type=\"heading.default\">\n\t\t\t\t<div class=\"elementor-widget-container\">\n\t\t\t\t\t<h2 class=\"elementor-heading-title elementor-size-default\">HelEx : F\u00f6rderung der Widerstandsf\u00e4higkeit von Sonnenblumen angesichts der klimatischen Herausforderungen<\/h2>\t\t\t\t<\/div>\n\t\t\t\t<\/div>\n\t\t\t\t<div class=\"elementor-element elementor-element-41191f7 elementor-widget elementor-widget-text-editor\" data-id=\"41191f7\" data-element_type=\"widget\" data-widget_type=\"text-editor.default\">\n\t\t\t\t<div class=\"elementor-widget-container\">\n\t\t\t\t\t\t\t\t\t<p>Abiotische Stressfaktoren, vor allem Trockenheit und Hitze, haben erhebliche Auswirkungen auf die Pflanzenphysiologie, die Entwicklung und damit auch auf den Ernteertrag.<\/p>\n<p>In Europa wirkt sich die Trockenheit stark auf die Landwirtschaft aus, insbesondere auf die Sonnenblumenproduzenten. Wildpflanzenarten, insbesondere die 49 in Nordamerika heimischen Helianthus-Arten, haben sich so entwickelt, dass sie solchen Belastungen standhalten.<\/p>\n<p>Diese Arten haben Anpassungsstrategien entwickelt, um in extremen Umgebungen wie W\u00fcsten und hochgelegenen Gebieten zu \u00fcberleben. Sie ziehen viele Best\u00e4uber an, was wichtig ist, da sie nicht mit sich selbst kompatibel sind. Die Anziehungskraft der Sonnenblume auf Best\u00e4uber wird durch visuelle und fl\u00fcchtige Reize sowie durch Belohnungen wie Nektar und Pollen beeinflusst, die durch die Umweltbedingungen beeinflusst werden k\u00f6nnen.<\/p>\n\t\t\t\t\t\t\t\t<\/div>\n\t\t\t\t<\/div>\n\t\t\t\t<\/div>\n\t\t\t\t\t<\/div>\n\t\t\t\t<\/div>\n\t\t<div class=\"elementor-element elementor-element-bfc6933 e-flex e-con-boxed e-con e-parent\" data-id=\"bfc6933\" data-element_type=\"container\">\n\t\t\t\t\t<div class=\"e-con-inner\">\n\t\t<div class=\"elementor-element elementor-element-fc515f3 e-con-full e-flex e-con e-child\" data-id=\"fc515f3\" data-element_type=\"container\">\n\t\t\t\t<div class=\"elementor-element elementor-element-2ebd78f elementor-widget elementor-widget-heading\" data-id=\"2ebd78f\" data-element_type=\"widget\" data-widget_type=\"heading.default\">\n\t\t\t\t<div class=\"elementor-widget-container\">\n\t\t\t\t\t<h2 class=\"elementor-heading-title elementor-size-default\">Pionierarbeit bei der Widerstandsf\u00e4higkeit von Sonnenblumen durch Wildgenetik und moderne Technologien<\/h2>\t\t\t\t<\/div>\n\t\t\t\t<\/div>\n\t\t\t\t<div class=\"elementor-element elementor-element-d289e22 elementor-widget elementor-widget-text-editor\" data-id=\"d289e22\" data-element_type=\"widget\" data-widget_type=\"text-editor.default\">\n\t\t\t\t<div class=\"elementor-widget-container\">\n\t\t\t\t\t\t\t\t\t<p>HelEx zielt darauf ab, die genetischen und molekularen Mechanismen zu nutzen, die von wilden Helianthus-Arten entwickelt wurden, um sich an extreme Klimabedingungen anzupassen.<\/p>\n<p>Ziel ist es, diese Mechanismen in den Sonnenblumenanbau zu integrieren, um die Samenqualit\u00e4t und die Best\u00e4uberressourcen zu bewahren. Mehrere Projekte haben sich mit der Toleranz der Sonnenblume gegen\u00fcber Trockenheit und anderen abiotischen Stressfaktoren befasst, vor allem auf molekularer Ebene.<\/p>\n<p>HelEx will \u00fcber das bestehende Wissen hinausgehen, indem es innovative Methoden zur Ph\u00e4notypisierung mithilfe von KI entwickelt, Multi-omics-Netzwerke erstellt und neue Haplotypen von wilden Helianthus-Arten identifiziert.<\/p>\n<p>Das Projekt zielt auch darauf ab, die Z\u00fcchtungsprogramme f\u00fcr Sonnenblumen zu optimieren. Dabei geht es um Herausforderungen wie die schmale genetische Basis der gez\u00fcchteten Sonnenblume und die Komplexit\u00e4t der gew\u00fcnschten Eigenschaften.<\/p>\n<p>Mithilfe multidirektionaler Kommunikation und der Einbindung von Interessengruppen will HelEx seine Wirkung steigern und nachhaltige landwirtschaftliche Praktiken f\u00f6rdern.<\/p>\n\t\t\t\t\t\t\t\t<\/div>\n\t\t\t\t<\/div>\n\t\t\t\t<\/div>\n\t\t<div class=\"elementor-element elementor-element-b268038 e-con-full e-flex e-con e-child\" data-id=\"b268038\" data-element_type=\"container\" data-settings=\"{&quot;background_background&quot;:&quot;slideshow&quot;,&quot;background_slideshow_gallery&quot;:[{&quot;id&quot;:482,&quot;url&quot;:&quot;https:\\\/\\\/helexproject.eu\\\/wp-content\\\/uploads\\\/2023\\\/11\\\/HelEx_bulles.svg&quot;}],&quot;background_slideshow_loop&quot;:&quot;yes&quot;,&quot;background_slideshow_slide_duration&quot;:5000,&quot;background_slideshow_slide_transition&quot;:&quot;fade&quot;,&quot;background_slideshow_transition_duration&quot;:500}\">\n\t\t\t\t<\/div>\n\t\t\t\t\t<\/div>\n\t\t\t\t<\/div>\n\t\t<div class=\"elementor-element elementor-element-2c58fa0 e-flex e-con-boxed e-con e-parent\" data-id=\"2c58fa0\" data-element_type=\"container\">\n\t\t\t\t\t<div class=\"e-con-inner\">\n\t\t\t\t<div class=\"elementor-element elementor-element-185bd53 elementor-widget elementor-widget-heading\" data-id=\"185bd53\" data-element_type=\"widget\" data-widget_type=\"heading.default\">\n\t\t\t\t<div class=\"elementor-widget-container\">\n\t\t\t\t\t<h2 class=\"elementor-heading-title elementor-size-default\">HelEx in Zahlen<\/h2>\t\t\t\t<\/div>\n\t\t\t\t<\/div>\n\t\t\t\t\t<\/div>\n\t\t\t\t<\/div>\n\t\t<div class=\"elementor-element elementor-element-bc26fe0 e-flex e-con-boxed e-con e-parent\" data-id=\"bc26fe0\" data-element_type=\"container\">\n\t\t\t\t\t<div class=\"e-con-inner\">\n\t\t<div class=\"elementor-element elementor-element-7b57ebb e-con-full e-flex e-con e-child\" data-id=\"7b57ebb\" data-element_type=\"container\">\n\t\t\t\t<div class=\"elementor-element elementor-element-12df835 elementor-widget elementor-widget-counter\" data-id=\"12df835\" data-element_type=\"widget\" data-widget_type=\"counter.default\">\n\t\t\t\t<div class=\"elementor-widget-container\">\n\t\t\t\t\t\t\t<div class=\"elementor-counter\">\n\t\t\t<div class=\"elementor-counter-title\">Jahre<\/div>\t\t\t<div class=\"elementor-counter-number-wrapper\">\n\t\t\t\t<span class=\"elementor-counter-number-prefix\"><\/span>\n\t\t\t\t<span class=\"elementor-counter-number\" data-duration=\"2000\" data-to-value=\"4\" data-from-value=\"0\" data-delimiter=\",\">0<\/span>\n\t\t\t\t<span class=\"elementor-counter-number-suffix\"><\/span>\n\t\t\t<\/div>\n\t\t<\/div>\n\t\t\t\t\t\t<\/div>\n\t\t\t\t<\/div>\n\t\t\t\t<\/div>\n\t\t<div class=\"elementor-element elementor-element-c4c570f e-con-full e-flex e-con e-child\" data-id=\"c4c570f\" data-element_type=\"container\">\n\t\t\t\t<div class=\"elementor-element elementor-element-160d427 elementor-widget elementor-widget-counter\" data-id=\"160d427\" data-element_type=\"widget\" data-widget_type=\"counter.default\">\n\t\t\t\t<div class=\"elementor-widget-container\">\n\t\t\t\t\t\t\t<div class=\"elementor-counter\">\n\t\t\t<div class=\"elementor-counter-title\"> Millionen Euro Budget<\/div>\t\t\t<div class=\"elementor-counter-number-wrapper\">\n\t\t\t\t<span class=\"elementor-counter-number-prefix\"><\/span>\n\t\t\t\t<span class=\"elementor-counter-number\" data-duration=\"2000\" data-to-value=\"5.5\" data-from-value=\"0\" data-delimiter=\",\">0<\/span>\n\t\t\t\t<span class=\"elementor-counter-number-suffix\"><\/span>\n\t\t\t<\/div>\n\t\t<\/div>\n\t\t\t\t\t\t<\/div>\n\t\t\t\t<\/div>\n\t\t\t\t<\/div>\n\t\t<div class=\"elementor-element elementor-element-691d722 e-con-full e-flex e-con e-child\" data-id=\"691d722\" data-element_type=\"container\">\n\t\t\t\t<div class=\"elementor-element elementor-element-4d5fd3a elementor-widget elementor-widget-counter\" data-id=\"4d5fd3a\" data-element_type=\"widget\" data-widget_type=\"counter.default\">\n\t\t\t\t<div class=\"elementor-widget-container\">\n\t\t\t\t\t\t\t<div class=\"elementor-counter\">\n\t\t\t<div class=\"elementor-counter-title\">Partners<\/div>\t\t\t<div class=\"elementor-counter-number-wrapper\">\n\t\t\t\t<span class=\"elementor-counter-number-prefix\"><\/span>\n\t\t\t\t<span class=\"elementor-counter-number\" data-duration=\"2000\" data-to-value=\"18\" data-from-value=\"0\" data-delimiter=\",\">0<\/span>\n\t\t\t\t<span class=\"elementor-counter-number-suffix\"><\/span>\n\t\t\t<\/div>\n\t\t<\/div>\n\t\t\t\t\t\t<\/div>\n\t\t\t\t<\/div>\n\t\t\t\t<\/div>\n\t\t\t\t\t<\/div>\n\t\t\t\t<\/div>\n\t\t\t\t<\/div>\n\t\t","protected":false},"excerpt":{"rendered":"<p>Europ\u00e4ische Sonnenblumen nutzen die nat\u00fcrlichen Abwehrkr\u00e4fte der Helianthus gegen Trockenheit. HelEx ist ein auf 4 Jahre angelegtes Forschungs- und Innovationsprojekt, das vom EU-F\u00f6rderprogramm Horizon Europe unterst\u00fctzt wird. Das 5,5-Millionen-Euro-Projekt zielt darauf ab, molekulare und genetische Strategien zu identifizieren, um den Sonnenblumenanbau an den Klimawandel anzupassen und gleichzeitig seine Umweltbilanz zu verbessern. Das Hauptziel ist die [&hellip;]<\/p>\n","protected":false},"author":1,"featured_media":0,"parent":0,"menu_order":0,"comment_status":"closed","ping_status":"closed","template":"","meta":{"footnotes":""},"class_list":["post-785","page","type-page","status-publish","hentry"],"yoast_head":"<!-- This site is optimized with the Yoast SEO plugin v26.6 - https:\/\/yoast.com\/wordpress\/plugins\/seo\/ -->\n<title>Das HelEx-Projekt - HelEx Project<\/title>\n<meta name=\"description\" content=\"Europ\u00e4ische Sonnenblumen nutzen die nat\u00fcrlichen Abwehrkr\u00e4fte der Helianthus gegen Trockenheit. HelEx ist ein auf 4 Jahre angelegtes Forschungs- und\" \/>\n<meta name=\"robots\" content=\"index, follow, max-snippet:-1, max-image-preview:large, max-video-preview:-1\" \/>\n<link rel=\"canonical\" href=\"https:\/\/helexproject.eu\/de\/das-helex-projekt\/\" \/>\n<meta property=\"og:locale\" content=\"de_DE\" \/>\n<meta property=\"og:type\" content=\"article\" \/>\n<meta property=\"og:title\" content=\"Das HelEx-Projekt - HelEx Project\" \/>\n<meta property=\"og:description\" content=\"Europ\u00e4ische Sonnenblumen nutzen die nat\u00fcrlichen Abwehrkr\u00e4fte der Helianthus gegen Trockenheit. HelEx ist ein auf 4 Jahre angelegtes Forschungs- und\" \/>\n<meta property=\"og:url\" content=\"https:\/\/helexproject.eu\/de\/das-helex-projekt\/\" \/>\n<meta property=\"og:site_name\" content=\"HelEx Project\" \/>\n<meta property=\"article:modified_time\" content=\"2024-02-09T12:08:26+00:00\" \/>\n<meta property=\"og:image\" content=\"https:\/\/helexproject.eu\/wp-content\/uploads\/2023\/09\/HelEx_TOURNESOL.png\" \/>\n<meta name=\"twitter:card\" content=\"summary_large_image\" \/>\n<meta name=\"twitter:site\" content=\"@HelexProject\" \/>\n<meta name=\"twitter:label1\" content=\"Gesch\u00e4tzte Lesezeit\" \/>\n\t<meta name=\"twitter:data1\" content=\"3\u00a0Minuten\" \/>\n<script type=\"application\/ld+json\" class=\"yoast-schema-graph\">{\"@context\":\"https:\/\/schema.org\",\"@graph\":[{\"@type\":\"WebPage\",\"@id\":\"https:\/\/helexproject.eu\/de\/das-helex-projekt\/\",\"url\":\"https:\/\/helexproject.eu\/de\/das-helex-projekt\/\",\"name\":\"Das HelEx-Projekt - HelEx Project\",\"isPartOf\":{\"@id\":\"https:\/\/helexproject.eu\/de\/#website\"},\"primaryImageOfPage\":{\"@id\":\"https:\/\/helexproject.eu\/de\/das-helex-projekt\/#primaryimage\"},\"image\":{\"@id\":\"https:\/\/helexproject.eu\/de\/das-helex-projekt\/#primaryimage\"},\"thumbnailUrl\":\"https:\/\/helexproject.eu\/wp-content\/uploads\/2023\/09\/HelEx_TOURNESOL.png\",\"datePublished\":\"2023-09-21T07:58:04+00:00\",\"dateModified\":\"2024-02-09T12:08:26+00:00\",\"description\":\"Europ\u00e4ische Sonnenblumen nutzen die nat\u00fcrlichen Abwehrkr\u00e4fte der Helianthus gegen Trockenheit. HelEx ist ein auf 4 Jahre angelegtes Forschungs- und\",\"breadcrumb\":{\"@id\":\"https:\/\/helexproject.eu\/de\/das-helex-projekt\/#breadcrumb\"},\"inLanguage\":\"de\",\"potentialAction\":[{\"@type\":\"ReadAction\",\"target\":[\"https:\/\/helexproject.eu\/de\/das-helex-projekt\/\"]}]},{\"@type\":\"ImageObject\",\"inLanguage\":\"de\",\"@id\":\"https:\/\/helexproject.eu\/de\/das-helex-projekt\/#primaryimage\",\"url\":\"https:\/\/helexproject.eu\/wp-content\/uploads\/2023\/09\/HelEx_TOURNESOL.png\",\"contentUrl\":\"https:\/\/helexproject.eu\/wp-content\/uploads\/2023\/09\/HelEx_TOURNESOL.png\"},{\"@type\":\"BreadcrumbList\",\"@id\":\"https:\/\/helexproject.eu\/de\/das-helex-projekt\/#breadcrumb\",\"itemListElement\":[{\"@type\":\"ListItem\",\"position\":1,\"name\":\"Home\",\"item\":\"https:\/\/helexproject.eu\/de\/\"},{\"@type\":\"ListItem\",\"position\":2,\"name\":\"Das HelEx-Projekt\"}]},{\"@type\":\"WebSite\",\"@id\":\"https:\/\/helexproject.eu\/de\/#website\",\"url\":\"https:\/\/helexproject.eu\/de\/\",\"name\":\"HelEx Project\",\"description\":\"Facing climate change with a new generation of sunflowers\",\"publisher\":{\"@id\":\"https:\/\/helexproject.eu\/de\/#organization\"},\"potentialAction\":[{\"@type\":\"SearchAction\",\"target\":{\"@type\":\"EntryPoint\",\"urlTemplate\":\"https:\/\/helexproject.eu\/de\/?s={search_term_string}\"},\"query-input\":{\"@type\":\"PropertyValueSpecification\",\"valueRequired\":true,\"valueName\":\"search_term_string\"}}],\"inLanguage\":\"de\"},{\"@type\":\"Organization\",\"@id\":\"https:\/\/helexproject.eu\/de\/#organization\",\"name\":\"HelEx Project\",\"url\":\"https:\/\/helexproject.eu\/de\/\",\"logo\":{\"@type\":\"ImageObject\",\"inLanguage\":\"de\",\"@id\":\"https:\/\/helexproject.eu\/de\/#\/schema\/logo\/image\/\",\"url\":\"https:\/\/helexproject.eu\/wp-content\/uploads\/2023\/09\/Logo_HelEx_site.svg\",\"contentUrl\":\"https:\/\/helexproject.eu\/wp-content\/uploads\/2023\/09\/Logo_HelEx_site.svg\",\"width\":592,\"height\":183,\"caption\":\"HelEx Project\"},\"image\":{\"@id\":\"https:\/\/helexproject.eu\/de\/#\/schema\/logo\/image\/\"},\"sameAs\":[\"https:\/\/x.com\/HelexProject\",\"https:\/\/www.linkedin.com\/company\/helexproject\"]}]}<\/script>\n<!-- \/ Yoast SEO plugin. -->","yoast_head_json":{"title":"Das HelEx-Projekt - HelEx Project","description":"Europ\u00e4ische Sonnenblumen nutzen die nat\u00fcrlichen Abwehrkr\u00e4fte der Helianthus gegen Trockenheit. HelEx ist ein auf 4 Jahre angelegtes Forschungs- und","robots":{"index":"index","follow":"follow","max-snippet":"max-snippet:-1","max-image-preview":"max-image-preview:large","max-video-preview":"max-video-preview:-1"},"canonical":"https:\/\/helexproject.eu\/de\/das-helex-projekt\/","og_locale":"de_DE","og_type":"article","og_title":"Das HelEx-Projekt - HelEx Project","og_description":"Europ\u00e4ische Sonnenblumen nutzen die nat\u00fcrlichen Abwehrkr\u00e4fte der Helianthus gegen Trockenheit. HelEx ist ein auf 4 Jahre angelegtes Forschungs- und","og_url":"https:\/\/helexproject.eu\/de\/das-helex-projekt\/","og_site_name":"HelEx Project","article_modified_time":"2024-02-09T12:08:26+00:00","og_image":[{"url":"https:\/\/helexproject.eu\/wp-content\/uploads\/2023\/09\/HelEx_TOURNESOL.png","type":"","width":"","height":""}],"twitter_card":"summary_large_image","twitter_site":"@HelexProject","twitter_misc":{"Gesch\u00e4tzte Lesezeit":"3\u00a0Minuten"},"schema":{"@context":"https:\/\/schema.org","@graph":[{"@type":"WebPage","@id":"https:\/\/helexproject.eu\/de\/das-helex-projekt\/","url":"https:\/\/helexproject.eu\/de\/das-helex-projekt\/","name":"Das HelEx-Projekt - HelEx Project","isPartOf":{"@id":"https:\/\/helexproject.eu\/de\/#website"},"primaryImageOfPage":{"@id":"https:\/\/helexproject.eu\/de\/das-helex-projekt\/#primaryimage"},"image":{"@id":"https:\/\/helexproject.eu\/de\/das-helex-projekt\/#primaryimage"},"thumbnailUrl":"https:\/\/helexproject.eu\/wp-content\/uploads\/2023\/09\/HelEx_TOURNESOL.png","datePublished":"2023-09-21T07:58:04+00:00","dateModified":"2024-02-09T12:08:26+00:00","description":"Europ\u00e4ische Sonnenblumen nutzen die nat\u00fcrlichen Abwehrkr\u00e4fte der Helianthus gegen Trockenheit. HelEx ist ein auf 4 Jahre angelegtes Forschungs- und","breadcrumb":{"@id":"https:\/\/helexproject.eu\/de\/das-helex-projekt\/#breadcrumb"},"inLanguage":"de","potentialAction":[{"@type":"ReadAction","target":["https:\/\/helexproject.eu\/de\/das-helex-projekt\/"]}]},{"@type":"ImageObject","inLanguage":"de","@id":"https:\/\/helexproject.eu\/de\/das-helex-projekt\/#primaryimage","url":"https:\/\/helexproject.eu\/wp-content\/uploads\/2023\/09\/HelEx_TOURNESOL.png","contentUrl":"https:\/\/helexproject.eu\/wp-content\/uploads\/2023\/09\/HelEx_TOURNESOL.png"},{"@type":"BreadcrumbList","@id":"https:\/\/helexproject.eu\/de\/das-helex-projekt\/#breadcrumb","itemListElement":[{"@type":"ListItem","position":1,"name":"Home","item":"https:\/\/helexproject.eu\/de\/"},{"@type":"ListItem","position":2,"name":"Das HelEx-Projekt"}]},{"@type":"WebSite","@id":"https:\/\/helexproject.eu\/de\/#website","url":"https:\/\/helexproject.eu\/de\/","name":"HelEx Project","description":"Facing climate change with a new generation of sunflowers","publisher":{"@id":"https:\/\/helexproject.eu\/de\/#organization"},"potentialAction":[{"@type":"SearchAction","target":{"@type":"EntryPoint","urlTemplate":"https:\/\/helexproject.eu\/de\/?s={search_term_string}"},"query-input":{"@type":"PropertyValueSpecification","valueRequired":true,"valueName":"search_term_string"}}],"inLanguage":"de"},{"@type":"Organization","@id":"https:\/\/helexproject.eu\/de\/#organization","name":"HelEx Project","url":"https:\/\/helexproject.eu\/de\/","logo":{"@type":"ImageObject","inLanguage":"de","@id":"https:\/\/helexproject.eu\/de\/#\/schema\/logo\/image\/","url":"https:\/\/helexproject.eu\/wp-content\/uploads\/2023\/09\/Logo_HelEx_site.svg","contentUrl":"https:\/\/helexproject.eu\/wp-content\/uploads\/2023\/09\/Logo_HelEx_site.svg","width":592,"height":183,"caption":"HelEx Project"},"image":{"@id":"https:\/\/helexproject.eu\/de\/#\/schema\/logo\/image\/"},"sameAs":["https:\/\/x.com\/HelexProject","https:\/\/www.linkedin.com\/company\/helexproject"]}]}},"_links":{"self":[{"href":"https:\/\/helexproject.eu\/de\/wp-json\/wp\/v2\/pages\/785","targetHints":{"allow":["GET"]}}],"collection":[{"href":"https:\/\/helexproject.eu\/de\/wp-json\/wp\/v2\/pages"}],"about":[{"href":"https:\/\/helexproject.eu\/de\/wp-json\/wp\/v2\/types\/page"}],"author":[{"embeddable":true,"href":"https:\/\/helexproject.eu\/de\/wp-json\/wp\/v2\/users\/1"}],"replies":[{"embeddable":true,"href":"https:\/\/helexproject.eu\/de\/wp-json\/wp\/v2\/comments?post=785"}],"version-history":[{"count":12,"href":"https:\/\/helexproject.eu\/de\/wp-json\/wp\/v2\/pages\/785\/revisions"}],"predecessor-version":[{"id":848,"href":"https:\/\/helexproject.eu\/de\/wp-json\/wp\/v2\/pages\/785\/revisions\/848"}],"wp:attachment":[{"href":"https:\/\/helexproject.eu\/de\/wp-json\/wp\/v2\/media?parent=785"}],"curies":[{"name":"wp","href":"https:\/\/api.w.org\/{rel}","templated":true}]}}