 {"id":789,"date":"2023-09-20T17:09:30","date_gmt":"2023-09-20T15:09:30","guid":{"rendered":"https:\/\/helexproject.eu\/warum-helex\/"},"modified":"2024-01-29T08:57:49","modified_gmt":"2024-01-29T07:57:49","slug":"warum-helex","status":"publish","type":"page","link":"https:\/\/helexproject.eu\/de\/warum-helex\/","title":{"rendered":"Warum HelEx?"},"content":{"rendered":"\t\t<div data-elementor-type=\"wp-page\" data-elementor-id=\"789\" class=\"elementor elementor-789 elementor-163\" data-elementor-post-type=\"page\">\n\t\t\t\t<div class=\"elementor-element elementor-element-2e3350ff e-flex e-con-boxed e-con e-parent\" data-id=\"2e3350ff\" data-element_type=\"container\" data-e-type=\"container\" data-settings=\"{&quot;background_background&quot;:&quot;classic&quot;}\">\n\t\t\t\t\t<div class=\"e-con-inner\">\n\t\t<div class=\"elementor-element elementor-element-77508c9c e-flex e-con-boxed e-con e-child\" data-id=\"77508c9c\" data-element_type=\"container\" data-e-type=\"container\">\n\t\t\t\t\t<div class=\"e-con-inner\">\n\t\t\t\t<div class=\"elementor-element elementor-element-7f417adc elementor-widget elementor-widget-heading\" data-id=\"7f417adc\" data-element_type=\"widget\" data-e-type=\"widget\" data-widget_type=\"heading.default\">\n\t\t\t\t<div class=\"elementor-widget-container\">\n\t\t\t\t\t<h1 class=\"elementor-heading-title elementor-size-default\">Warum HelEx?<\/h1>\t\t\t\t<\/div>\n\t\t\t\t<\/div>\n\t\t\t\t\t<\/div>\n\t\t\t\t<\/div>\n\t\t\t\t\t<\/div>\n\t\t\t\t<\/div>\n\t\t<div class=\"elementor-element elementor-element-9bddfa8 e-flex e-con-boxed e-con e-parent\" data-id=\"9bddfa8\" data-element_type=\"container\" data-e-type=\"container\">\n\t\t\t\t\t<div class=\"e-con-inner\">\n\t\t<div class=\"elementor-element elementor-element-3f9a641 e-flex e-con-boxed e-con e-child\" data-id=\"3f9a641\" data-element_type=\"container\" data-e-type=\"container\">\n\t\t\t\t\t<div class=\"e-con-inner\">\n\t\t\t\t<div class=\"elementor-element elementor-element-b508a97 elementor-widget elementor-widget-heading\" data-id=\"b508a97\" data-element_type=\"widget\" data-e-type=\"widget\" data-widget_type=\"heading.default\">\n\t\t\t\t<div class=\"elementor-widget-container\">\n\t\t\t\t\t<h2 class=\"elementor-heading-title elementor-size-default\">Auf dem Weg zu einer nachhaltigen Landwirtschaft: Nutzung des Potenzials der Sonnenblume in einem sich ver\u00e4ndernden Klima<\/h2>\t\t\t\t<\/div>\n\t\t\t\t<\/div>\n\t\t\t\t<div class=\"elementor-element elementor-element-b105aec elementor-widget elementor-widget-text-editor\" data-id=\"b105aec\" data-element_type=\"widget\" data-e-type=\"widget\" data-widget_type=\"text-editor.default\">\n\t\t\t\t<div class=\"elementor-widget-container\">\n\t\t\t\t\t\t\t\t\t<p>Die Fortschritte in der Z\u00fcchtung und in den landwirtschaftlichen Techniken haben im letzten Jahrhundert die Ernteertr\u00e4ge erh\u00f6ht, allerdings auf Kosten der Umwelt, was durch den Klimawandel noch versch\u00e4rft wird.<\/p>\n<p>Intensive landwirtschaftliche Praktiken haben die biologische Vielfalt untergraben und insbesondere die Best\u00e4uber in den europ\u00e4ischen Landwirtschaftssystemen beeintr\u00e4chtigt.<\/p>\n<p>Der <strong>Europ\u00e4ische Green Deal<\/strong> weist auf die Notwendigkeit klimaresistenter Anbausysteme hin, die die biologische Vielfalt f\u00f6rdern und gleichzeitig die Produktion von Nahrungsmitteln und Rohstoffen sicherstellen. Die Sonnenblume ist eine trockenheitstolerante \u00d6lpflanze, die f\u00fcr S\u00fcdeuropa lebenswichtig ist. Sie bietet \u00f6kologische und wirtschaftliche Vorteile, ist eine wichtige Ressource f\u00fcr Best\u00e4uber und deckt den Bedarf an Rohstoffen in Europa.<\/p>\n<p>Dennoch steht die limitierte Sonnenblumenforschungsgemeinschaft vor der Herausforderung, das Potenzial der wilden Helianthus-Arten zu nutzen und das vorhandene Wissen f\u00fcr ganzheitliche landwirtschaftliche Verbesserungen zu integrieren.<\/p>\n\t\t\t\t\t\t\t\t<\/div>\n\t\t\t\t<\/div>\n\t\t\t\t\t<\/div>\n\t\t\t\t<\/div>\n\t\t<div class=\"elementor-element elementor-element-db365b1 e-flex e-con-boxed e-con e-child\" data-id=\"db365b1\" data-element_type=\"container\" data-e-type=\"container\" data-settings=\"{&quot;background_background&quot;:&quot;classic&quot;}\">\n\t\t\t\t\t<div class=\"e-con-inner\">\n\t\t\t\t\t<\/div>\n\t\t\t\t<\/div>\n\t\t\t\t\t<\/div>\n\t\t\t\t<\/div>\n\t\t\t\t<\/div>\n\t\t","protected":false},"excerpt":{"rendered":"<p>Auf dem Weg zu einer nachhaltigen Landwirtschaft: Nutzung des Potenzials der Sonnenblume in einem sich ver\u00e4ndernden Klima Die Fortschritte in der Z\u00fcchtung und in den landwirtschaftlichen Techniken haben im letzten Jahrhundert die Ernteertr\u00e4ge erh\u00f6ht, allerdings auf Kosten der Umwelt, was durch den Klimawandel noch versch\u00e4rft wird. Intensive landwirtschaftliche Praktiken haben die biologische Vielfalt untergraben und [&hellip;]<\/p>\n","protected":false},"author":1,"featured_media":0,"parent":0,"menu_order":0,"comment_status":"closed","ping_status":"closed","template":"","meta":{"footnotes":""},"class_list":["post-789","page","type-page","status-publish","hentry"],"yoast_head":"<!-- This site is optimized with the Yoast SEO plugin v27.3 - https:\/\/yoast.com\/product\/yoast-seo-wordpress\/ -->\n<title>Warum HelEx? - HelEx Project<\/title>\n<meta name=\"description\" content=\"Auf dem Weg zu einer nachhaltigen Landwirtschaft: Nutzung des Potenzials der Sonnenblume in einem sich ver\u00e4ndernden Klima Die Fortschritte in der Z\u00fcchtung\" \/>\n<meta name=\"robots\" content=\"index, follow, max-snippet:-1, max-image-preview:large, max-video-preview:-1\" \/>\n<link rel=\"canonical\" href=\"https:\/\/helexproject.eu\/de\/warum-helex\/\" \/>\n<meta property=\"og:locale\" content=\"de_DE\" \/>\n<meta property=\"og:type\" content=\"article\" \/>\n<meta property=\"og:title\" content=\"Warum HelEx? - HelEx Project\" \/>\n<meta property=\"og:description\" content=\"Auf dem Weg zu einer nachhaltigen Landwirtschaft: Nutzung des Potenzials der Sonnenblume in einem sich ver\u00e4ndernden Klima Die Fortschritte in der Z\u00fcchtung\" \/>\n<meta property=\"og:url\" content=\"https:\/\/helexproject.eu\/de\/warum-helex\/\" \/>\n<meta property=\"og:site_name\" content=\"HelEx Project\" \/>\n<meta property=\"article:modified_time\" content=\"2024-01-29T07:57:49+00:00\" \/>\n<meta name=\"twitter:card\" content=\"summary_large_image\" \/>\n<meta name=\"twitter:site\" content=\"@HelexProject\" \/>\n<meta name=\"twitter:label1\" content=\"Gesch\u00e4tzte Lesezeit\" \/>\n\t<meta name=\"twitter:data1\" content=\"1\u00a0Minute\" \/>\n<script type=\"application\/ld+json\" class=\"yoast-schema-graph\">{\"@context\":\"https:\\\/\\\/schema.org\",\"@graph\":[{\"@type\":\"WebPage\",\"@id\":\"https:\\\/\\\/helexproject.eu\\\/de\\\/warum-helex\\\/\",\"url\":\"https:\\\/\\\/helexproject.eu\\\/de\\\/warum-helex\\\/\",\"name\":\"Warum HelEx? - HelEx Project\",\"isPartOf\":{\"@id\":\"https:\\\/\\\/helexproject.eu\\\/de\\\/#website\"},\"datePublished\":\"2023-09-20T15:09:30+00:00\",\"dateModified\":\"2024-01-29T07:57:49+00:00\",\"description\":\"Auf dem Weg zu einer nachhaltigen Landwirtschaft: Nutzung des Potenzials der Sonnenblume in einem sich ver\u00e4ndernden Klima Die Fortschritte in der Z\u00fcchtung\",\"breadcrumb\":{\"@id\":\"https:\\\/\\\/helexproject.eu\\\/de\\\/warum-helex\\\/#breadcrumb\"},\"inLanguage\":\"de\",\"potentialAction\":[{\"@type\":\"ReadAction\",\"target\":[\"https:\\\/\\\/helexproject.eu\\\/de\\\/warum-helex\\\/\"]}]},{\"@type\":\"BreadcrumbList\",\"@id\":\"https:\\\/\\\/helexproject.eu\\\/de\\\/warum-helex\\\/#breadcrumb\",\"itemListElement\":[{\"@type\":\"ListItem\",\"position\":1,\"name\":\"Home\",\"item\":\"https:\\\/\\\/helexproject.eu\\\/de\\\/\"},{\"@type\":\"ListItem\",\"position\":2,\"name\":\"Warum HelEx?\"}]},{\"@type\":\"WebSite\",\"@id\":\"https:\\\/\\\/helexproject.eu\\\/de\\\/#website\",\"url\":\"https:\\\/\\\/helexproject.eu\\\/de\\\/\",\"name\":\"HelEx Project\",\"description\":\"Facing climate change with a new generation of sunflowers\",\"publisher\":{\"@id\":\"https:\\\/\\\/helexproject.eu\\\/de\\\/#organization\"},\"potentialAction\":[{\"@type\":\"SearchAction\",\"target\":{\"@type\":\"EntryPoint\",\"urlTemplate\":\"https:\\\/\\\/helexproject.eu\\\/de\\\/?s={search_term_string}\"},\"query-input\":{\"@type\":\"PropertyValueSpecification\",\"valueRequired\":true,\"valueName\":\"search_term_string\"}}],\"inLanguage\":\"de\"},{\"@type\":\"Organization\",\"@id\":\"https:\\\/\\\/helexproject.eu\\\/de\\\/#organization\",\"name\":\"HelEx Project\",\"url\":\"https:\\\/\\\/helexproject.eu\\\/de\\\/\",\"logo\":{\"@type\":\"ImageObject\",\"inLanguage\":\"de\",\"@id\":\"https:\\\/\\\/helexproject.eu\\\/de\\\/#\\\/schema\\\/logo\\\/image\\\/\",\"url\":\"https:\\\/\\\/helexproject.eu\\\/wp-content\\\/uploads\\\/2023\\\/09\\\/Logo_HelEx_site.svg\",\"contentUrl\":\"https:\\\/\\\/helexproject.eu\\\/wp-content\\\/uploads\\\/2023\\\/09\\\/Logo_HelEx_site.svg\",\"width\":592,\"height\":183,\"caption\":\"HelEx Project\"},\"image\":{\"@id\":\"https:\\\/\\\/helexproject.eu\\\/de\\\/#\\\/schema\\\/logo\\\/image\\\/\"},\"sameAs\":[\"https:\\\/\\\/x.com\\\/HelexProject\",\"https:\\\/\\\/www.linkedin.com\\\/company\\\/helexproject\"]}]}<\/script>\n<!-- \/ Yoast SEO plugin. -->","yoast_head_json":{"title":"Warum HelEx? - HelEx Project","description":"Auf dem Weg zu einer nachhaltigen Landwirtschaft: Nutzung des Potenzials der Sonnenblume in einem sich ver\u00e4ndernden Klima Die Fortschritte in der Z\u00fcchtung","robots":{"index":"index","follow":"follow","max-snippet":"max-snippet:-1","max-image-preview":"max-image-preview:large","max-video-preview":"max-video-preview:-1"},"canonical":"https:\/\/helexproject.eu\/de\/warum-helex\/","og_locale":"de_DE","og_type":"article","og_title":"Warum HelEx? - HelEx Project","og_description":"Auf dem Weg zu einer nachhaltigen Landwirtschaft: Nutzung des Potenzials der Sonnenblume in einem sich ver\u00e4ndernden Klima Die Fortschritte in der Z\u00fcchtung","og_url":"https:\/\/helexproject.eu\/de\/warum-helex\/","og_site_name":"HelEx Project","article_modified_time":"2024-01-29T07:57:49+00:00","twitter_card":"summary_large_image","twitter_site":"@HelexProject","twitter_misc":{"Gesch\u00e4tzte Lesezeit":"1\u00a0Minute"},"schema":{"@context":"https:\/\/schema.org","@graph":[{"@type":"WebPage","@id":"https:\/\/helexproject.eu\/de\/warum-helex\/","url":"https:\/\/helexproject.eu\/de\/warum-helex\/","name":"Warum HelEx? - HelEx Project","isPartOf":{"@id":"https:\/\/helexproject.eu\/de\/#website"},"datePublished":"2023-09-20T15:09:30+00:00","dateModified":"2024-01-29T07:57:49+00:00","description":"Auf dem Weg zu einer nachhaltigen Landwirtschaft: Nutzung des Potenzials der Sonnenblume in einem sich ver\u00e4ndernden Klima Die Fortschritte in der Z\u00fcchtung","breadcrumb":{"@id":"https:\/\/helexproject.eu\/de\/warum-helex\/#breadcrumb"},"inLanguage":"de","potentialAction":[{"@type":"ReadAction","target":["https:\/\/helexproject.eu\/de\/warum-helex\/"]}]},{"@type":"BreadcrumbList","@id":"https:\/\/helexproject.eu\/de\/warum-helex\/#breadcrumb","itemListElement":[{"@type":"ListItem","position":1,"name":"Home","item":"https:\/\/helexproject.eu\/de\/"},{"@type":"ListItem","position":2,"name":"Warum HelEx?"}]},{"@type":"WebSite","@id":"https:\/\/helexproject.eu\/de\/#website","url":"https:\/\/helexproject.eu\/de\/","name":"HelEx Project","description":"Facing climate change with a new generation of sunflowers","publisher":{"@id":"https:\/\/helexproject.eu\/de\/#organization"},"potentialAction":[{"@type":"SearchAction","target":{"@type":"EntryPoint","urlTemplate":"https:\/\/helexproject.eu\/de\/?s={search_term_string}"},"query-input":{"@type":"PropertyValueSpecification","valueRequired":true,"valueName":"search_term_string"}}],"inLanguage":"de"},{"@type":"Organization","@id":"https:\/\/helexproject.eu\/de\/#organization","name":"HelEx Project","url":"https:\/\/helexproject.eu\/de\/","logo":{"@type":"ImageObject","inLanguage":"de","@id":"https:\/\/helexproject.eu\/de\/#\/schema\/logo\/image\/","url":"https:\/\/helexproject.eu\/wp-content\/uploads\/2023\/09\/Logo_HelEx_site.svg","contentUrl":"https:\/\/helexproject.eu\/wp-content\/uploads\/2023\/09\/Logo_HelEx_site.svg","width":592,"height":183,"caption":"HelEx Project"},"image":{"@id":"https:\/\/helexproject.eu\/de\/#\/schema\/logo\/image\/"},"sameAs":["https:\/\/x.com\/HelexProject","https:\/\/www.linkedin.com\/company\/helexproject"]}]}},"_links":{"self":[{"href":"https:\/\/helexproject.eu\/de\/wp-json\/wp\/v2\/pages\/789","targetHints":{"allow":["GET"]}}],"collection":[{"href":"https:\/\/helexproject.eu\/de\/wp-json\/wp\/v2\/pages"}],"about":[{"href":"https:\/\/helexproject.eu\/de\/wp-json\/wp\/v2\/types\/page"}],"author":[{"embeddable":true,"href":"https:\/\/helexproject.eu\/de\/wp-json\/wp\/v2\/users\/1"}],"replies":[{"embeddable":true,"href":"https:\/\/helexproject.eu\/de\/wp-json\/wp\/v2\/comments?post=789"}],"version-history":[{"count":1,"href":"https:\/\/helexproject.eu\/de\/wp-json\/wp\/v2\/pages\/789\/revisions"}],"predecessor-version":[{"id":790,"href":"https:\/\/helexproject.eu\/de\/wp-json\/wp\/v2\/pages\/789\/revisions\/790"}],"wp:attachment":[{"href":"https:\/\/helexproject.eu\/de\/wp-json\/wp\/v2\/media?parent=789"}],"curies":[{"name":"wp","href":"https:\/\/api.w.org\/{rel}","templated":true}]}}