 {"id":791,"date":"2023-11-22T15:57:43","date_gmt":"2023-11-22T14:57:43","guid":{"rendered":"https:\/\/helexproject.eu\/aktivitaeten\/"},"modified":"2024-01-29T09:00:52","modified_gmt":"2024-01-29T08:00:52","slug":"aktivitaeten","status":"publish","type":"page","link":"https:\/\/helexproject.eu\/de\/aktivitaeten\/","title":{"rendered":"Aktivit\u00e4ten"},"content":{"rendered":"\t\t<div data-elementor-type=\"wp-page\" data-elementor-id=\"791\" class=\"elementor elementor-791 elementor-442\" data-elementor-post-type=\"page\">\n\t\t\t\t<div class=\"elementor-element elementor-element-744fc367 e-flex e-con-boxed e-con e-parent\" data-id=\"744fc367\" data-element_type=\"container\" data-e-type=\"container\" data-settings=\"{&quot;background_background&quot;:&quot;classic&quot;}\">\n\t\t\t\t\t<div class=\"e-con-inner\">\n\t\t<div class=\"elementor-element elementor-element-17968609 e-flex e-con-boxed e-con e-child\" data-id=\"17968609\" data-element_type=\"container\" data-e-type=\"container\">\n\t\t\t\t\t<div class=\"e-con-inner\">\n\t\t\t\t<div class=\"elementor-element elementor-element-73e27569 elementor-widget elementor-widget-heading\" data-id=\"73e27569\" data-element_type=\"widget\" data-e-type=\"widget\" data-widget_type=\"heading.default\">\n\t\t\t\t<div class=\"elementor-widget-container\">\n\t\t\t\t\t<h1 class=\"elementor-heading-title elementor-size-default\">Aktivit\u00e4ten<\/h1>\t\t\t\t<\/div>\n\t\t\t\t<\/div>\n\t\t\t\t\t<\/div>\n\t\t\t\t<\/div>\n\t\t\t\t\t<\/div>\n\t\t\t\t<\/div>\n\t\t<div class=\"elementor-element elementor-element-ab2c1f0 e-flex e-con-boxed e-con e-parent\" data-id=\"ab2c1f0\" data-element_type=\"container\" data-e-type=\"container\">\n\t\t\t\t\t<div class=\"e-con-inner\">\n\t\t<div class=\"elementor-element elementor-element-83730a3 e-con-full e-flex e-con e-child\" data-id=\"83730a3\" data-element_type=\"container\" data-e-type=\"container\">\n\t\t\t\t<div class=\"elementor-element elementor-element-f6a9271 elementor-widget elementor-widget-text-editor\" data-id=\"f6a9271\" data-element_type=\"widget\" data-e-type=\"widget\" data-widget_type=\"text-editor.default\">\n\t\t\t\t<div class=\"elementor-widget-container\">\n\t\t\t\t\t\t\t\t\t<p>HelEx ist ein interdisziplin\u00e4res und akteurs\u00fcbergreifendes Projekt, an dem sowohl \u00f6ffentliche Partner als auch Teilnehmer aus der Industrie beteiligt sind. Es zielt darauf ab, molekulare und genetische Strategien zur Anpassung von Sonnenblumen an den Klimawandel und zur Verbesserung ihrer Umweltbilanz zu identifizieren und dabei die Interessengruppen in den gesamten Prozess und insbesondere in sozio\u00f6konomische Bewertungen und innovative Kommunikationsma\u00dfnahmen einzubeziehen.<\/p>\n<p>Die Anpassungsprinzipien von wilden, extremophilen Helianthus-Arten werden genutzt, um die Auswirkungen des Klimawandels auf zwei Merkmale abzumildern: die Rohstoffqualit\u00e4t und die \u00d6kosystemleistung Best\u00e4uber und Biodiversit\u00e4t HelEx wird einerseits fr\u00fchere Projektergebnisse zur genetischen Grundlage der Produktionsstabilit\u00e4t nutzen und neue Wildhaplotypen charakterisieren und andererseits mit einem kombinierten metabolomischen, transkriptomischen und ph\u00e4nomischen Ansatz neue genetische Pfade identifizieren.<\/p>\n<p>The work is divided into 7 Work Packages organized as follows :<\/p><\/p>\n\t\t\t\t\t\t\t\t<\/div>\n\t\t\t\t<\/div>\n\t\t\t\t<\/div>\n\t\t<div class=\"elementor-element elementor-element-585ca7f e-con-full e-flex e-con e-child\" data-id=\"585ca7f\" data-element_type=\"container\" data-e-type=\"container\" data-settings=\"{&quot;background_background&quot;:&quot;classic&quot;}\">\n\t\t\t\t<\/div>\n\t\t\t\t\t<\/div>\n\t\t\t\t<\/div>\n\t\t<div class=\"elementor-element elementor-element-ee1a223 e-flex e-con-boxed e-con e-parent\" data-id=\"ee1a223\" data-element_type=\"container\" data-e-type=\"container\">\n\t\t\t\t\t<div class=\"e-con-inner\">\n\t\t\t\t<div class=\"elementor-element elementor-element-b2a17bf elementor-widget__width-initial elementor-widget elementor-widget-accordion\" data-id=\"b2a17bf\" data-element_type=\"widget\" data-e-type=\"widget\" data-widget_type=\"accordion.default\">\n\t\t\t\t<div class=\"elementor-widget-container\">\n\t\t\t\t\t\t\t<div class=\"elementor-accordion\">\n\t\t\t\t\t\t\t<div class=\"elementor-accordion-item\">\n\t\t\t\t\t<div id=\"elementor-tab-title-1871\" class=\"elementor-tab-title\" data-tab=\"1\" role=\"button\" aria-controls=\"elementor-tab-content-1871\" aria-expanded=\"false\">\n\t\t\t\t\t\t\t\t\t\t\t\t\t<span class=\"elementor-accordion-icon elementor-accordion-icon-left\" aria-hidden=\"true\">\n\t\t\t\t\t\t\t\t\t\t\t\t\t\t\t<span class=\"elementor-accordion-icon-closed\"><i class=\"fas fa-plus\"><\/i><\/span>\n\t\t\t\t\t\t\t\t<span class=\"elementor-accordion-icon-opened\"><i class=\"fas fa-minus\"><\/i><\/span>\n\t\t\t\t\t\t\t\t\t\t\t\t\t\t<\/span>\n\t\t\t\t\t\t\t\t\t\t\t\t<a class=\"elementor-accordion-title\" tabindex=\"0\">WP1 - Sonnenblumengenetik und Genomik in extremen Umgebungen<\/a>\n\t\t\t\t\t<\/div>\n\t\t\t\t\t<div id=\"elementor-tab-content-1871\" class=\"elementor-tab-content elementor-clearfix\" data-tab=\"1\" role=\"region\" aria-labelledby=\"elementor-tab-title-1871\"><p>Ziele: WP1 zielt darauf ab, die Entwicklung von Sonnenblumen voranzutreiben, die sich an extreme abiotische Bedingungen anpassen und eine verbesserte Saatgutqualit\u00e4t und \u00d6kosystemleistung aufweisen.<\/p>\n<\/div>\n\t\t\t\t<\/div>\n\t\t\t\t\t\t\t<div class=\"elementor-accordion-item\">\n\t\t\t\t\t<div id=\"elementor-tab-title-1872\" class=\"elementor-tab-title\" data-tab=\"2\" role=\"button\" aria-controls=\"elementor-tab-content-1872\" aria-expanded=\"false\">\n\t\t\t\t\t\t\t\t\t\t\t\t\t<span class=\"elementor-accordion-icon elementor-accordion-icon-left\" aria-hidden=\"true\">\n\t\t\t\t\t\t\t\t\t\t\t\t\t\t\t<span class=\"elementor-accordion-icon-closed\"><i class=\"fas fa-plus\"><\/i><\/span>\n\t\t\t\t\t\t\t\t<span class=\"elementor-accordion-icon-opened\"><i class=\"fas fa-minus\"><\/i><\/span>\n\t\t\t\t\t\t\t\t\t\t\t\t\t\t<\/span>\n\t\t\t\t\t\t\t\t\t\t\t\t<a class=\"elementor-accordion-title\" tabindex=\"0\">WP2 - Innovation: Klimagerechte Sonnenblumengenotypen und biobasierte Rohstoffe<\/a>\n\t\t\t\t\t<\/div>\n\t\t\t\t\t<div id=\"elementor-tab-content-1872\" class=\"elementor-tab-content elementor-clearfix\" data-tab=\"2\" role=\"region\" aria-labelledby=\"elementor-tab-title-1872\"><p>Ziele: WP2 zielt darauf ab, widerstandsf\u00e4hige Sonnenblumensorten auf der Grundlage der in WP1 identifizierten Merkmale zu z\u00fcchten und die biobasierten Sonnenblumenrohstoffe zu bewerten.<\/p>\n<\/div>\n\t\t\t\t<\/div>\n\t\t\t\t\t\t\t<div class=\"elementor-accordion-item\">\n\t\t\t\t\t<div id=\"elementor-tab-title-1873\" class=\"elementor-tab-title\" data-tab=\"3\" role=\"button\" aria-controls=\"elementor-tab-content-1873\" aria-expanded=\"false\">\n\t\t\t\t\t\t\t\t\t\t\t\t\t<span class=\"elementor-accordion-icon elementor-accordion-icon-left\" aria-hidden=\"true\">\n\t\t\t\t\t\t\t\t\t\t\t\t\t\t\t<span class=\"elementor-accordion-icon-closed\"><i class=\"fas fa-plus\"><\/i><\/span>\n\t\t\t\t\t\t\t\t<span class=\"elementor-accordion-icon-opened\"><i class=\"fas fa-minus\"><\/i><\/span>\n\t\t\t\t\t\t\t\t\t\t\t\t\t\t<\/span>\n\t\t\t\t\t\t\t\t\t\t\t\t<a class=\"elementor-accordion-title\" tabindex=\"0\">WP3 - Umweltvertr\u00e4glichkeitspr\u00fcfung<\/a>\n\t\t\t\t\t<\/div>\n\t\t\t\t\t<div id=\"elementor-tab-content-1873\" class=\"elementor-tab-content elementor-clearfix\" data-tab=\"3\" role=\"region\" aria-labelledby=\"elementor-tab-title-1873\"><p>Ziele: WP3 wird die Umweltauswirkungen der Genomver\u00e4nderungen der Sonnenblume auf verschiedenen Ebenen untersuchen.<\/p>\n<\/div>\n\t\t\t\t<\/div>\n\t\t\t\t\t\t\t<div class=\"elementor-accordion-item\">\n\t\t\t\t\t<div id=\"elementor-tab-title-1874\" class=\"elementor-tab-title\" data-tab=\"4\" role=\"button\" aria-controls=\"elementor-tab-content-1874\" aria-expanded=\"false\">\n\t\t\t\t\t\t\t\t\t\t\t\t\t<span class=\"elementor-accordion-icon elementor-accordion-icon-left\" aria-hidden=\"true\">\n\t\t\t\t\t\t\t\t\t\t\t\t\t\t\t<span class=\"elementor-accordion-icon-closed\"><i class=\"fas fa-plus\"><\/i><\/span>\n\t\t\t\t\t\t\t\t<span class=\"elementor-accordion-icon-opened\"><i class=\"fas fa-minus\"><\/i><\/span>\n\t\t\t\t\t\t\t\t\t\t\t\t\t\t<\/span>\n\t\t\t\t\t\t\t\t\t\t\t\t<a class=\"elementor-accordion-title\" tabindex=\"0\">WP4 - Sozio\u00f6konomische Folgenabsch\u00e4tzung auf Mikro-, Meso- und Makroebene<\/a>\n\t\t\t\t\t<\/div>\n\t\t\t\t\t<div id=\"elementor-tab-content-1874\" class=\"elementor-tab-content elementor-clearfix\" data-tab=\"4\" role=\"region\" aria-labelledby=\"elementor-tab-title-1874\"><p>Ziele: WP4 zielt darauf ab, die sozio\u00f6konomischen Auswirkungen der klimafreundlichen Sonnenblumen zu bewerten, und zwar von der Mikroebene (d.h. Auswirkungen auf die Landwirte) \u00fcber die Mesoebene (d.h. die Perspektive der Erzeuger und Verbraucher) bis hin zur Makroebene (d.h. die regionale, nationale und globale Wirtschaft).<\/p>\n<\/div>\n\t\t\t\t<\/div>\n\t\t\t\t\t\t\t<div class=\"elementor-accordion-item\">\n\t\t\t\t\t<div id=\"elementor-tab-title-1875\" class=\"elementor-tab-title\" data-tab=\"5\" role=\"button\" aria-controls=\"elementor-tab-content-1875\" aria-expanded=\"false\">\n\t\t\t\t\t\t\t\t\t\t\t\t\t<span class=\"elementor-accordion-icon elementor-accordion-icon-left\" aria-hidden=\"true\">\n\t\t\t\t\t\t\t\t\t\t\t\t\t\t\t<span class=\"elementor-accordion-icon-closed\"><i class=\"fas fa-plus\"><\/i><\/span>\n\t\t\t\t\t\t\t\t<span class=\"elementor-accordion-icon-opened\"><i class=\"fas fa-minus\"><\/i><\/span>\n\t\t\t\t\t\t\t\t\t\t\t\t\t\t<\/span>\n\t\t\t\t\t\t\t\t\t\t\t\t<a class=\"elementor-accordion-title\" tabindex=\"0\">WP5 - Einbeziehung von Interessengruppen, Kommunikation, Verbreitung und Nutzung<\/a>\n\t\t\t\t\t<\/div>\n\t\t\t\t\t<div id=\"elementor-tab-content-1875\" class=\"elementor-tab-content elementor-clearfix\" data-tab=\"5\" role=\"region\" aria-labelledby=\"elementor-tab-title-1875\"><p>Ziele: Das Ziel dieses Arbeitspakets ist es, die Auswirkungen und Ergebnisse des HelEx-Projekts zu optimieren und zu steigern.<\/p>\n<\/div>\n\t\t\t\t<\/div>\n\t\t\t\t\t\t\t<div class=\"elementor-accordion-item\">\n\t\t\t\t\t<div id=\"elementor-tab-title-1876\" class=\"elementor-tab-title\" data-tab=\"6\" role=\"button\" aria-controls=\"elementor-tab-content-1876\" aria-expanded=\"false\">\n\t\t\t\t\t\t\t\t\t\t\t\t\t<span class=\"elementor-accordion-icon elementor-accordion-icon-left\" aria-hidden=\"true\">\n\t\t\t\t\t\t\t\t\t\t\t\t\t\t\t<span class=\"elementor-accordion-icon-closed\"><i class=\"fas fa-plus\"><\/i><\/span>\n\t\t\t\t\t\t\t\t<span class=\"elementor-accordion-icon-opened\"><i class=\"fas fa-minus\"><\/i><\/span>\n\t\t\t\t\t\t\t\t\t\t\t\t\t\t<\/span>\n\t\t\t\t\t\t\t\t\t\t\t\t<a class=\"elementor-accordion-title\" tabindex=\"0\">WP6 - Koordinierung, Daten- und Projektverwaltung<\/a>\n\t\t\t\t\t<\/div>\n\t\t\t\t\t<div id=\"elementor-tab-content-1876\" class=\"elementor-tab-content elementor-clearfix\" data-tab=\"6\" role=\"region\" aria-labelledby=\"elementor-tab-title-1876\"><p>Ziele: Die Ziele von WP6 sind dreigeteilt: <\/p>\n<ul>\n<li>auf der strategischen Ebene, um das Projekt zu steuern und sicherzustellen, dass das Projekt seine Ziele erreicht und Ergebnisse liefert, die die erwarteten Resultate erzielen;<\/li>\n<li>auf operativer und vertraglicher Ebene, um die Verfahren und Instrumente einzuf\u00fchren, die erforderlich sind, um sicherzustellen, dass das Projekt im Einklang mit der Finanzhilfevereinbarung und der Konsortialvereinbarung verl\u00e4uft und dass der Projektarbeitsplan zeitgerechte und hochwertige Ergebnisse liefert; <\/li>\n<li>auf administrativer Ebene, um Projekttreffen und die Zusammenarbeit zu organisieren, Projektberichte zu erstellen und eine effiziente interne Kommunikation zwischen den Partnern sicherzustellen.<\/li>\n<\/ul>\n<\/div>\n\t\t\t\t<\/div>\n\t\t\t\t\t\t\t<div class=\"elementor-accordion-item\">\n\t\t\t\t\t<div id=\"elementor-tab-title-1877\" class=\"elementor-tab-title\" data-tab=\"7\" role=\"button\" aria-controls=\"elementor-tab-content-1877\" aria-expanded=\"false\">\n\t\t\t\t\t\t\t\t\t\t\t\t\t<span class=\"elementor-accordion-icon elementor-accordion-icon-left\" aria-hidden=\"true\">\n\t\t\t\t\t\t\t\t\t\t\t\t\t\t\t<span class=\"elementor-accordion-icon-closed\"><i class=\"fas fa-plus\"><\/i><\/span>\n\t\t\t\t\t\t\t\t<span class=\"elementor-accordion-icon-opened\"><i class=\"fas fa-minus\"><\/i><\/span>\n\t\t\t\t\t\t\t\t\t\t\t\t\t\t<\/span>\n\t\t\t\t\t\t\t\t\t\t\t\t<a class=\"elementor-accordion-title\" tabindex=\"0\">WP7 - Ethik<\/a>\n\t\t\t\t\t<\/div>\n\t\t\t\t\t<div id=\"elementor-tab-content-1877\" class=\"elementor-tab-content elementor-clearfix\" data-tab=\"7\" role=\"region\" aria-labelledby=\"elementor-tab-title-1877\"><\/div>\n\t\t\t\t<\/div>\n\t\t\t\t\t\t\t\t<\/div>\n\t\t\t\t\t\t<\/div>\n\t\t\t\t<\/div>\n\t\t\t\t\t<\/div>\n\t\t\t\t<\/div>\n\t\t\t\t<\/div>\n\t\t","protected":false},"excerpt":{"rendered":"<p>HelEx ist ein interdisziplin\u00e4res und akteurs\u00fcbergreifendes Projekt, an dem sowohl \u00f6ffentliche Partner als auch Teilnehmer aus der Industrie beteiligt sind. Es zielt darauf ab, molekulare und genetische Strategien zur Anpassung von Sonnenblumen an den Klimawandel und zur Verbesserung ihrer Umweltbilanz zu identifizieren und dabei die Interessengruppen in den gesamten Prozess und insbesondere in sozio\u00f6konomische Bewertungen [&hellip;]<\/p>\n","protected":false},"author":1,"featured_media":0,"parent":0,"menu_order":0,"comment_status":"closed","ping_status":"closed","template":"","meta":{"footnotes":""},"class_list":["post-791","page","type-page","status-publish","hentry"],"yoast_head":"<!-- This site is optimized with the Yoast SEO plugin v27.3 - https:\/\/yoast.com\/product\/yoast-seo-wordpress\/ -->\n<title>Aktivit\u00e4ten - HelEx Project<\/title>\n<meta name=\"description\" content=\"HelEx ist ein interdisziplin\u00e4res und akteurs\u00fcbergreifendes Projekt, an dem sowohl \u00f6ffentliche Partner als auch Teilnehmer aus der Industrie beteiligt\" \/>\n<meta name=\"robots\" content=\"index, follow, max-snippet:-1, max-image-preview:large, max-video-preview:-1\" \/>\n<link rel=\"canonical\" href=\"https:\/\/helexproject.eu\/de\/aktivitaeten\/\" \/>\n<meta property=\"og:locale\" content=\"de_DE\" \/>\n<meta property=\"og:type\" content=\"article\" \/>\n<meta property=\"og:title\" content=\"Aktivit\u00e4ten - HelEx Project\" \/>\n<meta property=\"og:description\" content=\"HelEx ist ein interdisziplin\u00e4res und akteurs\u00fcbergreifendes Projekt, an dem sowohl \u00f6ffentliche Partner als auch Teilnehmer aus der Industrie beteiligt\" \/>\n<meta property=\"og:url\" content=\"https:\/\/helexproject.eu\/de\/aktivitaeten\/\" \/>\n<meta property=\"og:site_name\" content=\"HelEx Project\" \/>\n<meta property=\"article:modified_time\" content=\"2024-01-29T08:00:52+00:00\" \/>\n<meta name=\"twitter:card\" content=\"summary_large_image\" \/>\n<meta name=\"twitter:site\" content=\"@HelexProject\" \/>\n<meta name=\"twitter:label1\" content=\"Gesch\u00e4tzte Lesezeit\" \/>\n\t<meta name=\"twitter:data1\" content=\"2\u00a0Minuten\" \/>\n<script type=\"application\/ld+json\" class=\"yoast-schema-graph\">{\"@context\":\"https:\\\/\\\/schema.org\",\"@graph\":[{\"@type\":\"WebPage\",\"@id\":\"https:\\\/\\\/helexproject.eu\\\/de\\\/aktivitaeten\\\/\",\"url\":\"https:\\\/\\\/helexproject.eu\\\/de\\\/aktivitaeten\\\/\",\"name\":\"Aktivit\u00e4ten - HelEx Project\",\"isPartOf\":{\"@id\":\"https:\\\/\\\/helexproject.eu\\\/de\\\/#website\"},\"datePublished\":\"2023-11-22T14:57:43+00:00\",\"dateModified\":\"2024-01-29T08:00:52+00:00\",\"description\":\"HelEx ist ein interdisziplin\u00e4res und akteurs\u00fcbergreifendes Projekt, an dem sowohl \u00f6ffentliche Partner als auch Teilnehmer aus der Industrie beteiligt\",\"breadcrumb\":{\"@id\":\"https:\\\/\\\/helexproject.eu\\\/de\\\/aktivitaeten\\\/#breadcrumb\"},\"inLanguage\":\"de\",\"potentialAction\":[{\"@type\":\"ReadAction\",\"target\":[\"https:\\\/\\\/helexproject.eu\\\/de\\\/aktivitaeten\\\/\"]}]},{\"@type\":\"BreadcrumbList\",\"@id\":\"https:\\\/\\\/helexproject.eu\\\/de\\\/aktivitaeten\\\/#breadcrumb\",\"itemListElement\":[{\"@type\":\"ListItem\",\"position\":1,\"name\":\"Home\",\"item\":\"https:\\\/\\\/helexproject.eu\\\/de\\\/\"},{\"@type\":\"ListItem\",\"position\":2,\"name\":\"Aktivit\u00e4ten\"}]},{\"@type\":\"WebSite\",\"@id\":\"https:\\\/\\\/helexproject.eu\\\/de\\\/#website\",\"url\":\"https:\\\/\\\/helexproject.eu\\\/de\\\/\",\"name\":\"HelEx Project\",\"description\":\"Facing climate change with a new generation of sunflowers\",\"publisher\":{\"@id\":\"https:\\\/\\\/helexproject.eu\\\/de\\\/#organization\"},\"potentialAction\":[{\"@type\":\"SearchAction\",\"target\":{\"@type\":\"EntryPoint\",\"urlTemplate\":\"https:\\\/\\\/helexproject.eu\\\/de\\\/?s={search_term_string}\"},\"query-input\":{\"@type\":\"PropertyValueSpecification\",\"valueRequired\":true,\"valueName\":\"search_term_string\"}}],\"inLanguage\":\"de\"},{\"@type\":\"Organization\",\"@id\":\"https:\\\/\\\/helexproject.eu\\\/de\\\/#organization\",\"name\":\"HelEx Project\",\"url\":\"https:\\\/\\\/helexproject.eu\\\/de\\\/\",\"logo\":{\"@type\":\"ImageObject\",\"inLanguage\":\"de\",\"@id\":\"https:\\\/\\\/helexproject.eu\\\/de\\\/#\\\/schema\\\/logo\\\/image\\\/\",\"url\":\"https:\\\/\\\/helexproject.eu\\\/wp-content\\\/uploads\\\/2023\\\/09\\\/Logo_HelEx_site.svg\",\"contentUrl\":\"https:\\\/\\\/helexproject.eu\\\/wp-content\\\/uploads\\\/2023\\\/09\\\/Logo_HelEx_site.svg\",\"width\":592,\"height\":183,\"caption\":\"HelEx Project\"},\"image\":{\"@id\":\"https:\\\/\\\/helexproject.eu\\\/de\\\/#\\\/schema\\\/logo\\\/image\\\/\"},\"sameAs\":[\"https:\\\/\\\/x.com\\\/HelexProject\",\"https:\\\/\\\/www.linkedin.com\\\/company\\\/helexproject\"]}]}<\/script>\n<!-- \/ Yoast SEO plugin. -->","yoast_head_json":{"title":"Aktivit\u00e4ten - HelEx Project","description":"HelEx ist ein interdisziplin\u00e4res und akteurs\u00fcbergreifendes Projekt, an dem sowohl \u00f6ffentliche Partner als auch Teilnehmer aus der Industrie beteiligt","robots":{"index":"index","follow":"follow","max-snippet":"max-snippet:-1","max-image-preview":"max-image-preview:large","max-video-preview":"max-video-preview:-1"},"canonical":"https:\/\/helexproject.eu\/de\/aktivitaeten\/","og_locale":"de_DE","og_type":"article","og_title":"Aktivit\u00e4ten - HelEx Project","og_description":"HelEx ist ein interdisziplin\u00e4res und akteurs\u00fcbergreifendes Projekt, an dem sowohl \u00f6ffentliche Partner als auch Teilnehmer aus der Industrie beteiligt","og_url":"https:\/\/helexproject.eu\/de\/aktivitaeten\/","og_site_name":"HelEx Project","article_modified_time":"2024-01-29T08:00:52+00:00","twitter_card":"summary_large_image","twitter_site":"@HelexProject","twitter_misc":{"Gesch\u00e4tzte Lesezeit":"2\u00a0Minuten"},"schema":{"@context":"https:\/\/schema.org","@graph":[{"@type":"WebPage","@id":"https:\/\/helexproject.eu\/de\/aktivitaeten\/","url":"https:\/\/helexproject.eu\/de\/aktivitaeten\/","name":"Aktivit\u00e4ten - HelEx Project","isPartOf":{"@id":"https:\/\/helexproject.eu\/de\/#website"},"datePublished":"2023-11-22T14:57:43+00:00","dateModified":"2024-01-29T08:00:52+00:00","description":"HelEx ist ein interdisziplin\u00e4res und akteurs\u00fcbergreifendes Projekt, an dem sowohl \u00f6ffentliche Partner als auch Teilnehmer aus der Industrie beteiligt","breadcrumb":{"@id":"https:\/\/helexproject.eu\/de\/aktivitaeten\/#breadcrumb"},"inLanguage":"de","potentialAction":[{"@type":"ReadAction","target":["https:\/\/helexproject.eu\/de\/aktivitaeten\/"]}]},{"@type":"BreadcrumbList","@id":"https:\/\/helexproject.eu\/de\/aktivitaeten\/#breadcrumb","itemListElement":[{"@type":"ListItem","position":1,"name":"Home","item":"https:\/\/helexproject.eu\/de\/"},{"@type":"ListItem","position":2,"name":"Aktivit\u00e4ten"}]},{"@type":"WebSite","@id":"https:\/\/helexproject.eu\/de\/#website","url":"https:\/\/helexproject.eu\/de\/","name":"HelEx Project","description":"Facing climate change with a new generation of sunflowers","publisher":{"@id":"https:\/\/helexproject.eu\/de\/#organization"},"potentialAction":[{"@type":"SearchAction","target":{"@type":"EntryPoint","urlTemplate":"https:\/\/helexproject.eu\/de\/?s={search_term_string}"},"query-input":{"@type":"PropertyValueSpecification","valueRequired":true,"valueName":"search_term_string"}}],"inLanguage":"de"},{"@type":"Organization","@id":"https:\/\/helexproject.eu\/de\/#organization","name":"HelEx Project","url":"https:\/\/helexproject.eu\/de\/","logo":{"@type":"ImageObject","inLanguage":"de","@id":"https:\/\/helexproject.eu\/de\/#\/schema\/logo\/image\/","url":"https:\/\/helexproject.eu\/wp-content\/uploads\/2023\/09\/Logo_HelEx_site.svg","contentUrl":"https:\/\/helexproject.eu\/wp-content\/uploads\/2023\/09\/Logo_HelEx_site.svg","width":592,"height":183,"caption":"HelEx Project"},"image":{"@id":"https:\/\/helexproject.eu\/de\/#\/schema\/logo\/image\/"},"sameAs":["https:\/\/x.com\/HelexProject","https:\/\/www.linkedin.com\/company\/helexproject"]}]}},"_links":{"self":[{"href":"https:\/\/helexproject.eu\/de\/wp-json\/wp\/v2\/pages\/791","targetHints":{"allow":["GET"]}}],"collection":[{"href":"https:\/\/helexproject.eu\/de\/wp-json\/wp\/v2\/pages"}],"about":[{"href":"https:\/\/helexproject.eu\/de\/wp-json\/wp\/v2\/types\/page"}],"author":[{"embeddable":true,"href":"https:\/\/helexproject.eu\/de\/wp-json\/wp\/v2\/users\/1"}],"replies":[{"embeddable":true,"href":"https:\/\/helexproject.eu\/de\/wp-json\/wp\/v2\/comments?post=791"}],"version-history":[{"count":3,"href":"https:\/\/helexproject.eu\/de\/wp-json\/wp\/v2\/pages\/791\/revisions"}],"predecessor-version":[{"id":794,"href":"https:\/\/helexproject.eu\/de\/wp-json\/wp\/v2\/pages\/791\/revisions\/794"}],"wp:attachment":[{"href":"https:\/\/helexproject.eu\/de\/wp-json\/wp\/v2\/media?parent=791"}],"curies":[{"name":"wp","href":"https:\/\/api.w.org\/{rel}","templated":true}]}}