 {"id":742,"date":"2023-09-20T17:09:30","date_gmt":"2023-09-20T15:09:30","guid":{"rendered":"https:\/\/helexproject.eu\/pourquoi-helex\/"},"modified":"2024-01-24T15:40:36","modified_gmt":"2024-01-24T14:40:36","slug":"pourquoi-helex","status":"publish","type":"page","link":"https:\/\/helexproject.eu\/fr\/pourquoi-helex\/","title":{"rendered":"Pourquoi HelEx ?"},"content":{"rendered":"\t\t<div data-elementor-type=\"wp-page\" data-elementor-id=\"742\" class=\"elementor elementor-742 elementor-163\" data-elementor-post-type=\"page\">\n\t\t\t\t<div class=\"elementor-element elementor-element-2e3350ff e-flex e-con-boxed e-con e-parent\" data-id=\"2e3350ff\" data-element_type=\"container\" data-e-type=\"container\" data-settings=\"{&quot;background_background&quot;:&quot;classic&quot;}\">\n\t\t\t\t\t<div class=\"e-con-inner\">\n\t\t<div class=\"elementor-element elementor-element-77508c9c e-flex e-con-boxed e-con e-child\" data-id=\"77508c9c\" data-element_type=\"container\" data-e-type=\"container\">\n\t\t\t\t\t<div class=\"e-con-inner\">\n\t\t\t\t<div class=\"elementor-element elementor-element-7f417adc elementor-widget elementor-widget-heading\" data-id=\"7f417adc\" data-element_type=\"widget\" data-e-type=\"widget\" data-widget_type=\"heading.default\">\n\t\t\t\t<div class=\"elementor-widget-container\">\n\t\t\t\t\t<h1 class=\"elementor-heading-title elementor-size-default\">Pourquoi HelEx ?<\/h1>\t\t\t\t<\/div>\n\t\t\t\t<\/div>\n\t\t\t\t\t<\/div>\n\t\t\t\t<\/div>\n\t\t\t\t\t<\/div>\n\t\t\t\t<\/div>\n\t\t<div class=\"elementor-element elementor-element-9bddfa8 e-flex e-con-boxed e-con e-parent\" data-id=\"9bddfa8\" data-element_type=\"container\" data-e-type=\"container\">\n\t\t\t\t\t<div class=\"e-con-inner\">\n\t\t<div class=\"elementor-element elementor-element-3f9a641 e-flex e-con-boxed e-con e-child\" data-id=\"3f9a641\" data-element_type=\"container\" data-e-type=\"container\">\n\t\t\t\t\t<div class=\"e-con-inner\">\n\t\t\t\t<div class=\"elementor-element elementor-element-b508a97 elementor-widget elementor-widget-heading\" data-id=\"b508a97\" data-element_type=\"widget\" data-e-type=\"widget\" data-widget_type=\"heading.default\">\n\t\t\t\t<div class=\"elementor-widget-container\">\n\t\t\t\t\t<h2 class=\"elementor-heading-title elementor-size-default\">Vers une agriculture plus durable : exploiter le plein potentiel du tournesol dans un contexte de r\u00e9chauffement climatique<\/h2>\t\t\t\t<\/div>\n\t\t\t\t<\/div>\n\t\t\t\t<div class=\"elementor-element elementor-element-b105aec elementor-widget elementor-widget-text-editor\" data-id=\"b105aec\" data-element_type=\"widget\" data-e-type=\"widget\" data-widget_type=\"text-editor.default\">\n\t\t\t\t<div class=\"elementor-widget-container\">\n\t\t\t\t\t\t\t\t\t<p>Au cours du si\u00e8cle dernier, les progr\u00e8s r\u00e9alis\u00e9s en mati\u00e8re de s\u00e9lection et de techniques agricoles ont permis d&rsquo;am\u00e9liorer les rendements des cultures, mais \u00e0 un co\u00fbt \u00e9cologique important, encore aggrav\u00e9 par le changement climatique.<\/p><p>Les pratiques agricoles intensives ont \u00e9rod\u00e9 la biodiversit\u00e9, affectant notamment les pollinisateurs dans les syst\u00e8mes agricoles europ\u00e9ens.<\/p><p>Le <strong>Green Deal europ\u00e9en<\/strong> met l&rsquo;accent sur la n\u00e9cessit\u00e9 de mettre en place des syst\u00e8mes de culture r\u00e9sistants au changement climatique qui favorisent la biodiversit\u00e9 tout en assurant la production de denr\u00e9es alimentaires et de mati\u00e8res premi\u00e8res.<\/p><p>Le tournesol, une plante ol\u00e9agineuse tol\u00e9rante \u00e0 la s\u00e9cheresse et vitale pour le sud de l&rsquo;Europe, pr\u00e9sente des avantages \u00e9cologiques et \u00e9conomiques. Il constitue une ressource essentielle pour les pollinisateurs et r\u00e9pond aux besoins de l&rsquo;Europe en termes de mati\u00e8res premi\u00e8res.<\/p><p>Cependant, la communaut\u00e9 acad\u00e9mique qui travaille sur le tournesol est confront\u00e9e \u00e0 des d\u00e9fis pour exploiter le potentiel des esp\u00e8ces sauvages d&rsquo;Helianthus et int\u00e9grer les connaissances existantes en vue d&rsquo;une am\u00e9lioration globale de l&rsquo;agriculture.<\/p><p>\u00a0<\/p>\t\t\t\t\t\t\t\t<\/div>\n\t\t\t\t<\/div>\n\t\t\t\t\t<\/div>\n\t\t\t\t<\/div>\n\t\t<div class=\"elementor-element elementor-element-db365b1 e-flex e-con-boxed e-con e-child\" data-id=\"db365b1\" data-element_type=\"container\" data-e-type=\"container\" data-settings=\"{&quot;background_background&quot;:&quot;classic&quot;}\">\n\t\t\t\t\t<div class=\"e-con-inner\">\n\t\t\t\t\t<\/div>\n\t\t\t\t<\/div>\n\t\t\t\t\t<\/div>\n\t\t\t\t<\/div>\n\t\t\t\t<\/div>\n\t\t","protected":false},"excerpt":{"rendered":"<p>Vers une agriculture plus durable : exploiter le plein potentiel du tournesol dans un contexte de r\u00e9chauffement climatique Au cours du si\u00e8cle dernier, les progr\u00e8s r\u00e9alis\u00e9s en mati\u00e8re de s\u00e9lection et de techniques agricoles ont permis d&rsquo;am\u00e9liorer les rendements des cultures, mais \u00e0 un co\u00fbt \u00e9cologique important, encore aggrav\u00e9 par le changement climatique. Les pratiques [&hellip;]<\/p>\n","protected":false},"author":1,"featured_media":0,"parent":0,"menu_order":0,"comment_status":"closed","ping_status":"closed","template":"","meta":{"footnotes":""},"class_list":["post-742","page","type-page","status-publish","hentry"],"yoast_head":"<!-- This site is optimized with the Yoast SEO plugin v27.3 - https:\/\/yoast.com\/product\/yoast-seo-wordpress\/ -->\n<title>Pourquoi HelEx ? - HelEx Project<\/title>\n<meta name=\"description\" content=\"Vers une agriculture plus durable : exploiter le plein potentiel du tournesol dans un contexte de r\u00e9chauffement climatique Au cours du si\u00e8cle dernier, les\" \/>\n<meta name=\"robots\" content=\"index, follow, max-snippet:-1, max-image-preview:large, max-video-preview:-1\" \/>\n<link rel=\"canonical\" href=\"https:\/\/helexproject.eu\/fr\/pourquoi-helex\/\" \/>\n<meta property=\"og:locale\" content=\"fr_FR\" \/>\n<meta property=\"og:type\" content=\"article\" \/>\n<meta property=\"og:title\" content=\"Pourquoi HelEx ? - HelEx Project\" \/>\n<meta property=\"og:description\" content=\"Vers une agriculture plus durable : exploiter le plein potentiel du tournesol dans un contexte de r\u00e9chauffement climatique Au cours du si\u00e8cle dernier, les\" \/>\n<meta property=\"og:url\" content=\"https:\/\/helexproject.eu\/fr\/pourquoi-helex\/\" \/>\n<meta property=\"og:site_name\" content=\"HelEx Project\" \/>\n<meta property=\"article:modified_time\" content=\"2024-01-24T14:40:36+00:00\" \/>\n<meta name=\"twitter:card\" content=\"summary_large_image\" \/>\n<meta name=\"twitter:site\" content=\"@HelexProject\" \/>\n<meta name=\"twitter:label1\" content=\"Dur\u00e9e de lecture estim\u00e9e\" \/>\n\t<meta name=\"twitter:data1\" content=\"1 minute\" \/>\n<script type=\"application\/ld+json\" class=\"yoast-schema-graph\">{\"@context\":\"https:\\\/\\\/schema.org\",\"@graph\":[{\"@type\":\"WebPage\",\"@id\":\"https:\\\/\\\/helexproject.eu\\\/fr\\\/pourquoi-helex\\\/\",\"url\":\"https:\\\/\\\/helexproject.eu\\\/fr\\\/pourquoi-helex\\\/\",\"name\":\"Pourquoi HelEx ? - HelEx Project\",\"isPartOf\":{\"@id\":\"https:\\\/\\\/helexproject.eu\\\/fr\\\/#website\"},\"datePublished\":\"2023-09-20T15:09:30+00:00\",\"dateModified\":\"2024-01-24T14:40:36+00:00\",\"description\":\"Vers une agriculture plus durable : exploiter le plein potentiel du tournesol dans un contexte de r\u00e9chauffement climatique Au cours du si\u00e8cle dernier, les\",\"breadcrumb\":{\"@id\":\"https:\\\/\\\/helexproject.eu\\\/fr\\\/pourquoi-helex\\\/#breadcrumb\"},\"inLanguage\":\"fr-FR\",\"potentialAction\":[{\"@type\":\"ReadAction\",\"target\":[\"https:\\\/\\\/helexproject.eu\\\/fr\\\/pourquoi-helex\\\/\"]}]},{\"@type\":\"BreadcrumbList\",\"@id\":\"https:\\\/\\\/helexproject.eu\\\/fr\\\/pourquoi-helex\\\/#breadcrumb\",\"itemListElement\":[{\"@type\":\"ListItem\",\"position\":1,\"name\":\"Home\",\"item\":\"https:\\\/\\\/helexproject.eu\\\/fr\\\/\"},{\"@type\":\"ListItem\",\"position\":2,\"name\":\"Pourquoi HelEx ?\"}]},{\"@type\":\"WebSite\",\"@id\":\"https:\\\/\\\/helexproject.eu\\\/fr\\\/#website\",\"url\":\"https:\\\/\\\/helexproject.eu\\\/fr\\\/\",\"name\":\"HelEx Project\",\"description\":\"Facing climate change with a new generation of sunflowers\",\"publisher\":{\"@id\":\"https:\\\/\\\/helexproject.eu\\\/fr\\\/#organization\"},\"potentialAction\":[{\"@type\":\"SearchAction\",\"target\":{\"@type\":\"EntryPoint\",\"urlTemplate\":\"https:\\\/\\\/helexproject.eu\\\/fr\\\/?s={search_term_string}\"},\"query-input\":{\"@type\":\"PropertyValueSpecification\",\"valueRequired\":true,\"valueName\":\"search_term_string\"}}],\"inLanguage\":\"fr-FR\"},{\"@type\":\"Organization\",\"@id\":\"https:\\\/\\\/helexproject.eu\\\/fr\\\/#organization\",\"name\":\"HelEx Project\",\"url\":\"https:\\\/\\\/helexproject.eu\\\/fr\\\/\",\"logo\":{\"@type\":\"ImageObject\",\"inLanguage\":\"fr-FR\",\"@id\":\"https:\\\/\\\/helexproject.eu\\\/fr\\\/#\\\/schema\\\/logo\\\/image\\\/\",\"url\":\"https:\\\/\\\/helexproject.eu\\\/wp-content\\\/uploads\\\/2023\\\/09\\\/Logo_HelEx_site.svg\",\"contentUrl\":\"https:\\\/\\\/helexproject.eu\\\/wp-content\\\/uploads\\\/2023\\\/09\\\/Logo_HelEx_site.svg\",\"width\":592,\"height\":183,\"caption\":\"HelEx Project\"},\"image\":{\"@id\":\"https:\\\/\\\/helexproject.eu\\\/fr\\\/#\\\/schema\\\/logo\\\/image\\\/\"},\"sameAs\":[\"https:\\\/\\\/x.com\\\/HelexProject\",\"https:\\\/\\\/www.linkedin.com\\\/company\\\/helexproject\"]}]}<\/script>\n<!-- \/ Yoast SEO plugin. -->","yoast_head_json":{"title":"Pourquoi HelEx ? - HelEx Project","description":"Vers une agriculture plus durable : exploiter le plein potentiel du tournesol dans un contexte de r\u00e9chauffement climatique Au cours du si\u00e8cle dernier, les","robots":{"index":"index","follow":"follow","max-snippet":"max-snippet:-1","max-image-preview":"max-image-preview:large","max-video-preview":"max-video-preview:-1"},"canonical":"https:\/\/helexproject.eu\/fr\/pourquoi-helex\/","og_locale":"fr_FR","og_type":"article","og_title":"Pourquoi HelEx ? - HelEx Project","og_description":"Vers une agriculture plus durable : exploiter le plein potentiel du tournesol dans un contexte de r\u00e9chauffement climatique Au cours du si\u00e8cle dernier, les","og_url":"https:\/\/helexproject.eu\/fr\/pourquoi-helex\/","og_site_name":"HelEx Project","article_modified_time":"2024-01-24T14:40:36+00:00","twitter_card":"summary_large_image","twitter_site":"@HelexProject","twitter_misc":{"Dur\u00e9e de lecture estim\u00e9e":"1 minute"},"schema":{"@context":"https:\/\/schema.org","@graph":[{"@type":"WebPage","@id":"https:\/\/helexproject.eu\/fr\/pourquoi-helex\/","url":"https:\/\/helexproject.eu\/fr\/pourquoi-helex\/","name":"Pourquoi HelEx ? - HelEx Project","isPartOf":{"@id":"https:\/\/helexproject.eu\/fr\/#website"},"datePublished":"2023-09-20T15:09:30+00:00","dateModified":"2024-01-24T14:40:36+00:00","description":"Vers une agriculture plus durable : exploiter le plein potentiel du tournesol dans un contexte de r\u00e9chauffement climatique Au cours du si\u00e8cle dernier, les","breadcrumb":{"@id":"https:\/\/helexproject.eu\/fr\/pourquoi-helex\/#breadcrumb"},"inLanguage":"fr-FR","potentialAction":[{"@type":"ReadAction","target":["https:\/\/helexproject.eu\/fr\/pourquoi-helex\/"]}]},{"@type":"BreadcrumbList","@id":"https:\/\/helexproject.eu\/fr\/pourquoi-helex\/#breadcrumb","itemListElement":[{"@type":"ListItem","position":1,"name":"Home","item":"https:\/\/helexproject.eu\/fr\/"},{"@type":"ListItem","position":2,"name":"Pourquoi HelEx ?"}]},{"@type":"WebSite","@id":"https:\/\/helexproject.eu\/fr\/#website","url":"https:\/\/helexproject.eu\/fr\/","name":"HelEx Project","description":"Facing climate change with a new generation of sunflowers","publisher":{"@id":"https:\/\/helexproject.eu\/fr\/#organization"},"potentialAction":[{"@type":"SearchAction","target":{"@type":"EntryPoint","urlTemplate":"https:\/\/helexproject.eu\/fr\/?s={search_term_string}"},"query-input":{"@type":"PropertyValueSpecification","valueRequired":true,"valueName":"search_term_string"}}],"inLanguage":"fr-FR"},{"@type":"Organization","@id":"https:\/\/helexproject.eu\/fr\/#organization","name":"HelEx Project","url":"https:\/\/helexproject.eu\/fr\/","logo":{"@type":"ImageObject","inLanguage":"fr-FR","@id":"https:\/\/helexproject.eu\/fr\/#\/schema\/logo\/image\/","url":"https:\/\/helexproject.eu\/wp-content\/uploads\/2023\/09\/Logo_HelEx_site.svg","contentUrl":"https:\/\/helexproject.eu\/wp-content\/uploads\/2023\/09\/Logo_HelEx_site.svg","width":592,"height":183,"caption":"HelEx Project"},"image":{"@id":"https:\/\/helexproject.eu\/fr\/#\/schema\/logo\/image\/"},"sameAs":["https:\/\/x.com\/HelexProject","https:\/\/www.linkedin.com\/company\/helexproject"]}]}},"_links":{"self":[{"href":"https:\/\/helexproject.eu\/fr\/wp-json\/wp\/v2\/pages\/742","targetHints":{"allow":["GET"]}}],"collection":[{"href":"https:\/\/helexproject.eu\/fr\/wp-json\/wp\/v2\/pages"}],"about":[{"href":"https:\/\/helexproject.eu\/fr\/wp-json\/wp\/v2\/types\/page"}],"author":[{"embeddable":true,"href":"https:\/\/helexproject.eu\/fr\/wp-json\/wp\/v2\/users\/1"}],"replies":[{"embeddable":true,"href":"https:\/\/helexproject.eu\/fr\/wp-json\/wp\/v2\/comments?post=742"}],"version-history":[{"count":6,"href":"https:\/\/helexproject.eu\/fr\/wp-json\/wp\/v2\/pages\/742\/revisions"}],"predecessor-version":[{"id":773,"href":"https:\/\/helexproject.eu\/fr\/wp-json\/wp\/v2\/pages\/742\/revisions\/773"}],"wp:attachment":[{"href":"https:\/\/helexproject.eu\/fr\/wp-json\/wp\/v2\/media?parent=742"}],"curies":[{"name":"wp","href":"https:\/\/api.w.org\/{rel}","templated":true}]}}