 {"id":746,"date":"2023-09-21T09:58:04","date_gmt":"2023-09-21T07:58:04","guid":{"rendered":"https:\/\/helexproject.eu\/le-projet-helex\/"},"modified":"2024-02-09T13:08:17","modified_gmt":"2024-02-09T12:08:17","slug":"le-projet-helex","status":"publish","type":"page","link":"https:\/\/helexproject.eu\/fr\/le-projet-helex\/","title":{"rendered":"Le projet HelEx"},"content":{"rendered":"\t\t<div data-elementor-type=\"wp-page\" data-elementor-id=\"746\" class=\"elementor elementor-746 elementor-232\" data-elementor-post-type=\"page\">\n\t\t\t\t<div class=\"elementor-element elementor-element-4795ee1c e-flex e-con-boxed e-con e-parent\" data-id=\"4795ee1c\" data-element_type=\"container\" data-settings=\"{&quot;background_background&quot;:&quot;classic&quot;}\">\n\t\t\t\t\t<div class=\"e-con-inner\">\n\t\t<div class=\"elementor-element elementor-element-7790ded2 e-flex e-con-boxed e-con e-child\" data-id=\"7790ded2\" data-element_type=\"container\">\n\t\t\t\t\t<div class=\"e-con-inner\">\n\t\t\t\t<div class=\"elementor-element elementor-element-171ab24 elementor-widget elementor-widget-heading\" data-id=\"171ab24\" data-element_type=\"widget\" data-widget_type=\"heading.default\">\n\t\t\t\t<div class=\"elementor-widget-container\">\n\t\t\t\t\t<h1 class=\"elementor-heading-title elementor-size-default\">Le projet HelEx<\/h1>\t\t\t\t<\/div>\n\t\t\t\t<\/div>\n\t\t\t\t\t<\/div>\n\t\t\t\t<\/div>\n\t\t\t\t\t<\/div>\n\t\t\t\t<\/div>\n\t\t<div class=\"elementor-element elementor-element-8e8f754 e-flex e-con-boxed e-con e-parent\" data-id=\"8e8f754\" data-element_type=\"container\" data-settings=\"{&quot;background_background&quot;:&quot;classic&quot;}\">\n\t\t\t\t\t<div class=\"e-con-inner\">\n\t\t\t\t<div class=\"elementor-element elementor-element-066b3c9 elementor-widget__width-initial elementor-widget elementor-widget-image\" data-id=\"066b3c9\" data-element_type=\"widget\" data-widget_type=\"image.default\">\n\t\t\t\t<div class=\"elementor-widget-container\">\n\t\t\t\t\t\t\t\t\t\t\t\t\t\t\t<img fetchpriority=\"high\" decoding=\"async\" width=\"553\" height=\"991\" src=\"https:\/\/helexproject.eu\/wp-content\/uploads\/2023\/09\/HelEx_TOURNESOL.png\" class=\"attachment-large size-large wp-image-696\" alt=\"\" srcset=\"https:\/\/helexproject.eu\/wp-content\/uploads\/2023\/09\/HelEx_TOURNESOL.png 553w, https:\/\/helexproject.eu\/wp-content\/uploads\/2023\/09\/HelEx_TOURNESOL-167x300.png 167w\" sizes=\"(max-width: 553px) 100vw, 553px\" \/>\t\t\t\t\t\t\t\t\t\t\t\t\t\t\t<\/div>\n\t\t\t\t<\/div>\n\t\t<div class=\"elementor-element elementor-element-8fb2e5a e-flex e-con-boxed e-con e-child\" data-id=\"8fb2e5a\" data-element_type=\"container\">\n\t\t\t\t\t<div class=\"e-con-inner\">\n\t\t\t\t<div class=\"elementor-element elementor-element-6b89155 elementor-widget elementor-widget-heading\" data-id=\"6b89155\" data-element_type=\"widget\" data-widget_type=\"heading.default\">\n\t\t\t\t<div class=\"elementor-widget-container\">\n\t\t\t\t\t<h2 class=\"elementor-heading-title elementor-size-default\">Le tournesol europ\u00e9en exploite les d\u00e9fenses naturelles de l'Helianthus contre la s\u00e9cheresse.<\/h2>\t\t\t\t<\/div>\n\t\t\t\t<\/div>\n\t\t\t\t<div class=\"elementor-element elementor-element-e9b5d87 elementor-widget elementor-widget-text-editor\" data-id=\"e9b5d87\" data-element_type=\"widget\" data-widget_type=\"text-editor.default\">\n\t\t\t\t<div class=\"elementor-widget-container\">\n\t\t\t\t\t\t\t\t\t<p>HelEx est un projet de recherche et d&rsquo;innovation de 4 ans soutenu par le programme Horizon Europe de l&rsquo;UE.<\/p><p>Le projet de 5,5 millions d&rsquo;euros vise \u00e0 identifier des strat\u00e9gies mol\u00e9culaires et g\u00e9n\u00e9tiques permettant d&rsquo;adapter la culture du tournesol au changement climatique tout en am\u00e9liorant son empreinte environnementale.<\/p><p>L&rsquo;objectif principal est de cr\u00e9er de nouvelles vari\u00e9t\u00e9s de tournesol plus r\u00e9sistantes \u00e0 la s\u00e9cheresse et aux conditions climatiques extr\u00eames, en utilisant des vari\u00e9t\u00e9s d&rsquo;Helianthus Extremophilus.<\/p>\t\t\t\t\t\t\t\t<\/div>\n\t\t\t\t<\/div>\n\t\t\t\t\t<\/div>\n\t\t\t\t<\/div>\n\t\t\t\t\t<\/div>\n\t\t\t\t<\/div>\n\t\t<div class=\"elementor-element elementor-element-68d425d e-flex e-con-boxed e-con e-parent\" data-id=\"68d425d\" data-element_type=\"container\" data-settings=\"{&quot;background_background&quot;:&quot;classic&quot;}\">\n\t\t\t\t\t<div class=\"e-con-inner\">\n\t\t<div class=\"elementor-element elementor-element-4bc1fff e-con-full e-flex e-con e-child\" data-id=\"4bc1fff\" data-element_type=\"container\" data-settings=\"{&quot;background_background&quot;:&quot;classic&quot;}\">\n\t\t\t\t<div class=\"elementor-element elementor-element-bb52d64 elementor-widget elementor-widget-image\" data-id=\"bb52d64\" data-element_type=\"widget\" data-widget_type=\"image.default\">\n\t\t\t\t<div class=\"elementor-widget-container\">\n\t\t\t\t\t\t\t\t\t\t\t\t\t\t\t<img decoding=\"async\" width=\"2560\" height=\"1944\" src=\"https:\/\/helexproject.eu\/wp-content\/uploads\/2023\/09\/Logo_white-02-19.png\" class=\"attachment-full size-full wp-image-700\" alt=\"\" srcset=\"https:\/\/helexproject.eu\/wp-content\/uploads\/2023\/09\/Logo_white-02-19.png 2560w, https:\/\/helexproject.eu\/wp-content\/uploads\/2023\/09\/Logo_white-02-19-300x228.png 300w, https:\/\/helexproject.eu\/wp-content\/uploads\/2023\/09\/Logo_white-02-19-1024x778.png 1024w, https:\/\/helexproject.eu\/wp-content\/uploads\/2023\/09\/Logo_white-02-19-768x583.png 768w, https:\/\/helexproject.eu\/wp-content\/uploads\/2023\/09\/Logo_white-02-19-1536x1167.png 1536w, https:\/\/helexproject.eu\/wp-content\/uploads\/2023\/09\/Logo_white-02-19-2048x1555.png 2048w\" sizes=\"(max-width: 2560px) 100vw, 2560px\" \/>\t\t\t\t\t\t\t\t\t\t\t\t\t\t\t<\/div>\n\t\t\t\t<\/div>\n\t\t\t\t<\/div>\n\t\t<div class=\"elementor-element elementor-element-bf361b9 e-con-full e-flex e-con e-child\" data-id=\"bf361b9\" data-element_type=\"container\" data-settings=\"{&quot;background_background&quot;:&quot;classic&quot;}\">\n\t\t\t\t<div class=\"elementor-element elementor-element-89d8197 elementor-widget elementor-widget-heading\" data-id=\"89d8197\" data-element_type=\"widget\" data-widget_type=\"heading.default\">\n\t\t\t\t<div class=\"elementor-widget-container\">\n\t\t\t\t\t<h2 class=\"elementor-heading-title elementor-size-default\">HelEx : am\u00e9liorer la r\u00e9silience du tournesol face aux d\u00e9fis climatiques<\/h2>\t\t\t\t<\/div>\n\t\t\t\t<\/div>\n\t\t\t\t<div class=\"elementor-element elementor-element-41191f7 elementor-widget elementor-widget-text-editor\" data-id=\"41191f7\" data-element_type=\"widget\" data-widget_type=\"text-editor.default\">\n\t\t\t\t<div class=\"elementor-widget-container\">\n\t\t\t\t\t\t\t\t\t<p>Les stress abiotiques, en particulier la s\u00e9cheresse et la chaleur, ont un impact significatif sur la physiologie et le d\u00e9veloppement des plantes et, par cons\u00e9quent, sur le rendement des cultures.<\/p><p>En Europe, la s\u00e9cheresse a un effet prononc\u00e9 sur l&rsquo;agriculture, notamment pour les producteurs de tournesol. Les esp\u00e8ces v\u00e9g\u00e9tales sauvages, en particulier les 49 esp\u00e8ces d&rsquo;Helianthus originaires d&rsquo;Am\u00e9rique du Nord, ont \u00e9volu\u00e9 pour r\u00e9sister \u00e0 de tels stress.<\/p><p>Ces esp\u00e8ces ont d\u00e9velopp\u00e9 des strat\u00e9gies de r\u00e9silience pour prosp\u00e9rer dans des environnements extr\u00eames, tels que les d\u00e9serts et les zones de haute altitude. Elles restent tr\u00e8s attractives pour les pollinisateurs, ce qui est crucial puisqu&rsquo;elles sont auto-incompatibles. L&rsquo;attrait du tournesol pour les pollinisateurs est conditionn\u00e9 par des signaux visuels et olfactifs, ainsi que par des r\u00e9compenses comme le nectar et le pollen, susceptibles d&rsquo;\u00eatre affect\u00e9es par les conditions environnementales.<\/p>\t\t\t\t\t\t\t\t<\/div>\n\t\t\t\t<\/div>\n\t\t\t\t<\/div>\n\t\t\t\t\t<\/div>\n\t\t\t\t<\/div>\n\t\t<div class=\"elementor-element elementor-element-bfc6933 e-flex e-con-boxed e-con e-parent\" data-id=\"bfc6933\" data-element_type=\"container\">\n\t\t\t\t\t<div class=\"e-con-inner\">\n\t\t<div class=\"elementor-element elementor-element-fc515f3 e-con-full e-flex e-con e-child\" data-id=\"fc515f3\" data-element_type=\"container\">\n\t\t\t\t<div class=\"elementor-element elementor-element-2ebd78f elementor-widget elementor-widget-heading\" data-id=\"2ebd78f\" data-element_type=\"widget\" data-widget_type=\"heading.default\">\n\t\t\t\t<div class=\"elementor-widget-container\">\n\t\t\t\t\t<h2 class=\"elementor-heading-title elementor-size-default\">Am\u00e9liorer la r\u00e9silience du tournesol gr\u00e2ce \u00e0 la g\u00e9n\u00e9tique sauvage et aux technologies de pointe<\/h2>\t\t\t\t<\/div>\n\t\t\t\t<\/div>\n\t\t\t\t<div class=\"elementor-element elementor-element-d289e22 elementor-widget elementor-widget-text-editor\" data-id=\"d289e22\" data-element_type=\"widget\" data-widget_type=\"text-editor.default\">\n\t\t\t\t<div class=\"elementor-widget-container\">\n\t\t\t\t\t\t\t\t\t<p>HelEx vise \u00e0 exploiter les m\u00e9canismes g\u00e9n\u00e9tiques et mol\u00e9culaires d\u00e9velopp\u00e9s par les esp\u00e8ces sauvages d&rsquo;Helianthus pour s&rsquo;adapter aux climats extr\u00eames.<\/p><p>L&rsquo;objectif est d&rsquo;int\u00e9grer ces m\u00e9canismes dans les tournesols cultiv\u00e9s afin de maintenir la qualit\u00e9 des semences et les ressources en pollinisateurs. Plusieurs projets se sont concentr\u00e9s sur la tol\u00e9rance du tournesol \u00e0 la s\u00e9cheresse et \u00e0 d&rsquo;autres stress abiotiques, principalement au niveau mol\u00e9culaire.<\/p><p>HelEx cherche \u00e0 aller au-del\u00e0 des connaissances existantes en d\u00e9veloppant des m\u00e9thodes de ph\u00e9notypage innovantes utilisant l&rsquo;IA, en produisant des r\u00e9seaux multi-omiques et en identifiant de nouveaux haplotypes \u00e0 partir d&rsquo;esp\u00e8ces sauvages d&rsquo;Helianthus.<\/p><p>Le projet vise \u00e9galement \u00e0 am\u00e9liorer les programmes de s\u00e9lection du tournesol, en relevant des d\u00e9fis tels que l&rsquo;\u00e9troite base g\u00e9n\u00e9tique du tournesol cultiv\u00e9 et la nature complexe des caract\u00e9ristiques souhait\u00e9es.<\/p><p>\u00a0<\/p>\t\t\t\t\t\t\t\t<\/div>\n\t\t\t\t<\/div>\n\t\t\t\t<\/div>\n\t\t<div class=\"elementor-element elementor-element-b268038 e-con-full e-flex e-con e-child\" data-id=\"b268038\" data-element_type=\"container\" data-settings=\"{&quot;background_background&quot;:&quot;slideshow&quot;,&quot;background_slideshow_gallery&quot;:[{&quot;id&quot;:482,&quot;url&quot;:&quot;https:\\\/\\\/helexproject.eu\\\/wp-content\\\/uploads\\\/2023\\\/11\\\/HelEx_bulles.svg&quot;}],&quot;background_slideshow_loop&quot;:&quot;yes&quot;,&quot;background_slideshow_slide_duration&quot;:5000,&quot;background_slideshow_slide_transition&quot;:&quot;fade&quot;,&quot;background_slideshow_transition_duration&quot;:500}\">\n\t\t\t\t<\/div>\n\t\t\t\t\t<\/div>\n\t\t\t\t<\/div>\n\t\t<div class=\"elementor-element elementor-element-2c58fa0 e-flex e-con-boxed e-con e-parent\" data-id=\"2c58fa0\" data-element_type=\"container\">\n\t\t\t\t\t<div class=\"e-con-inner\">\n\t\t\t\t<div class=\"elementor-element elementor-element-185bd53 elementor-widget elementor-widget-heading\" data-id=\"185bd53\" data-element_type=\"widget\" data-widget_type=\"heading.default\">\n\t\t\t\t<div class=\"elementor-widget-container\">\n\t\t\t\t\t<h2 class=\"elementor-heading-title elementor-size-default\">HelEx en chiffres<\/h2>\t\t\t\t<\/div>\n\t\t\t\t<\/div>\n\t\t\t\t\t<\/div>\n\t\t\t\t<\/div>\n\t\t<div class=\"elementor-element elementor-element-bc26fe0 e-flex e-con-boxed e-con e-parent\" data-id=\"bc26fe0\" data-element_type=\"container\">\n\t\t\t\t\t<div class=\"e-con-inner\">\n\t\t<div class=\"elementor-element elementor-element-7b57ebb e-con-full e-flex e-con e-child\" data-id=\"7b57ebb\" data-element_type=\"container\">\n\t\t\t\t<div class=\"elementor-element elementor-element-12df835 elementor-widget elementor-widget-counter\" data-id=\"12df835\" data-element_type=\"widget\" data-widget_type=\"counter.default\">\n\t\t\t\t<div class=\"elementor-widget-container\">\n\t\t\t\t\t\t\t<div class=\"elementor-counter\">\n\t\t\t<div class=\"elementor-counter-title\">ann\u00e9es<\/div>\t\t\t<div class=\"elementor-counter-number-wrapper\">\n\t\t\t\t<span class=\"elementor-counter-number-prefix\"><\/span>\n\t\t\t\t<span class=\"elementor-counter-number\" data-duration=\"2000\" data-to-value=\"4\" data-from-value=\"0\" data-delimiter=\",\">0<\/span>\n\t\t\t\t<span class=\"elementor-counter-number-suffix\"><\/span>\n\t\t\t<\/div>\n\t\t<\/div>\n\t\t\t\t\t\t<\/div>\n\t\t\t\t<\/div>\n\t\t\t\t<\/div>\n\t\t<div class=\"elementor-element elementor-element-c4c570f e-con-full e-flex e-con e-child\" data-id=\"c4c570f\" data-element_type=\"container\">\n\t\t\t\t<div class=\"elementor-element elementor-element-160d427 elementor-widget elementor-widget-counter\" data-id=\"160d427\" data-element_type=\"widget\" data-widget_type=\"counter.default\">\n\t\t\t\t<div class=\"elementor-widget-container\">\n\t\t\t\t\t\t\t<div class=\"elementor-counter\">\n\t\t\t<div class=\"elementor-counter-title\">  millions d'euros de budget<\/div>\t\t\t<div class=\"elementor-counter-number-wrapper\">\n\t\t\t\t<span class=\"elementor-counter-number-prefix\"><\/span>\n\t\t\t\t<span class=\"elementor-counter-number\" data-duration=\"2000\" data-to-value=\"5.5\" data-from-value=\"0\" data-delimiter=\",\">0<\/span>\n\t\t\t\t<span class=\"elementor-counter-number-suffix\"><\/span>\n\t\t\t<\/div>\n\t\t<\/div>\n\t\t\t\t\t\t<\/div>\n\t\t\t\t<\/div>\n\t\t\t\t<\/div>\n\t\t<div class=\"elementor-element elementor-element-691d722 e-con-full e-flex e-con e-child\" data-id=\"691d722\" data-element_type=\"container\">\n\t\t\t\t<div class=\"elementor-element elementor-element-4d5fd3a elementor-widget elementor-widget-counter\" data-id=\"4d5fd3a\" data-element_type=\"widget\" data-widget_type=\"counter.default\">\n\t\t\t\t<div class=\"elementor-widget-container\">\n\t\t\t\t\t\t\t<div class=\"elementor-counter\">\n\t\t\t<div class=\"elementor-counter-title\">partenaires<\/div>\t\t\t<div class=\"elementor-counter-number-wrapper\">\n\t\t\t\t<span class=\"elementor-counter-number-prefix\"><\/span>\n\t\t\t\t<span class=\"elementor-counter-number\" data-duration=\"2000\" data-to-value=\"18\" data-from-value=\"0\" data-delimiter=\",\">0<\/span>\n\t\t\t\t<span class=\"elementor-counter-number-suffix\"><\/span>\n\t\t\t<\/div>\n\t\t<\/div>\n\t\t\t\t\t\t<\/div>\n\t\t\t\t<\/div>\n\t\t\t\t<\/div>\n\t\t\t\t\t<\/div>\n\t\t\t\t<\/div>\n\t\t\t\t<\/div>\n\t\t","protected":false},"excerpt":{"rendered":"<p>Le tournesol europ\u00e9en exploite les d\u00e9fenses naturelles de l&rsquo;Helianthus contre la s\u00e9cheresse. HelEx est un projet de recherche et d&rsquo;innovation de 4 ans soutenu par le programme Horizon Europe de l&rsquo;UE. Le projet de 5,5 millions d&rsquo;euros vise \u00e0 identifier des strat\u00e9gies mol\u00e9culaires et g\u00e9n\u00e9tiques permettant d&rsquo;adapter la culture du tournesol au changement climatique tout [&hellip;]<\/p>\n","protected":false},"author":1,"featured_media":0,"parent":0,"menu_order":0,"comment_status":"closed","ping_status":"closed","template":"","meta":{"footnotes":""},"class_list":["post-746","page","type-page","status-publish","hentry"],"yoast_head":"<!-- This site is optimized with the Yoast SEO plugin v26.6 - https:\/\/yoast.com\/wordpress\/plugins\/seo\/ -->\n<title>Le projet HelEx - HelEx Project<\/title>\n<meta name=\"description\" content=\"Le tournesol europ\u00e9en exploite les d\u00e9fenses naturelles de l&#039;Helianthus contre la s\u00e9cheresse. HelEx est un projet de recherche et d&#039;innovation de 4 ans\" \/>\n<meta name=\"robots\" content=\"index, follow, max-snippet:-1, max-image-preview:large, max-video-preview:-1\" \/>\n<link rel=\"canonical\" href=\"https:\/\/helexproject.eu\/fr\/le-projet-helex\/\" \/>\n<meta property=\"og:locale\" content=\"fr_FR\" \/>\n<meta property=\"og:type\" content=\"article\" \/>\n<meta property=\"og:title\" content=\"Le projet HelEx - HelEx Project\" \/>\n<meta property=\"og:description\" content=\"Le tournesol europ\u00e9en exploite les d\u00e9fenses naturelles de l&#039;Helianthus contre la s\u00e9cheresse. HelEx est un projet de recherche et d&#039;innovation de 4 ans\" \/>\n<meta property=\"og:url\" content=\"https:\/\/helexproject.eu\/fr\/le-projet-helex\/\" \/>\n<meta property=\"og:site_name\" content=\"HelEx Project\" \/>\n<meta property=\"article:modified_time\" content=\"2024-02-09T12:08:17+00:00\" \/>\n<meta property=\"og:image\" content=\"https:\/\/helexproject.eu\/wp-content\/uploads\/2023\/09\/HelEx_TOURNESOL.png\" \/>\n<meta name=\"twitter:card\" content=\"summary_large_image\" \/>\n<meta name=\"twitter:site\" content=\"@HelexProject\" \/>\n<meta name=\"twitter:label1\" content=\"Dur\u00e9e de lecture estim\u00e9e\" \/>\n\t<meta name=\"twitter:data1\" content=\"3 minutes\" \/>\n<script type=\"application\/ld+json\" class=\"yoast-schema-graph\">{\"@context\":\"https:\/\/schema.org\",\"@graph\":[{\"@type\":\"WebPage\",\"@id\":\"https:\/\/helexproject.eu\/fr\/le-projet-helex\/\",\"url\":\"https:\/\/helexproject.eu\/fr\/le-projet-helex\/\",\"name\":\"Le projet HelEx - HelEx Project\",\"isPartOf\":{\"@id\":\"https:\/\/helexproject.eu\/fr\/#website\"},\"primaryImageOfPage\":{\"@id\":\"https:\/\/helexproject.eu\/fr\/le-projet-helex\/#primaryimage\"},\"image\":{\"@id\":\"https:\/\/helexproject.eu\/fr\/le-projet-helex\/#primaryimage\"},\"thumbnailUrl\":\"https:\/\/helexproject.eu\/wp-content\/uploads\/2023\/09\/HelEx_TOURNESOL.png\",\"datePublished\":\"2023-09-21T07:58:04+00:00\",\"dateModified\":\"2024-02-09T12:08:17+00:00\",\"description\":\"Le tournesol europ\u00e9en exploite les d\u00e9fenses naturelles de l'Helianthus contre la s\u00e9cheresse. HelEx est un projet de recherche et d'innovation de 4 ans\",\"breadcrumb\":{\"@id\":\"https:\/\/helexproject.eu\/fr\/le-projet-helex\/#breadcrumb\"},\"inLanguage\":\"fr-FR\",\"potentialAction\":[{\"@type\":\"ReadAction\",\"target\":[\"https:\/\/helexproject.eu\/fr\/le-projet-helex\/\"]}]},{\"@type\":\"ImageObject\",\"inLanguage\":\"fr-FR\",\"@id\":\"https:\/\/helexproject.eu\/fr\/le-projet-helex\/#primaryimage\",\"url\":\"https:\/\/helexproject.eu\/wp-content\/uploads\/2023\/09\/HelEx_TOURNESOL.png\",\"contentUrl\":\"https:\/\/helexproject.eu\/wp-content\/uploads\/2023\/09\/HelEx_TOURNESOL.png\"},{\"@type\":\"BreadcrumbList\",\"@id\":\"https:\/\/helexproject.eu\/fr\/le-projet-helex\/#breadcrumb\",\"itemListElement\":[{\"@type\":\"ListItem\",\"position\":1,\"name\":\"Home\",\"item\":\"https:\/\/helexproject.eu\/fr\/\"},{\"@type\":\"ListItem\",\"position\":2,\"name\":\"Le projet HelEx\"}]},{\"@type\":\"WebSite\",\"@id\":\"https:\/\/helexproject.eu\/fr\/#website\",\"url\":\"https:\/\/helexproject.eu\/fr\/\",\"name\":\"HelEx Project\",\"description\":\"Facing climate change with a new generation of sunflowers\",\"publisher\":{\"@id\":\"https:\/\/helexproject.eu\/fr\/#organization\"},\"potentialAction\":[{\"@type\":\"SearchAction\",\"target\":{\"@type\":\"EntryPoint\",\"urlTemplate\":\"https:\/\/helexproject.eu\/fr\/?s={search_term_string}\"},\"query-input\":{\"@type\":\"PropertyValueSpecification\",\"valueRequired\":true,\"valueName\":\"search_term_string\"}}],\"inLanguage\":\"fr-FR\"},{\"@type\":\"Organization\",\"@id\":\"https:\/\/helexproject.eu\/fr\/#organization\",\"name\":\"HelEx Project\",\"url\":\"https:\/\/helexproject.eu\/fr\/\",\"logo\":{\"@type\":\"ImageObject\",\"inLanguage\":\"fr-FR\",\"@id\":\"https:\/\/helexproject.eu\/fr\/#\/schema\/logo\/image\/\",\"url\":\"https:\/\/helexproject.eu\/wp-content\/uploads\/2023\/09\/Logo_HelEx_site.svg\",\"contentUrl\":\"https:\/\/helexproject.eu\/wp-content\/uploads\/2023\/09\/Logo_HelEx_site.svg\",\"width\":592,\"height\":183,\"caption\":\"HelEx Project\"},\"image\":{\"@id\":\"https:\/\/helexproject.eu\/fr\/#\/schema\/logo\/image\/\"},\"sameAs\":[\"https:\/\/x.com\/HelexProject\",\"https:\/\/www.linkedin.com\/company\/helexproject\"]}]}<\/script>\n<!-- \/ Yoast SEO plugin. -->","yoast_head_json":{"title":"Le projet HelEx - HelEx Project","description":"Le tournesol europ\u00e9en exploite les d\u00e9fenses naturelles de l'Helianthus contre la s\u00e9cheresse. HelEx est un projet de recherche et d'innovation de 4 ans","robots":{"index":"index","follow":"follow","max-snippet":"max-snippet:-1","max-image-preview":"max-image-preview:large","max-video-preview":"max-video-preview:-1"},"canonical":"https:\/\/helexproject.eu\/fr\/le-projet-helex\/","og_locale":"fr_FR","og_type":"article","og_title":"Le projet HelEx - HelEx Project","og_description":"Le tournesol europ\u00e9en exploite les d\u00e9fenses naturelles de l'Helianthus contre la s\u00e9cheresse. HelEx est un projet de recherche et d'innovation de 4 ans","og_url":"https:\/\/helexproject.eu\/fr\/le-projet-helex\/","og_site_name":"HelEx Project","article_modified_time":"2024-02-09T12:08:17+00:00","og_image":[{"url":"https:\/\/helexproject.eu\/wp-content\/uploads\/2023\/09\/HelEx_TOURNESOL.png","type":"","width":"","height":""}],"twitter_card":"summary_large_image","twitter_site":"@HelexProject","twitter_misc":{"Dur\u00e9e de lecture estim\u00e9e":"3 minutes"},"schema":{"@context":"https:\/\/schema.org","@graph":[{"@type":"WebPage","@id":"https:\/\/helexproject.eu\/fr\/le-projet-helex\/","url":"https:\/\/helexproject.eu\/fr\/le-projet-helex\/","name":"Le projet HelEx - HelEx Project","isPartOf":{"@id":"https:\/\/helexproject.eu\/fr\/#website"},"primaryImageOfPage":{"@id":"https:\/\/helexproject.eu\/fr\/le-projet-helex\/#primaryimage"},"image":{"@id":"https:\/\/helexproject.eu\/fr\/le-projet-helex\/#primaryimage"},"thumbnailUrl":"https:\/\/helexproject.eu\/wp-content\/uploads\/2023\/09\/HelEx_TOURNESOL.png","datePublished":"2023-09-21T07:58:04+00:00","dateModified":"2024-02-09T12:08:17+00:00","description":"Le tournesol europ\u00e9en exploite les d\u00e9fenses naturelles de l'Helianthus contre la s\u00e9cheresse. HelEx est un projet de recherche et d'innovation de 4 ans","breadcrumb":{"@id":"https:\/\/helexproject.eu\/fr\/le-projet-helex\/#breadcrumb"},"inLanguage":"fr-FR","potentialAction":[{"@type":"ReadAction","target":["https:\/\/helexproject.eu\/fr\/le-projet-helex\/"]}]},{"@type":"ImageObject","inLanguage":"fr-FR","@id":"https:\/\/helexproject.eu\/fr\/le-projet-helex\/#primaryimage","url":"https:\/\/helexproject.eu\/wp-content\/uploads\/2023\/09\/HelEx_TOURNESOL.png","contentUrl":"https:\/\/helexproject.eu\/wp-content\/uploads\/2023\/09\/HelEx_TOURNESOL.png"},{"@type":"BreadcrumbList","@id":"https:\/\/helexproject.eu\/fr\/le-projet-helex\/#breadcrumb","itemListElement":[{"@type":"ListItem","position":1,"name":"Home","item":"https:\/\/helexproject.eu\/fr\/"},{"@type":"ListItem","position":2,"name":"Le projet HelEx"}]},{"@type":"WebSite","@id":"https:\/\/helexproject.eu\/fr\/#website","url":"https:\/\/helexproject.eu\/fr\/","name":"HelEx Project","description":"Facing climate change with a new generation of sunflowers","publisher":{"@id":"https:\/\/helexproject.eu\/fr\/#organization"},"potentialAction":[{"@type":"SearchAction","target":{"@type":"EntryPoint","urlTemplate":"https:\/\/helexproject.eu\/fr\/?s={search_term_string}"},"query-input":{"@type":"PropertyValueSpecification","valueRequired":true,"valueName":"search_term_string"}}],"inLanguage":"fr-FR"},{"@type":"Organization","@id":"https:\/\/helexproject.eu\/fr\/#organization","name":"HelEx Project","url":"https:\/\/helexproject.eu\/fr\/","logo":{"@type":"ImageObject","inLanguage":"fr-FR","@id":"https:\/\/helexproject.eu\/fr\/#\/schema\/logo\/image\/","url":"https:\/\/helexproject.eu\/wp-content\/uploads\/2023\/09\/Logo_HelEx_site.svg","contentUrl":"https:\/\/helexproject.eu\/wp-content\/uploads\/2023\/09\/Logo_HelEx_site.svg","width":592,"height":183,"caption":"HelEx Project"},"image":{"@id":"https:\/\/helexproject.eu\/fr\/#\/schema\/logo\/image\/"},"sameAs":["https:\/\/x.com\/HelexProject","https:\/\/www.linkedin.com\/company\/helexproject"]}]}},"_links":{"self":[{"href":"https:\/\/helexproject.eu\/fr\/wp-json\/wp\/v2\/pages\/746","targetHints":{"allow":["GET"]}}],"collection":[{"href":"https:\/\/helexproject.eu\/fr\/wp-json\/wp\/v2\/pages"}],"about":[{"href":"https:\/\/helexproject.eu\/fr\/wp-json\/wp\/v2\/types\/page"}],"author":[{"embeddable":true,"href":"https:\/\/helexproject.eu\/fr\/wp-json\/wp\/v2\/users\/1"}],"replies":[{"embeddable":true,"href":"https:\/\/helexproject.eu\/fr\/wp-json\/wp\/v2\/comments?post=746"}],"version-history":[{"count":15,"href":"https:\/\/helexproject.eu\/fr\/wp-json\/wp\/v2\/pages\/746\/revisions"}],"predecessor-version":[{"id":845,"href":"https:\/\/helexproject.eu\/fr\/wp-json\/wp\/v2\/pages\/746\/revisions\/845"}],"wp:attachment":[{"href":"https:\/\/helexproject.eu\/fr\/wp-json\/wp\/v2\/media?parent=746"}],"curies":[{"name":"wp","href":"https:\/\/api.w.org\/{rel}","templated":true}]}}