 {"id":750,"date":"2023-11-22T15:57:43","date_gmt":"2023-11-22T14:57:43","guid":{"rendered":"https:\/\/helexproject.eu\/activites\/"},"modified":"2024-01-24T15:48:09","modified_gmt":"2024-01-24T14:48:09","slug":"activites","status":"publish","type":"page","link":"https:\/\/helexproject.eu\/fr\/activites\/","title":{"rendered":"Activit\u00e9s"},"content":{"rendered":"\t\t<div data-elementor-type=\"wp-page\" data-elementor-id=\"750\" class=\"elementor elementor-750 elementor-442\" data-elementor-post-type=\"page\">\n\t\t\t\t<div class=\"elementor-element elementor-element-744fc367 e-flex e-con-boxed e-con e-parent\" data-id=\"744fc367\" data-element_type=\"container\" data-e-type=\"container\" data-settings=\"{&quot;background_background&quot;:&quot;classic&quot;}\">\n\t\t\t\t\t<div class=\"e-con-inner\">\n\t\t<div class=\"elementor-element elementor-element-17968609 e-flex e-con-boxed e-con e-child\" data-id=\"17968609\" data-element_type=\"container\" data-e-type=\"container\">\n\t\t\t\t\t<div class=\"e-con-inner\">\n\t\t\t\t<div class=\"elementor-element elementor-element-73e27569 elementor-widget elementor-widget-heading\" data-id=\"73e27569\" data-element_type=\"widget\" data-e-type=\"widget\" data-widget_type=\"heading.default\">\n\t\t\t\t<div class=\"elementor-widget-container\">\n\t\t\t\t\t<h1 class=\"elementor-heading-title elementor-size-default\">Activit\u00e9s<\/h1>\t\t\t\t<\/div>\n\t\t\t\t<\/div>\n\t\t\t\t\t<\/div>\n\t\t\t\t<\/div>\n\t\t\t\t\t<\/div>\n\t\t\t\t<\/div>\n\t\t<div class=\"elementor-element elementor-element-ab2c1f0 e-flex e-con-boxed e-con e-parent\" data-id=\"ab2c1f0\" data-element_type=\"container\" data-e-type=\"container\">\n\t\t\t\t\t<div class=\"e-con-inner\">\n\t\t<div class=\"elementor-element elementor-element-83730a3 e-con-full e-flex e-con e-child\" data-id=\"83730a3\" data-element_type=\"container\" data-e-type=\"container\">\n\t\t\t\t<div class=\"elementor-element elementor-element-f6a9271 elementor-widget elementor-widget-text-editor\" data-id=\"f6a9271\" data-element_type=\"widget\" data-e-type=\"widget\" data-widget_type=\"text-editor.default\">\n\t\t\t\t<div class=\"elementor-widget-container\">\n\t\t\t\t\t\t\t\t\t<p>HelEx est un projet interdisciplinaire et multi-acteurs qui implique \u00e0 la fois des partenaires publics et des participants de l&rsquo;industrie. Il vise \u00e0 identifier des strat\u00e9gies mol\u00e9culaires et g\u00e9n\u00e9tiques pour adapter la culture du tournesol au changement climatique et am\u00e9liorer son empreinte environnementale. Le projet int\u00e8gre les parties prenantes dans l&rsquo;ensemble du processus, notamment dans les \u00e9valuations socio-\u00e9conomiques et les actions de communication.<\/p><p>Les principes d&rsquo;adaptation des esp\u00e8ces sauvages extr\u00e9mophiles d&rsquo;Helianthus seront utilis\u00e9s pour att\u00e9nuer l&rsquo;impact du changement climatique sur le tournesol sur deux aspects : la qualit\u00e9 des mati\u00e8res premi\u00e8res et le service \u00e9cosyst\u00e9mique assur\u00e9 par les pollinisateurs et la biodiversit\u00e9. HelEx exploitera, d&rsquo;une part, les r\u00e9sultats de projets ant\u00e9rieurs portant sur la base g\u00e9n\u00e9tique de la stabilit\u00e9 de la production, caract\u00e9risant de nouveaux haplotypes sauvages. D&rsquo;autre part, le projet identifiera de nouvelles voies g\u00e9n\u00e9tiques en utilisant une approche combin\u00e9e m\u00e9tabolomique, transcriptomique et ph\u00e9nomique.<\/p><p>Le travail est divis\u00e9 en 7 lots, organis\u00e9s comme suit :<\/p>\t\t\t\t\t\t\t\t<\/div>\n\t\t\t\t<\/div>\n\t\t\t\t<\/div>\n\t\t<div class=\"elementor-element elementor-element-585ca7f e-con-full e-flex e-con e-child\" data-id=\"585ca7f\" data-element_type=\"container\" data-e-type=\"container\" data-settings=\"{&quot;background_background&quot;:&quot;classic&quot;}\">\n\t\t\t\t<\/div>\n\t\t\t\t\t<\/div>\n\t\t\t\t<\/div>\n\t\t<div class=\"elementor-element elementor-element-ee1a223 e-flex e-con-boxed e-con e-parent\" data-id=\"ee1a223\" data-element_type=\"container\" data-e-type=\"container\">\n\t\t\t\t\t<div class=\"e-con-inner\">\n\t\t\t\t<div class=\"elementor-element elementor-element-b2a17bf elementor-widget__width-initial elementor-widget elementor-widget-accordion\" data-id=\"b2a17bf\" data-element_type=\"widget\" data-e-type=\"widget\" data-widget_type=\"accordion.default\">\n\t\t\t\t<div class=\"elementor-widget-container\">\n\t\t\t\t\t\t\t<div class=\"elementor-accordion\">\n\t\t\t\t\t\t\t<div class=\"elementor-accordion-item\">\n\t\t\t\t\t<div id=\"elementor-tab-title-1871\" class=\"elementor-tab-title\" data-tab=\"1\" role=\"button\" aria-controls=\"elementor-tab-content-1871\" aria-expanded=\"false\">\n\t\t\t\t\t\t\t\t\t\t\t\t\t<span class=\"elementor-accordion-icon elementor-accordion-icon-left\" aria-hidden=\"true\">\n\t\t\t\t\t\t\t\t\t\t\t\t\t\t\t<span class=\"elementor-accordion-icon-closed\"><i class=\"fas fa-plus\"><\/i><\/span>\n\t\t\t\t\t\t\t\t<span class=\"elementor-accordion-icon-opened\"><i class=\"fas fa-minus\"><\/i><\/span>\n\t\t\t\t\t\t\t\t\t\t\t\t\t\t<\/span>\n\t\t\t\t\t\t\t\t\t\t\t\t<a class=\"elementor-accordion-title\" tabindex=\"0\">WP1 - G\u00e9n\u00e9tique et g\u00e9nomique du tournesol dans les environnements extr\u00eames<\/a>\n\t\t\t\t\t<\/div>\n\t\t\t\t\t<div id=\"elementor-tab-content-1871\" class=\"elementor-tab-content elementor-clearfix\" data-tab=\"1\" role=\"region\" aria-labelledby=\"elementor-tab-title-1871\"><p>Objectifs : Le WP1 vise \u00e0 lancer le d\u00e9veloppement de tournesols adapt\u00e9s \u00e0 des environnements abiotiques extr\u00eames, avec une am\u00e9lioration de la qualit\u00e9 des semences et des services \u00e9cosyst\u00e9miques.<\/p>\n<\/div>\n\t\t\t\t<\/div>\n\t\t\t\t\t\t\t<div class=\"elementor-accordion-item\">\n\t\t\t\t\t<div id=\"elementor-tab-title-1872\" class=\"elementor-tab-title\" data-tab=\"2\" role=\"button\" aria-controls=\"elementor-tab-content-1872\" aria-expanded=\"false\">\n\t\t\t\t\t\t\t\t\t\t\t\t\t<span class=\"elementor-accordion-icon elementor-accordion-icon-left\" aria-hidden=\"true\">\n\t\t\t\t\t\t\t\t\t\t\t\t\t\t\t<span class=\"elementor-accordion-icon-closed\"><i class=\"fas fa-plus\"><\/i><\/span>\n\t\t\t\t\t\t\t\t<span class=\"elementor-accordion-icon-opened\"><i class=\"fas fa-minus\"><\/i><\/span>\n\t\t\t\t\t\t\t\t\t\t\t\t\t\t<\/span>\n\t\t\t\t\t\t\t\t\t\t\t\t<a class=\"elementor-accordion-title\" tabindex=\"0\">WP2 - Innovation : G\u00e9notypes de tournesol r\u00e9silients face au changement climatique<\/a>\n\t\t\t\t\t<\/div>\n\t\t\t\t\t<div id=\"elementor-tab-content-1872\" class=\"elementor-tab-content elementor-clearfix\" data-tab=\"2\" role=\"region\" aria-labelledby=\"elementor-tab-title-1872\"><p>Objectifs : Le WP2 vise \u00e0 g\u00e9n\u00e9rer des vari\u00e9t\u00e9s de tournesol r\u00e9sistantes bas\u00e9es sur les caract\u00e9ristiques identifi\u00e9es dans le WP1.<\/p><p>\u00a0<\/p><\/div>\n\t\t\t\t<\/div>\n\t\t\t\t\t\t\t<div class=\"elementor-accordion-item\">\n\t\t\t\t\t<div id=\"elementor-tab-title-1873\" class=\"elementor-tab-title\" data-tab=\"3\" role=\"button\" aria-controls=\"elementor-tab-content-1873\" aria-expanded=\"false\">\n\t\t\t\t\t\t\t\t\t\t\t\t\t<span class=\"elementor-accordion-icon elementor-accordion-icon-left\" aria-hidden=\"true\">\n\t\t\t\t\t\t\t\t\t\t\t\t\t\t\t<span class=\"elementor-accordion-icon-closed\"><i class=\"fas fa-plus\"><\/i><\/span>\n\t\t\t\t\t\t\t\t<span class=\"elementor-accordion-icon-opened\"><i class=\"fas fa-minus\"><\/i><\/span>\n\t\t\t\t\t\t\t\t\t\t\t\t\t\t<\/span>\n\t\t\t\t\t\t\t\t\t\t\t\t<a class=\"elementor-accordion-title\" tabindex=\"0\">WP3 - \u00c9valuation de l'impact sur l'environnement<\/a>\n\t\t\t\t\t<\/div>\n\t\t\t\t\t<div id=\"elementor-tab-content-1873\" class=\"elementor-tab-content elementor-clearfix\" data-tab=\"3\" role=\"region\" aria-labelledby=\"elementor-tab-title-1873\"><p>Objectifs : Le WP3 explorera les impacts environnementaux des nouvelles vari\u00e9t\u00e9s de tournesol produites \u00e0 diff\u00e9rentes \u00e9chelles.<\/p><\/div>\n\t\t\t\t<\/div>\n\t\t\t\t\t\t\t<div class=\"elementor-accordion-item\">\n\t\t\t\t\t<div id=\"elementor-tab-title-1874\" class=\"elementor-tab-title\" data-tab=\"4\" role=\"button\" aria-controls=\"elementor-tab-content-1874\" aria-expanded=\"false\">\n\t\t\t\t\t\t\t\t\t\t\t\t\t<span class=\"elementor-accordion-icon elementor-accordion-icon-left\" aria-hidden=\"true\">\n\t\t\t\t\t\t\t\t\t\t\t\t\t\t\t<span class=\"elementor-accordion-icon-closed\"><i class=\"fas fa-plus\"><\/i><\/span>\n\t\t\t\t\t\t\t\t<span class=\"elementor-accordion-icon-opened\"><i class=\"fas fa-minus\"><\/i><\/span>\n\t\t\t\t\t\t\t\t\t\t\t\t\t\t<\/span>\n\t\t\t\t\t\t\t\t\t\t\t\t<a class=\"elementor-accordion-title\" tabindex=\"0\">WP4 - \u00c9valuation de l'impact socio-\u00e9conomique aux niveaux micro-, m\u00e9so- et macro-\u00e9conomique<\/a>\n\t\t\t\t\t<\/div>\n\t\t\t\t\t<div id=\"elementor-tab-content-1874\" class=\"elementor-tab-content elementor-clearfix\" data-tab=\"4\" role=\"region\" aria-labelledby=\"elementor-tab-title-1874\"><p>Objectifs : Le WP4 vise \u00e0 \u00e9valuer les impacts socio-\u00e9conomiques des tournesols, du niveau micro (c&rsquo;est-\u00e0-dire les impacts sur les agriculteurs) au niveau macro (c&rsquo;est-\u00e0-dire l&rsquo;\u00e9conomie r\u00e9gionale, nationale et mondiale), en passant par le niveau m\u00e9so (c&rsquo;est-\u00e0-dire le point de vue des producteurs et des consommateurs).<\/p><\/div>\n\t\t\t\t<\/div>\n\t\t\t\t\t\t\t<div class=\"elementor-accordion-item\">\n\t\t\t\t\t<div id=\"elementor-tab-title-1875\" class=\"elementor-tab-title\" data-tab=\"5\" role=\"button\" aria-controls=\"elementor-tab-content-1875\" aria-expanded=\"false\">\n\t\t\t\t\t\t\t\t\t\t\t\t\t<span class=\"elementor-accordion-icon elementor-accordion-icon-left\" aria-hidden=\"true\">\n\t\t\t\t\t\t\t\t\t\t\t\t\t\t\t<span class=\"elementor-accordion-icon-closed\"><i class=\"fas fa-plus\"><\/i><\/span>\n\t\t\t\t\t\t\t\t<span class=\"elementor-accordion-icon-opened\"><i class=\"fas fa-minus\"><\/i><\/span>\n\t\t\t\t\t\t\t\t\t\t\t\t\t\t<\/span>\n\t\t\t\t\t\t\t\t\t\t\t\t<a class=\"elementor-accordion-title\" tabindex=\"0\">WP5 - Engagement des parties prenantes, communication, diffusion et exploitation<\/a>\n\t\t\t\t\t<\/div>\n\t\t\t\t\t<div id=\"elementor-tab-content-1875\" class=\"elementor-tab-content elementor-clearfix\" data-tab=\"5\" role=\"region\" aria-labelledby=\"elementor-tab-title-1875\"><p>Objectifs : Ce WP vise \u00e0 optimiser et renforcer les impacts ainsi que les r\u00e9sultats du projet HelEx.<\/p>\n<\/div>\n\t\t\t\t<\/div>\n\t\t\t\t\t\t\t<div class=\"elementor-accordion-item\">\n\t\t\t\t\t<div id=\"elementor-tab-title-1876\" class=\"elementor-tab-title\" data-tab=\"6\" role=\"button\" aria-controls=\"elementor-tab-content-1876\" aria-expanded=\"false\">\n\t\t\t\t\t\t\t\t\t\t\t\t\t<span class=\"elementor-accordion-icon elementor-accordion-icon-left\" aria-hidden=\"true\">\n\t\t\t\t\t\t\t\t\t\t\t\t\t\t\t<span class=\"elementor-accordion-icon-closed\"><i class=\"fas fa-plus\"><\/i><\/span>\n\t\t\t\t\t\t\t\t<span class=\"elementor-accordion-icon-opened\"><i class=\"fas fa-minus\"><\/i><\/span>\n\t\t\t\t\t\t\t\t\t\t\t\t\t\t<\/span>\n\t\t\t\t\t\t\t\t\t\t\t\t<a class=\"elementor-accordion-title\" tabindex=\"0\">WP6 - Coordination, gestion des donn\u00e9es et des projets<\/a>\n\t\t\t\t\t<\/div>\n\t\t\t\t\t<div id=\"elementor-tab-content-1876\" class=\"elementor-tab-content elementor-clearfix\" data-tab=\"6\" role=\"region\" aria-labelledby=\"elementor-tab-title-1876\"><p>Objectifs : Les objectifs du WP6 sont triples :  <\/p>\n<ul>\n<li>au niveau strat\u00e9gique, pour piloter le projet et veiller \u00e0 ce qu&rsquo;il atteigne ses objectifs et produise des r\u00e9sultats qui g\u00e9n\u00e8rent les effets escompt\u00e9s ;<\/li>\n<li>au niveau op\u00e9rationnel et contractuel, de mettre en place les proc\u00e9dures et les outils n\u00e9cessaires pour garantir que le projet progresse conform\u00e9ment \u00e0 la convention de subvention et \u00e0 l&rsquo;accord de consortium et que le plan de travail du projet produit des r\u00e9sultats de qualit\u00e9 dans les d\u00e9lais impartis ;  <\/li>\n<li>au niveau administratif, organiser les r\u00e9unions de projet et le travail de collaboration, pr\u00e9parer les rapports de projet et assurer une communication interne efficace entre les partenaires.<\/li>\n<\/ul>\n<\/div>\n\t\t\t\t<\/div>\n\t\t\t\t\t\t\t<div class=\"elementor-accordion-item\">\n\t\t\t\t\t<div id=\"elementor-tab-title-1877\" class=\"elementor-tab-title\" data-tab=\"7\" role=\"button\" aria-controls=\"elementor-tab-content-1877\" aria-expanded=\"false\">\n\t\t\t\t\t\t\t\t\t\t\t\t\t<span class=\"elementor-accordion-icon elementor-accordion-icon-left\" aria-hidden=\"true\">\n\t\t\t\t\t\t\t\t\t\t\t\t\t\t\t<span class=\"elementor-accordion-icon-closed\"><i class=\"fas fa-plus\"><\/i><\/span>\n\t\t\t\t\t\t\t\t<span class=\"elementor-accordion-icon-opened\"><i class=\"fas fa-minus\"><\/i><\/span>\n\t\t\t\t\t\t\t\t\t\t\t\t\t\t<\/span>\n\t\t\t\t\t\t\t\t\t\t\t\t<a class=\"elementor-accordion-title\" tabindex=\"0\">WP7 - \u00c9thique<\/a>\n\t\t\t\t\t<\/div>\n\t\t\t\t\t<div id=\"elementor-tab-content-1877\" class=\"elementor-tab-content elementor-clearfix\" data-tab=\"7\" role=\"region\" aria-labelledby=\"elementor-tab-title-1877\"><\/div>\n\t\t\t\t<\/div>\n\t\t\t\t\t\t\t\t<\/div>\n\t\t\t\t\t\t<\/div>\n\t\t\t\t<\/div>\n\t\t\t\t\t<\/div>\n\t\t\t\t<\/div>\n\t\t\t\t<\/div>\n\t\t","protected":false},"excerpt":{"rendered":"<p>HelEx est un projet interdisciplinaire et multi-acteurs qui implique \u00e0 la fois des partenaires publics et des participants de l&rsquo;industrie. Il vise \u00e0 identifier des strat\u00e9gies mol\u00e9culaires et g\u00e9n\u00e9tiques pour adapter la culture du tournesol au changement climatique et am\u00e9liorer son empreinte environnementale. Le projet int\u00e8gre les parties prenantes dans l&rsquo;ensemble du processus, notamment dans [&hellip;]<\/p>\n","protected":false},"author":1,"featured_media":0,"parent":0,"menu_order":0,"comment_status":"closed","ping_status":"closed","template":"","meta":{"footnotes":""},"class_list":["post-750","page","type-page","status-publish","hentry"],"yoast_head":"<!-- This site is optimized with the Yoast SEO plugin v27.3 - https:\/\/yoast.com\/product\/yoast-seo-wordpress\/ -->\n<title>Activit\u00e9s - HelEx Project<\/title>\n<meta name=\"description\" content=\"HelEx est un projet interdisciplinaire et multi-acteurs qui implique \u00e0 la fois des partenaires publics et des participants de l&#039;industrie. Il vise \u00e0\" \/>\n<meta name=\"robots\" content=\"index, follow, max-snippet:-1, max-image-preview:large, max-video-preview:-1\" \/>\n<link rel=\"canonical\" href=\"https:\/\/helexproject.eu\/fr\/activites\/\" \/>\n<meta property=\"og:locale\" content=\"fr_FR\" \/>\n<meta property=\"og:type\" content=\"article\" \/>\n<meta property=\"og:title\" content=\"Activit\u00e9s - HelEx Project\" \/>\n<meta property=\"og:description\" content=\"HelEx est un projet interdisciplinaire et multi-acteurs qui implique \u00e0 la fois des partenaires publics et des participants de l&#039;industrie. Il vise \u00e0\" \/>\n<meta property=\"og:url\" content=\"https:\/\/helexproject.eu\/fr\/activites\/\" \/>\n<meta property=\"og:site_name\" content=\"HelEx Project\" \/>\n<meta property=\"article:modified_time\" content=\"2024-01-24T14:48:09+00:00\" \/>\n<meta name=\"twitter:card\" content=\"summary_large_image\" \/>\n<meta name=\"twitter:site\" content=\"@HelexProject\" \/>\n<meta name=\"twitter:label1\" content=\"Dur\u00e9e de lecture estim\u00e9e\" \/>\n\t<meta name=\"twitter:data1\" content=\"3 minutes\" \/>\n<script type=\"application\/ld+json\" class=\"yoast-schema-graph\">{\"@context\":\"https:\\\/\\\/schema.org\",\"@graph\":[{\"@type\":\"WebPage\",\"@id\":\"https:\\\/\\\/helexproject.eu\\\/fr\\\/activites\\\/\",\"url\":\"https:\\\/\\\/helexproject.eu\\\/fr\\\/activites\\\/\",\"name\":\"Activit\u00e9s - HelEx Project\",\"isPartOf\":{\"@id\":\"https:\\\/\\\/helexproject.eu\\\/fr\\\/#website\"},\"datePublished\":\"2023-11-22T14:57:43+00:00\",\"dateModified\":\"2024-01-24T14:48:09+00:00\",\"description\":\"HelEx est un projet interdisciplinaire et multi-acteurs qui implique \u00e0 la fois des partenaires publics et des participants de l'industrie. Il vise \u00e0\",\"breadcrumb\":{\"@id\":\"https:\\\/\\\/helexproject.eu\\\/fr\\\/activites\\\/#breadcrumb\"},\"inLanguage\":\"fr-FR\",\"potentialAction\":[{\"@type\":\"ReadAction\",\"target\":[\"https:\\\/\\\/helexproject.eu\\\/fr\\\/activites\\\/\"]}]},{\"@type\":\"BreadcrumbList\",\"@id\":\"https:\\\/\\\/helexproject.eu\\\/fr\\\/activites\\\/#breadcrumb\",\"itemListElement\":[{\"@type\":\"ListItem\",\"position\":1,\"name\":\"Home\",\"item\":\"https:\\\/\\\/helexproject.eu\\\/fr\\\/\"},{\"@type\":\"ListItem\",\"position\":2,\"name\":\"Activit\u00e9s\"}]},{\"@type\":\"WebSite\",\"@id\":\"https:\\\/\\\/helexproject.eu\\\/fr\\\/#website\",\"url\":\"https:\\\/\\\/helexproject.eu\\\/fr\\\/\",\"name\":\"HelEx Project\",\"description\":\"Facing climate change with a new generation of sunflowers\",\"publisher\":{\"@id\":\"https:\\\/\\\/helexproject.eu\\\/fr\\\/#organization\"},\"potentialAction\":[{\"@type\":\"SearchAction\",\"target\":{\"@type\":\"EntryPoint\",\"urlTemplate\":\"https:\\\/\\\/helexproject.eu\\\/fr\\\/?s={search_term_string}\"},\"query-input\":{\"@type\":\"PropertyValueSpecification\",\"valueRequired\":true,\"valueName\":\"search_term_string\"}}],\"inLanguage\":\"fr-FR\"},{\"@type\":\"Organization\",\"@id\":\"https:\\\/\\\/helexproject.eu\\\/fr\\\/#organization\",\"name\":\"HelEx Project\",\"url\":\"https:\\\/\\\/helexproject.eu\\\/fr\\\/\",\"logo\":{\"@type\":\"ImageObject\",\"inLanguage\":\"fr-FR\",\"@id\":\"https:\\\/\\\/helexproject.eu\\\/fr\\\/#\\\/schema\\\/logo\\\/image\\\/\",\"url\":\"https:\\\/\\\/helexproject.eu\\\/wp-content\\\/uploads\\\/2023\\\/09\\\/Logo_HelEx_site.svg\",\"contentUrl\":\"https:\\\/\\\/helexproject.eu\\\/wp-content\\\/uploads\\\/2023\\\/09\\\/Logo_HelEx_site.svg\",\"width\":592,\"height\":183,\"caption\":\"HelEx Project\"},\"image\":{\"@id\":\"https:\\\/\\\/helexproject.eu\\\/fr\\\/#\\\/schema\\\/logo\\\/image\\\/\"},\"sameAs\":[\"https:\\\/\\\/x.com\\\/HelexProject\",\"https:\\\/\\\/www.linkedin.com\\\/company\\\/helexproject\"]}]}<\/script>\n<!-- \/ Yoast SEO plugin. -->","yoast_head_json":{"title":"Activit\u00e9s - HelEx Project","description":"HelEx est un projet interdisciplinaire et multi-acteurs qui implique \u00e0 la fois des partenaires publics et des participants de l'industrie. Il vise \u00e0","robots":{"index":"index","follow":"follow","max-snippet":"max-snippet:-1","max-image-preview":"max-image-preview:large","max-video-preview":"max-video-preview:-1"},"canonical":"https:\/\/helexproject.eu\/fr\/activites\/","og_locale":"fr_FR","og_type":"article","og_title":"Activit\u00e9s - HelEx Project","og_description":"HelEx est un projet interdisciplinaire et multi-acteurs qui implique \u00e0 la fois des partenaires publics et des participants de l'industrie. Il vise \u00e0","og_url":"https:\/\/helexproject.eu\/fr\/activites\/","og_site_name":"HelEx Project","article_modified_time":"2024-01-24T14:48:09+00:00","twitter_card":"summary_large_image","twitter_site":"@HelexProject","twitter_misc":{"Dur\u00e9e de lecture estim\u00e9e":"3 minutes"},"schema":{"@context":"https:\/\/schema.org","@graph":[{"@type":"WebPage","@id":"https:\/\/helexproject.eu\/fr\/activites\/","url":"https:\/\/helexproject.eu\/fr\/activites\/","name":"Activit\u00e9s - HelEx Project","isPartOf":{"@id":"https:\/\/helexproject.eu\/fr\/#website"},"datePublished":"2023-11-22T14:57:43+00:00","dateModified":"2024-01-24T14:48:09+00:00","description":"HelEx est un projet interdisciplinaire et multi-acteurs qui implique \u00e0 la fois des partenaires publics et des participants de l'industrie. Il vise \u00e0","breadcrumb":{"@id":"https:\/\/helexproject.eu\/fr\/activites\/#breadcrumb"},"inLanguage":"fr-FR","potentialAction":[{"@type":"ReadAction","target":["https:\/\/helexproject.eu\/fr\/activites\/"]}]},{"@type":"BreadcrumbList","@id":"https:\/\/helexproject.eu\/fr\/activites\/#breadcrumb","itemListElement":[{"@type":"ListItem","position":1,"name":"Home","item":"https:\/\/helexproject.eu\/fr\/"},{"@type":"ListItem","position":2,"name":"Activit\u00e9s"}]},{"@type":"WebSite","@id":"https:\/\/helexproject.eu\/fr\/#website","url":"https:\/\/helexproject.eu\/fr\/","name":"HelEx Project","description":"Facing climate change with a new generation of sunflowers","publisher":{"@id":"https:\/\/helexproject.eu\/fr\/#organization"},"potentialAction":[{"@type":"SearchAction","target":{"@type":"EntryPoint","urlTemplate":"https:\/\/helexproject.eu\/fr\/?s={search_term_string}"},"query-input":{"@type":"PropertyValueSpecification","valueRequired":true,"valueName":"search_term_string"}}],"inLanguage":"fr-FR"},{"@type":"Organization","@id":"https:\/\/helexproject.eu\/fr\/#organization","name":"HelEx Project","url":"https:\/\/helexproject.eu\/fr\/","logo":{"@type":"ImageObject","inLanguage":"fr-FR","@id":"https:\/\/helexproject.eu\/fr\/#\/schema\/logo\/image\/","url":"https:\/\/helexproject.eu\/wp-content\/uploads\/2023\/09\/Logo_HelEx_site.svg","contentUrl":"https:\/\/helexproject.eu\/wp-content\/uploads\/2023\/09\/Logo_HelEx_site.svg","width":592,"height":183,"caption":"HelEx Project"},"image":{"@id":"https:\/\/helexproject.eu\/fr\/#\/schema\/logo\/image\/"},"sameAs":["https:\/\/x.com\/HelexProject","https:\/\/www.linkedin.com\/company\/helexproject"]}]}},"_links":{"self":[{"href":"https:\/\/helexproject.eu\/fr\/wp-json\/wp\/v2\/pages\/750","targetHints":{"allow":["GET"]}}],"collection":[{"href":"https:\/\/helexproject.eu\/fr\/wp-json\/wp\/v2\/pages"}],"about":[{"href":"https:\/\/helexproject.eu\/fr\/wp-json\/wp\/v2\/types\/page"}],"author":[{"embeddable":true,"href":"https:\/\/helexproject.eu\/fr\/wp-json\/wp\/v2\/users\/1"}],"replies":[{"embeddable":true,"href":"https:\/\/helexproject.eu\/fr\/wp-json\/wp\/v2\/comments?post=750"}],"version-history":[{"count":6,"href":"https:\/\/helexproject.eu\/fr\/wp-json\/wp\/v2\/pages\/750\/revisions"}],"predecessor-version":[{"id":777,"href":"https:\/\/helexproject.eu\/fr\/wp-json\/wp\/v2\/pages\/750\/revisions\/777"}],"wp:attachment":[{"href":"https:\/\/helexproject.eu\/fr\/wp-json\/wp\/v2\/media?parent=750"}],"curies":[{"name":"wp","href":"https:\/\/api.w.org\/{rel}","templated":true}]}}