 {"id":754,"date":"2023-09-20T17:09:17","date_gmt":"2023-09-20T15:09:17","guid":{"rendered":"https:\/\/helexproject.eu\/contact\/"},"modified":"2024-01-23T16:08:49","modified_gmt":"2024-01-23T15:08:49","slug":"contact","status":"publish","type":"page","link":"https:\/\/helexproject.eu\/fr\/contact\/","title":{"rendered":"Contact"},"content":{"rendered":"\t\t<div data-elementor-type=\"wp-page\" data-elementor-id=\"754\" class=\"elementor elementor-754 elementor-161\" data-elementor-post-type=\"page\">\n\t\t\t\t<div class=\"elementor-element elementor-element-2eefc6df e-flex e-con-boxed e-con e-parent\" data-id=\"2eefc6df\" data-element_type=\"container\" data-settings=\"{&quot;background_background&quot;:&quot;classic&quot;}\">\n\t\t\t\t\t<div class=\"e-con-inner\">\n\t\t<div class=\"elementor-element elementor-element-507256d0 e-flex e-con-boxed e-con e-child\" data-id=\"507256d0\" data-element_type=\"container\">\n\t\t\t\t\t<div class=\"e-con-inner\">\n\t\t\t\t<div class=\"elementor-element elementor-element-53c1b20b elementor-widget elementor-widget-heading\" data-id=\"53c1b20b\" data-element_type=\"widget\" data-widget_type=\"heading.default\">\n\t\t\t\t<div class=\"elementor-widget-container\">\n\t\t\t\t\t<h1 class=\"elementor-heading-title elementor-size-default\">Contact<\/h1>\t\t\t\t<\/div>\n\t\t\t\t<\/div>\n\t\t\t\t\t<\/div>\n\t\t\t\t<\/div>\n\t\t\t\t\t<\/div>\n\t\t\t\t<\/div>\n\t\t<div class=\"elementor-element elementor-element-7bd49f0 e-con-full e-flex e-con e-parent\" data-id=\"7bd49f0\" data-element_type=\"container\" data-settings=\"{&quot;background_background&quot;:&quot;classic&quot;}\">\n\t\t<div class=\"elementor-element elementor-element-7a7da2e1 e-con-full e-flex e-con e-child\" data-id=\"7a7da2e1\" data-element_type=\"container\" data-settings=\"{&quot;background_background&quot;:&quot;classic&quot;}\">\n\t\t\t\t<\/div>\n\t\t<div class=\"elementor-element elementor-element-60569715 e-con-full e-flex e-con e-child\" data-id=\"60569715\" data-element_type=\"container\">\n\t\t\t\t<div class=\"elementor-element elementor-element-46cc28f elementor-widget elementor-widget-text-editor\" data-id=\"46cc28f\" data-element_type=\"widget\" data-widget_type=\"text-editor.default\">\n\t\t\t\t<div class=\"elementor-widget-container\">\n\t\t\t\t\t\t\t\t\t<p>N&rsquo;h\u00e9sitez pas \u00e0 nous contacter ! Que vous ayez une question, un commentaire ou que vous souhaitiez simplement nous dire bonjour, utilisez le formulaire ci-dessous pour nous contacter.<\/p>\n\t\t\t\t\t\t\t\t<\/div>\n\t\t\t\t<\/div>\n\t\t\t\t<div class=\"elementor-element elementor-element-17cc5281 elementor-button-align-start elementor-tablet-button-align-center elementor-widget elementor-widget-form\" data-id=\"17cc5281\" data-element_type=\"widget\" data-settings=\"{&quot;step_next_label&quot;:&quot;Suivant&quot;,&quot;step_previous_label&quot;:&quot;Pr\\u00e9c\\u00e9dent&quot;,&quot;button_width&quot;:&quot;100&quot;,&quot;step_type&quot;:&quot;number_text&quot;,&quot;step_icon_shape&quot;:&quot;circle&quot;}\" data-widget_type=\"form.default\">\n\t\t\t\t<div class=\"elementor-widget-container\">\n\t\t\t\t\t\t\t<form class=\"elementor-form\" method=\"post\" name=\"Formulaire de contact\" aria-label=\"Formulaire de contact\">\n\t\t\t<input type=\"hidden\" name=\"post_id\" value=\"754\"\/>\n\t\t\t<input type=\"hidden\" name=\"form_id\" value=\"17cc5281\"\/>\n\t\t\t<input type=\"hidden\" name=\"referer_title\" value=\"Contact - HelEx Project\" \/>\n\n\t\t\t\t\t\t\t<input type=\"hidden\" name=\"queried_id\" value=\"754\"\/>\n\t\t\t\n\t\t\t<div class=\"elementor-form-fields-wrapper elementor-labels-\">\n\t\t\t\t\t\t\t\t<div class=\"elementor-field-type-text elementor-field-group elementor-column elementor-field-group-name elementor-col-50 elementor-field-required\">\n\t\t\t\t\t\t\t\t\t\t\t\t<label for=\"form-field-name\" class=\"elementor-field-label elementor-screen-only\">\n\t\t\t\t\t\t\t\tVotre nom\t\t\t\t\t\t\t<\/label>\n\t\t\t\t\t\t\t\t\t\t\t\t\t\t<input size=\"1\" type=\"text\" name=\"form_fields[name]\" id=\"form-field-name\" class=\"elementor-field elementor-size-sm  elementor-field-textual\" placeholder=\"Votre nom*\" required=\"required\">\n\t\t\t\t\t\t\t\t\t\t\t<\/div>\n\t\t\t\t\t\t\t\t<div class=\"elementor-field-type-text elementor-field-group elementor-column elementor-field-group-field_b743cd7 elementor-col-50 elementor-field-required\">\n\t\t\t\t\t\t\t\t\t\t\t\t<label for=\"form-field-field_b743cd7\" class=\"elementor-field-label elementor-screen-only\">\n\t\t\t\t\t\t\t\tNom de famille\t\t\t\t\t\t\t<\/label>\n\t\t\t\t\t\t\t\t\t\t\t\t\t\t<input size=\"1\" type=\"text\" name=\"form_fields[field_b743cd7]\" id=\"form-field-field_b743cd7\" class=\"elementor-field elementor-size-sm  elementor-field-textual\" placeholder=\"Nom de famille*\" required=\"required\">\n\t\t\t\t\t\t\t\t\t\t\t<\/div>\n\t\t\t\t\t\t\t\t<div class=\"elementor-field-type-tel elementor-field-group elementor-column elementor-field-group-field_6c180a9 elementor-col-50 elementor-field-required\">\n\t\t\t\t\t\t\t\t\t\t\t\t<label for=\"form-field-field_6c180a9\" class=\"elementor-field-label elementor-screen-only\">\n\t\t\t\t\t\t\t\tNum\u00e9ro de t\u00e9l\u00e9phone\t\t\t\t\t\t\t<\/label>\n\t\t\t\t\t\t\t\t<input size=\"1\" type=\"tel\" name=\"form_fields[field_6c180a9]\" id=\"form-field-field_6c180a9\" class=\"elementor-field elementor-size-sm  elementor-field-textual\" placeholder=\"Num\u00e9ro de t\u00e9l\u00e9phone*\" required=\"required\" pattern=\"[0-9()#&amp;+*-=.]+\" title=\"Seuls les caract\u00e8res de num\u00e9ros de t\u00e9l\u00e9phone (#, -, *, etc.) sont accept\u00e9s.\">\n\n\t\t\t\t\t\t<\/div>\n\t\t\t\t\t\t\t\t<div class=\"elementor-field-type-email elementor-field-group elementor-column elementor-field-group-email elementor-col-50 elementor-field-required\">\n\t\t\t\t\t\t\t\t\t\t\t\t<label for=\"form-field-email\" class=\"elementor-field-label elementor-screen-only\">\n\t\t\t\t\t\t\t\tCourriel\t\t\t\t\t\t\t<\/label>\n\t\t\t\t\t\t\t\t\t\t\t\t\t\t<input size=\"1\" type=\"email\" name=\"form_fields[email]\" id=\"form-field-email\" class=\"elementor-field elementor-size-sm  elementor-field-textual\" placeholder=\"Courriel*\" required=\"required\">\n\t\t\t\t\t\t\t\t\t\t\t<\/div>\n\t\t\t\t\t\t\t\t<div class=\"elementor-field-type-textarea elementor-field-group elementor-column elementor-field-group-message elementor-col-100\">\n\t\t\t\t\t\t\t\t\t\t\t\t<label for=\"form-field-message\" class=\"elementor-field-label elementor-screen-only\">\n\t\t\t\t\t\t\t\tMessage\t\t\t\t\t\t\t<\/label>\n\t\t\t\t\t\t<textarea class=\"elementor-field-textual elementor-field  elementor-size-sm\" name=\"form_fields[message]\" id=\"form-field-message\" rows=\"4\" placeholder=\"Message\"><\/textarea>\t\t\t\t<\/div>\n\t\t\t\t\t\t\t\t<div class=\"elementor-field-group elementor-column elementor-field-type-submit elementor-col-100 e-form__buttons\">\n\t\t\t\t\t<button class=\"elementor-button elementor-size-sm\" type=\"submit\">\n\t\t\t\t\t\t<span class=\"elementor-button-content-wrapper\">\n\t\t\t\t\t\t\t\t\t\t\t\t\t\t\t\t\t\t\t\t\t\t<span class=\"elementor-button-text\">Soumettre<\/span>\n\t\t\t\t\t\t\t\t\t\t\t\t\t<\/span>\n\t\t\t\t\t<\/button>\n\t\t\t\t<\/div>\n\t\t\t<\/div>\n\t\t<\/form>\n\t\t\t\t\t\t<\/div>\n\t\t\t\t<\/div>\n\t\t\t\t<\/div>\n\t\t\t\t<\/div>\n\t\t\t\t<\/div>\n\t\t","protected":false},"excerpt":{"rendered":"<p>N&rsquo;h\u00e9sitez pas \u00e0 nous contacter ! Que vous ayez une question, un commentaire ou que vous souhaitiez simplement nous dire bonjour, utilisez le formulaire ci-dessous pour nous contacter.<\/p>\n","protected":false},"author":1,"featured_media":0,"parent":0,"menu_order":0,"comment_status":"closed","ping_status":"closed","template":"","meta":{"footnotes":""},"class_list":["post-754","page","type-page","status-publish","hentry"],"yoast_head":"<!-- This site is optimized with the Yoast SEO plugin v26.6 - https:\/\/yoast.com\/wordpress\/plugins\/seo\/ -->\n<title>Contact - HelEx Project<\/title>\n<meta name=\"description\" content=\"N&#039;h\u00e9sitez pas \u00e0 nous contacter ! Que vous ayez une question, un commentaire ou que vous souhaitiez simplement nous dire bonjour, utilisez le formulaire\" \/>\n<meta name=\"robots\" content=\"index, follow, max-snippet:-1, max-image-preview:large, max-video-preview:-1\" \/>\n<link rel=\"canonical\" href=\"https:\/\/helexproject.eu\/fr\/contact\/\" \/>\n<meta property=\"og:locale\" content=\"fr_FR\" \/>\n<meta property=\"og:type\" content=\"article\" \/>\n<meta property=\"og:title\" content=\"Contact - HelEx Project\" \/>\n<meta property=\"og:description\" content=\"N&#039;h\u00e9sitez pas \u00e0 nous contacter ! Que vous ayez une question, un commentaire ou que vous souhaitiez simplement nous dire bonjour, utilisez le formulaire\" \/>\n<meta property=\"og:url\" content=\"https:\/\/helexproject.eu\/fr\/contact\/\" \/>\n<meta property=\"og:site_name\" content=\"HelEx Project\" \/>\n<meta property=\"article:modified_time\" content=\"2024-01-23T15:08:49+00:00\" \/>\n<meta name=\"twitter:card\" content=\"summary_large_image\" \/>\n<meta name=\"twitter:site\" content=\"@HelexProject\" \/>\n<script type=\"application\/ld+json\" class=\"yoast-schema-graph\">{\"@context\":\"https:\/\/schema.org\",\"@graph\":[{\"@type\":\"WebPage\",\"@id\":\"https:\/\/helexproject.eu\/fr\/contact\/\",\"url\":\"https:\/\/helexproject.eu\/fr\/contact\/\",\"name\":\"Contact - HelEx Project\",\"isPartOf\":{\"@id\":\"https:\/\/helexproject.eu\/fr\/#website\"},\"datePublished\":\"2023-09-20T15:09:17+00:00\",\"dateModified\":\"2024-01-23T15:08:49+00:00\",\"description\":\"N'h\u00e9sitez pas \u00e0 nous contacter ! Que vous ayez une question, un commentaire ou que vous souhaitiez simplement nous dire bonjour, utilisez le formulaire\",\"breadcrumb\":{\"@id\":\"https:\/\/helexproject.eu\/fr\/contact\/#breadcrumb\"},\"inLanguage\":\"fr-FR\",\"potentialAction\":[{\"@type\":\"ReadAction\",\"target\":[\"https:\/\/helexproject.eu\/fr\/contact\/\"]}]},{\"@type\":\"BreadcrumbList\",\"@id\":\"https:\/\/helexproject.eu\/fr\/contact\/#breadcrumb\",\"itemListElement\":[{\"@type\":\"ListItem\",\"position\":1,\"name\":\"Home\",\"item\":\"https:\/\/helexproject.eu\/fr\/\"},{\"@type\":\"ListItem\",\"position\":2,\"name\":\"Contact\"}]},{\"@type\":\"WebSite\",\"@id\":\"https:\/\/helexproject.eu\/fr\/#website\",\"url\":\"https:\/\/helexproject.eu\/fr\/\",\"name\":\"HelEx Project\",\"description\":\"Facing climate change with a new generation of sunflowers\",\"publisher\":{\"@id\":\"https:\/\/helexproject.eu\/fr\/#organization\"},\"potentialAction\":[{\"@type\":\"SearchAction\",\"target\":{\"@type\":\"EntryPoint\",\"urlTemplate\":\"https:\/\/helexproject.eu\/fr\/?s={search_term_string}\"},\"query-input\":{\"@type\":\"PropertyValueSpecification\",\"valueRequired\":true,\"valueName\":\"search_term_string\"}}],\"inLanguage\":\"fr-FR\"},{\"@type\":\"Organization\",\"@id\":\"https:\/\/helexproject.eu\/fr\/#organization\",\"name\":\"HelEx Project\",\"url\":\"https:\/\/helexproject.eu\/fr\/\",\"logo\":{\"@type\":\"ImageObject\",\"inLanguage\":\"fr-FR\",\"@id\":\"https:\/\/helexproject.eu\/fr\/#\/schema\/logo\/image\/\",\"url\":\"https:\/\/helexproject.eu\/wp-content\/uploads\/2023\/09\/Logo_HelEx_site.svg\",\"contentUrl\":\"https:\/\/helexproject.eu\/wp-content\/uploads\/2023\/09\/Logo_HelEx_site.svg\",\"width\":592,\"height\":183,\"caption\":\"HelEx Project\"},\"image\":{\"@id\":\"https:\/\/helexproject.eu\/fr\/#\/schema\/logo\/image\/\"},\"sameAs\":[\"https:\/\/x.com\/HelexProject\",\"https:\/\/www.linkedin.com\/company\/helexproject\"]}]}<\/script>\n<!-- \/ Yoast SEO plugin. -->","yoast_head_json":{"title":"Contact - HelEx Project","description":"N'h\u00e9sitez pas \u00e0 nous contacter ! Que vous ayez une question, un commentaire ou que vous souhaitiez simplement nous dire bonjour, utilisez le formulaire","robots":{"index":"index","follow":"follow","max-snippet":"max-snippet:-1","max-image-preview":"max-image-preview:large","max-video-preview":"max-video-preview:-1"},"canonical":"https:\/\/helexproject.eu\/fr\/contact\/","og_locale":"fr_FR","og_type":"article","og_title":"Contact - HelEx Project","og_description":"N'h\u00e9sitez pas \u00e0 nous contacter ! Que vous ayez une question, un commentaire ou que vous souhaitiez simplement nous dire bonjour, utilisez le formulaire","og_url":"https:\/\/helexproject.eu\/fr\/contact\/","og_site_name":"HelEx Project","article_modified_time":"2024-01-23T15:08:49+00:00","twitter_card":"summary_large_image","twitter_site":"@HelexProject","schema":{"@context":"https:\/\/schema.org","@graph":[{"@type":"WebPage","@id":"https:\/\/helexproject.eu\/fr\/contact\/","url":"https:\/\/helexproject.eu\/fr\/contact\/","name":"Contact - HelEx Project","isPartOf":{"@id":"https:\/\/helexproject.eu\/fr\/#website"},"datePublished":"2023-09-20T15:09:17+00:00","dateModified":"2024-01-23T15:08:49+00:00","description":"N'h\u00e9sitez pas \u00e0 nous contacter ! Que vous ayez une question, un commentaire ou que vous souhaitiez simplement nous dire bonjour, utilisez le formulaire","breadcrumb":{"@id":"https:\/\/helexproject.eu\/fr\/contact\/#breadcrumb"},"inLanguage":"fr-FR","potentialAction":[{"@type":"ReadAction","target":["https:\/\/helexproject.eu\/fr\/contact\/"]}]},{"@type":"BreadcrumbList","@id":"https:\/\/helexproject.eu\/fr\/contact\/#breadcrumb","itemListElement":[{"@type":"ListItem","position":1,"name":"Home","item":"https:\/\/helexproject.eu\/fr\/"},{"@type":"ListItem","position":2,"name":"Contact"}]},{"@type":"WebSite","@id":"https:\/\/helexproject.eu\/fr\/#website","url":"https:\/\/helexproject.eu\/fr\/","name":"HelEx Project","description":"Facing climate change with a new generation of sunflowers","publisher":{"@id":"https:\/\/helexproject.eu\/fr\/#organization"},"potentialAction":[{"@type":"SearchAction","target":{"@type":"EntryPoint","urlTemplate":"https:\/\/helexproject.eu\/fr\/?s={search_term_string}"},"query-input":{"@type":"PropertyValueSpecification","valueRequired":true,"valueName":"search_term_string"}}],"inLanguage":"fr-FR"},{"@type":"Organization","@id":"https:\/\/helexproject.eu\/fr\/#organization","name":"HelEx Project","url":"https:\/\/helexproject.eu\/fr\/","logo":{"@type":"ImageObject","inLanguage":"fr-FR","@id":"https:\/\/helexproject.eu\/fr\/#\/schema\/logo\/image\/","url":"https:\/\/helexproject.eu\/wp-content\/uploads\/2023\/09\/Logo_HelEx_site.svg","contentUrl":"https:\/\/helexproject.eu\/wp-content\/uploads\/2023\/09\/Logo_HelEx_site.svg","width":592,"height":183,"caption":"HelEx Project"},"image":{"@id":"https:\/\/helexproject.eu\/fr\/#\/schema\/logo\/image\/"},"sameAs":["https:\/\/x.com\/HelexProject","https:\/\/www.linkedin.com\/company\/helexproject"]}]}},"_links":{"self":[{"href":"https:\/\/helexproject.eu\/fr\/wp-json\/wp\/v2\/pages\/754","targetHints":{"allow":["GET"]}}],"collection":[{"href":"https:\/\/helexproject.eu\/fr\/wp-json\/wp\/v2\/pages"}],"about":[{"href":"https:\/\/helexproject.eu\/fr\/wp-json\/wp\/v2\/types\/page"}],"author":[{"embeddable":true,"href":"https:\/\/helexproject.eu\/fr\/wp-json\/wp\/v2\/users\/1"}],"replies":[{"embeddable":true,"href":"https:\/\/helexproject.eu\/fr\/wp-json\/wp\/v2\/comments?post=754"}],"version-history":[{"count":3,"href":"https:\/\/helexproject.eu\/fr\/wp-json\/wp\/v2\/pages\/754\/revisions"}],"predecessor-version":[{"id":757,"href":"https:\/\/helexproject.eu\/fr\/wp-json\/wp\/v2\/pages\/754\/revisions\/757"}],"wp:attachment":[{"href":"https:\/\/helexproject.eu\/fr\/wp-json\/wp\/v2\/media?parent=754"}],"curies":[{"name":"wp","href":"https:\/\/api.w.org\/{rel}","templated":true}]}}